{"id":16101,"date":"2022-07-24T15:30:27","date_gmt":"2022-07-24T15:30:27","guid":{"rendered":"https:\/\/karwork.eu\/?post_type=product&#038;p=16101"},"modified":"2023-12-16T16:54:23","modified_gmt":"2023-12-16T16:54:23","slug":"bucket-reclinable","status":"publish","type":"product","link":"https:\/\/karwork.eu\/pt\/product\/bucket-reclinable\/","title":{"rendered":"Bucket reclinable &#8211; NRG Innovations"},"content":{"rendered":"","protected":false},"excerpt":{"rendered":"<p>Lo m\u00e1s avanzado que puede llegar a ser un bucket reclinable. Este bucket cuenta con pernos de gran apoyo y un respaldo ajustable, lo que le brinda la capacidad de marcar en la posici\u00f3n de conducci\u00f3n perfecta para su situaci\u00f3n. Disponible bajo pedido.<\/p>\n<p>&nbsp;<\/p>\n<p><strong>Os produtos NRG Innovations destinam-se apenas ao uso fora da rua.<\/strong><\/p>","protected":false},"featured_media":16102,"comment_status":"open","ping_status":"closed","template":"","meta":{"_acf_changed":false,"rank_math_lock_modified_date":false},"pwb-brand":[611],"product_cat":[2231],"product_tag":[683,623],"class_list":{"0":"post-16101","1":"product","2":"type-product","3":"status-publish","4":"has-post-thumbnail","6":"pwb-brand-nrg-innovations","7":"product_cat-reclinable","8":"product_tag-buckets","9":"product_tag-nrg-innovations","10":"product_shipping_class-pesados","12":"first","13":"instock","14":"taxable","15":"shipping-taxable","16":"purchasable","17":"product-type-simple"},"acf":[],"brands":[{"id":611,"name":"NRG Innovations","slug":"nrg-innovations"}],"_links":{"self":[{"href":"https:\/\/karwork.eu\/pt\/wp-json\/wp\/v2\/product\/16101","targetHints":{"allow":["GET"]}}],"collection":[{"href":"https:\/\/karwork.eu\/pt\/wp-json\/wp\/v2\/product"}],"about":[{"href":"https:\/\/karwork.eu\/pt\/wp-json\/wp\/v2\/types\/product"}],"replies":[{"embeddable":true,"href":"https:\/\/karwork.eu\/pt\/wp-json\/wp\/v2\/comments?post=16101"}],"wp:featuredmedia":[{"embeddable":true,"href":"https:\/\/karwork.eu\/pt\/wp-json\/wp\/v2\/media\/16102"}],"wp:attachment":[{"href":"https:\/\/karwork.eu\/pt\/wp-json\/wp\/v2\/media?parent=16101"}],"wp:term":[{"taxonomy":"pwb-brand","embeddable":true,"href":"https:\/\/karwork.eu\/pt\/wp-json\/wp\/v2\/pwb-brand?post=16101"},{"taxonomy":"product_cat","embeddable":true,"href":"https:\/\/karwork.eu\/pt\/wp-json\/wp\/v2\/product_cat?post=16101"},{"taxonomy":"product_tag","embeddable":true,"href":"https:\/\/karwork.eu\/pt\/wp-json\/wp\/v2\/product_tag?post=16101"}],"curies":[{"name":"wp","href":"https:\/\/api.w.org\/{rel}","templated":true}]}}