{"id":15752,"date":"2022-07-18T08:49:44","date_gmt":"2022-07-18T08:49:44","guid":{"rendered":"https:\/\/karwork.eu\/?post_type=product&#038;p=15752"},"modified":"2024-03-11T22:23:17","modified_gmt":"2024-03-11T22:23:17","slug":"buckets-prisma-ultra-tormenta","status":"publish","type":"product","link":"https:\/\/karwork.eu\/pt\/product\/buckets-prisma-ultra-tormenta\/","title":{"rendered":"Buckets Prisma Ultra Tormenta &#8211; NRG Innovations"},"content":{"rendered":"","protected":false},"excerpt":{"rendered":"<p>Baldes que oferecem conforto e inova\u00e7\u00e3o incompar\u00e1veis com dupla camada de FRP, compatibilidade com arneses de 5 pontos e encosto cinza. Envolto em material de cetim vegano e isolado com espuma de densidade mista selecionada \u00e0 m\u00e3o. Dois bolsos de arruma\u00e7\u00e3o localizados nas almofadas dos bancos dianteiros, a um pre\u00e7o acess\u00edvel. Suporte de montagem inferior universal inclu\u00eddo. Estampa mix cinza, acabamento vegano acetinado com bordado ULTRA, nos tamanhos M e L. Dispon\u00edvel sob consulta.<\/p>\n<p>&nbsp;<\/p>\n<p><strong>Os produtos NRG Innovations destinam-se apenas ao uso fora da rua.<\/strong><\/p>","protected":false},"featured_media":15759,"comment_status":"open","ping_status":"closed","template":"","meta":{"_acf_changed":false,"rank_math_lock_modified_date":false},"pwb-brand":[611],"product_cat":[3242],"product_tag":[683,623],"class_list":{"0":"post-15752","1":"product","2":"type-product","3":"status-publish","4":"has-post-thumbnail","6":"pwb-brand-nrg-innovations","7":"product_cat-estampado","8":"product_tag-buckets","9":"product_tag-nrg-innovations","10":"product_shipping_class-pesados","12":"first","13":"instock","14":"taxable","15":"shipping-taxable","16":"purchasable","17":"product-type-variable"},"acf":[],"brands":[{"id":611,"name":"NRG Innovations","slug":"nrg-innovations"}],"_links":{"self":[{"href":"https:\/\/karwork.eu\/pt\/wp-json\/wp\/v2\/product\/15752","targetHints":{"allow":["GET"]}}],"collection":[{"href":"https:\/\/karwork.eu\/pt\/wp-json\/wp\/v2\/product"}],"about":[{"href":"https:\/\/karwork.eu\/pt\/wp-json\/wp\/v2\/types\/product"}],"replies":[{"embeddable":true,"href":"https:\/\/karwork.eu\/pt\/wp-json\/wp\/v2\/comments?post=15752"}],"wp:featuredmedia":[{"embeddable":true,"href":"https:\/\/karwork.eu\/pt\/wp-json\/wp\/v2\/media\/15759"}],"wp:attachment":[{"href":"https:\/\/karwork.eu\/pt\/wp-json\/wp\/v2\/media?parent=15752"}],"wp:term":[{"taxonomy":"pwb-brand","embeddable":true,"href":"https:\/\/karwork.eu\/pt\/wp-json\/wp\/v2\/pwb-brand?post=15752"},{"taxonomy":"product_cat","embeddable":true,"href":"https:\/\/karwork.eu\/pt\/wp-json\/wp\/v2\/product_cat?post=15752"},{"taxonomy":"product_tag","embeddable":true,"href":"https:\/\/karwork.eu\/pt\/wp-json\/wp\/v2\/product_tag?post=15752"}],"curies":[{"name":"wp","href":"https:\/\/api.w.org\/{rel}","templated":true}]}}