{"id":15679,"date":"2022-07-16T15:26:49","date_gmt":"2022-07-16T15:26:49","guid":{"rendered":"https:\/\/karwork.eu\/?post_type=product&#038;p=15679"},"modified":"2024-04-07T21:29:03","modified_gmt":"2024-04-07T21:29:03","slug":"sfi-key-quick-release-extraible-rapido-para-volante-5","status":"publish","type":"product","link":"https:\/\/karwork.eu\/pt\/product\/sfi-key-quick-release-extraible-rapido-para-volante-5\/","title":{"rendered":"SFI Key Quick Release Extraible R\u00e1pido Purple para volante"},"content":{"rendered":"","protected":false},"excerpt":{"rendered":"<p>SFI Key Quick Release Extraible R\u00e1pido Purple &#8211; El modelo SFI Quick Release aprobado por SFI, ignifugo y algo m\u00e1s corto al resto de modelos,en concreto con 1.8&#8243; de profundidad y ultra ligero. Presenta muchas opciones que el sistema convencional de liberaci\u00f3n r\u00e1pida con bloqueo de bola no ofrece. Sin bocina, patr\u00f3n de pernos de 6&#215;70 mm.<\/p>\n<p>&nbsp;<\/p>\n<p><strong>Os produtos NRG Innovations destinam-se apenas ao uso fora da rua.<\/strong><\/p>","protected":false},"featured_media":15663,"comment_status":"open","ping_status":"closed","template":"","meta":{"_acf_changed":false,"rank_math_lock_modified_date":false},"pwb-brand":[611],"product_cat":[3546,2247],"product_tag":[647,623,648,3554],"class_list":{"0":"post-15679","1":"product","2":"type-product","3":"status-publish","4":"has-post-thumbnail","6":"pwb-brand-nrg-innovations","7":"product_cat-sfi-key","8":"product_cat-sim-racing-x-nrg-innovations","9":"product_tag-extraibles","10":"product_tag-nrg-innovations","11":"product_tag-quick-release","12":"product_tag-sfi-key-quick-release-extraible-rapido-purple","14":"first","15":"instock","16":"taxable","17":"shipping-taxable","18":"purchasable","19":"product-type-simple"},"acf":[],"brands":[{"id":611,"name":"NRG Innovations","slug":"nrg-innovations"}],"_links":{"self":[{"href":"https:\/\/karwork.eu\/pt\/wp-json\/wp\/v2\/product\/15679","targetHints":{"allow":["GET"]}}],"collection":[{"href":"https:\/\/karwork.eu\/pt\/wp-json\/wp\/v2\/product"}],"about":[{"href":"https:\/\/karwork.eu\/pt\/wp-json\/wp\/v2\/types\/product"}],"replies":[{"embeddable":true,"href":"https:\/\/karwork.eu\/pt\/wp-json\/wp\/v2\/comments?post=15679"}],"wp:featuredmedia":[{"embeddable":true,"href":"https:\/\/karwork.eu\/pt\/wp-json\/wp\/v2\/media\/15663"}],"wp:attachment":[{"href":"https:\/\/karwork.eu\/pt\/wp-json\/wp\/v2\/media?parent=15679"}],"wp:term":[{"taxonomy":"pwb-brand","embeddable":true,"href":"https:\/\/karwork.eu\/pt\/wp-json\/wp\/v2\/pwb-brand?post=15679"},{"taxonomy":"product_cat","embeddable":true,"href":"https:\/\/karwork.eu\/pt\/wp-json\/wp\/v2\/product_cat?post=15679"},{"taxonomy":"product_tag","embeddable":true,"href":"https:\/\/karwork.eu\/pt\/wp-json\/wp\/v2\/product_tag?post=15679"}],"curies":[{"name":"wp","href":"https:\/\/api.w.org\/{rel}","templated":true}]}}