{"id":15420,"date":"2022-07-10T15:56:43","date_gmt":"2022-07-10T15:56:43","guid":{"rendered":"https:\/\/karwork.eu\/?post_type=product&#038;p=15420"},"modified":"2024-05-18T17:19:20","modified_gmt":"2024-05-18T17:19:20","slug":"2-5-quick-release-extraible-rapido-para-volante-18","status":"publish","type":"product","link":"https:\/\/karwork.eu\/pt\/product\/2-5-quick-release-extraible-rapido-para-volante-18\/","title":{"rendered":"2.5 Quick Release Extraible R\u00e1pido Grey para volante"},"content":{"rendered":"","protected":false},"excerpt":{"rendered":"<p>2.5 Quick Release Extraible R\u00e1pido Grey &#8211; La Generaci\u00f3n 2.5. es una extensi\u00f3n del 2.0., el Quick Release m\u00e1s vendida de 2.5&#8243;, en este caso con una extensi\u00f3n de paleta para ayudar a quitar el volante, presenta muchas opciones que el sistema convencional de liberaci\u00f3n r\u00e1pida con bloqueo de bola no ofrece. Est\u00e1 especialmente dise\u00f1ada con secciones elevadas para evitar que se raye y se estire, mientras que una funci\u00f3n de bloqueo autom\u00e1tico agrega mayor seguridad y funcionalidad. Cada unidad est\u00e1 hecha de aluminio 6061 de la m\u00e1s alta calidad y est\u00e1 anodizada para una m\u00e1xima durabilidad y acabado. Cables de bocina incluidos, patr\u00f3n de pernos de 6&#215;70 mm y 6&#215;74 mm del lado del volante.<\/p>\n<p>&nbsp;<\/p>\n<p><strong>Os produtos NRG Innovations destinam-se apenas ao uso fora da rua.<\/strong><\/p>","protected":false},"featured_media":15396,"comment_status":"open","ping_status":"closed","template":"","meta":{"_acf_changed":false,"rank_math_lock_modified_date":false},"pwb-brand":[611],"product_cat":[3519],"product_tag":[3312,2294,647,623,648,3313],"class_list":{"0":"post-15420","1":"product","2":"type-product","3":"status-publish","4":"has-post-thumbnail","6":"pwb-brand-nrg-innovations","7":"product_cat-2-5","8":"product_tag-2-5-quick-release-extraible-rapido-grey","9":"product_tag-2-5","10":"product_tag-extraibles","11":"product_tag-nrg-innovations","12":"product_tag-quick-release","13":"product_tag-srk-250gm","15":"first","16":"instock","17":"taxable","18":"shipping-taxable","19":"purchasable","20":"product-type-simple"},"acf":[],"brands":[{"id":611,"name":"NRG Innovations","slug":"nrg-innovations"}],"_links":{"self":[{"href":"https:\/\/karwork.eu\/pt\/wp-json\/wp\/v2\/product\/15420","targetHints":{"allow":["GET"]}}],"collection":[{"href":"https:\/\/karwork.eu\/pt\/wp-json\/wp\/v2\/product"}],"about":[{"href":"https:\/\/karwork.eu\/pt\/wp-json\/wp\/v2\/types\/product"}],"replies":[{"embeddable":true,"href":"https:\/\/karwork.eu\/pt\/wp-json\/wp\/v2\/comments?post=15420"}],"wp:featuredmedia":[{"embeddable":true,"href":"https:\/\/karwork.eu\/pt\/wp-json\/wp\/v2\/media\/15396"}],"wp:attachment":[{"href":"https:\/\/karwork.eu\/pt\/wp-json\/wp\/v2\/media?parent=15420"}],"wp:term":[{"taxonomy":"pwb-brand","embeddable":true,"href":"https:\/\/karwork.eu\/pt\/wp-json\/wp\/v2\/pwb-brand?post=15420"},{"taxonomy":"product_cat","embeddable":true,"href":"https:\/\/karwork.eu\/pt\/wp-json\/wp\/v2\/product_cat?post=15420"},{"taxonomy":"product_tag","embeddable":true,"href":"https:\/\/karwork.eu\/pt\/wp-json\/wp\/v2\/product_tag?post=15420"}],"curies":[{"name":"wp","href":"https:\/\/api.w.org\/{rel}","templated":true}]}}