{"id":15313,"date":"2022-07-10T13:36:39","date_gmt":"2022-07-10T13:36:39","guid":{"rendered":"https:\/\/karwork.eu\/?post_type=product&#038;p=15313"},"modified":"2024-05-18T17:49:17","modified_gmt":"2024-05-18T17:49:17","slug":"2-1-quick-release-extraible-rapido-para-volante-37","status":"publish","type":"product","link":"https:\/\/karwork.eu\/pt\/product\/2-1-quick-release-extraible-rapido-para-volante-37\/","title":{"rendered":"2.1 Volante remov\u00edvel r\u00e1pido de libera\u00e7\u00e3o r\u00e1pida"},"content":{"rendered":"","protected":false},"excerpt":{"rendered":"<p>Gera\u00e7\u00e3o 2.1. \u00e9 uma extens\u00e3o do 2.0, o Quick Release de 2,5 \u2033 mais vendido que apresenta muitas op\u00e7\u00f5es que o sistema convencional de libera\u00e7\u00e3o r\u00e1pida com trava esf\u00e9rica n\u00e3o oferece. Ele foi especialmente projetado com se\u00e7\u00f5es elevadas para evitar arranh\u00f5es e alongamentos, enquanto um recurso de travamento autom\u00e1tico adiciona seguran\u00e7a e funcionalidade adicionais. Cada unidade \u00e9 feita de alum\u00ednio 6061 da mais alta qualidade e anodizada para m\u00e1xima durabilidade e acabamento. Cabos de alto-falante inclu\u00eddos, padr\u00e3o de parafuso 6x70mm e lado do volante 6x74mm<\/p>\n<p>&nbsp;<\/p>\n<p><strong>Os produtos NRG Innovations destinam-se apenas ao uso fora da rua.<\/strong><\/p>","protected":false},"featured_media":15304,"comment_status":"open","ping_status":"closed","template":"","meta":{"_acf_changed":false,"rank_math_lock_modified_date":false},"pwb-brand":[611],"product_cat":[3621],"product_tag":[647,623,648],"class_list":{"0":"post-15313","1":"product","2":"type-product","3":"status-publish","4":"has-post-thumbnail","6":"pwb-brand-nrg-innovations","7":"product_cat-2-1","8":"product_tag-extraibles","9":"product_tag-nrg-innovations","10":"product_tag-quick-release","12":"first","13":"instock","14":"taxable","15":"shipping-taxable","16":"purchasable","17":"product-type-simple"},"acf":[],"brands":[{"id":611,"name":"NRG Innovations","slug":"nrg-innovations"}],"_links":{"self":[{"href":"https:\/\/karwork.eu\/pt\/wp-json\/wp\/v2\/product\/15313","targetHints":{"allow":["GET"]}}],"collection":[{"href":"https:\/\/karwork.eu\/pt\/wp-json\/wp\/v2\/product"}],"about":[{"href":"https:\/\/karwork.eu\/pt\/wp-json\/wp\/v2\/types\/product"}],"replies":[{"embeddable":true,"href":"https:\/\/karwork.eu\/pt\/wp-json\/wp\/v2\/comments?post=15313"}],"wp:featuredmedia":[{"embeddable":true,"href":"https:\/\/karwork.eu\/pt\/wp-json\/wp\/v2\/media\/15304"}],"wp:attachment":[{"href":"https:\/\/karwork.eu\/pt\/wp-json\/wp\/v2\/media?parent=15313"}],"wp:term":[{"taxonomy":"pwb-brand","embeddable":true,"href":"https:\/\/karwork.eu\/pt\/wp-json\/wp\/v2\/pwb-brand?post=15313"},{"taxonomy":"product_cat","embeddable":true,"href":"https:\/\/karwork.eu\/pt\/wp-json\/wp\/v2\/product_cat?post=15313"},{"taxonomy":"product_tag","embeddable":true,"href":"https:\/\/karwork.eu\/pt\/wp-json\/wp\/v2\/product_tag?post=15313"}],"curies":[{"name":"wp","href":"https:\/\/api.w.org\/{rel}","templated":true}]}}