{"id":15040,"date":"2022-07-09T10:56:07","date_gmt":"2022-07-09T10:56:07","guid":{"rendered":"https:\/\/karwork.eu\/?post_type=product&#038;p=15040"},"modified":"2023-08-25T15:32:41","modified_gmt":"2023-08-25T15:32:41","slug":"arnes-cinturon-de-seguridad-fia-4","status":"publish","type":"product","link":"https:\/\/karwork.eu\/pt\/product\/arnes-cinturon-de-seguridad-fia-4\/","title":{"rendered":"Arn\u00eas de cinto de seguran\u00e7a FIA"},"content":{"rendered":"","protected":false},"excerpt":{"rendered":"<p>Para corridas dif\u00edceis e exigentes, a fivela Cam-Lock aprovada pela HANS e os cintos de n\u00e1ilon de 3 \u2033 de alta qualidade fornecem prote\u00e7\u00e3o m\u00e1xima, ao mesmo tempo que permanecem elegantes e acess\u00edveis. Certifica\u00e7\u00f5es homologadas Hans e FIA 88539-2016. Suportes de montagem e hardware inclu\u00eddos.<\/p>\n<p>&nbsp;<\/p>\n<p><strong>Os produtos NRG Innovations destinam-se apenas ao uso fora da rua.<\/strong><\/p>","protected":false},"featured_media":15041,"comment_status":"open","ping_status":"closed","template":"","meta":{"_acf_changed":false,"rank_math_lock_modified_date":false},"pwb-brand":[611],"product_cat":[2309,2307],"product_tag":[638,623],"class_list":{"0":"post-15040","1":"product","2":"type-product","3":"status-publish","4":"has-post-thumbnail","6":"pwb-brand-nrg-innovations","7":"product_cat-6-puntos","8":"product_cat-fia","9":"product_tag-arneses","10":"product_tag-nrg-innovations","12":"first","13":"instock","14":"taxable","15":"shipping-taxable","16":"purchasable","17":"product-type-simple"},"acf":[],"brands":[{"id":611,"name":"NRG Innovations","slug":"nrg-innovations"}],"_links":{"self":[{"href":"https:\/\/karwork.eu\/pt\/wp-json\/wp\/v2\/product\/15040","targetHints":{"allow":["GET"]}}],"collection":[{"href":"https:\/\/karwork.eu\/pt\/wp-json\/wp\/v2\/product"}],"about":[{"href":"https:\/\/karwork.eu\/pt\/wp-json\/wp\/v2\/types\/product"}],"replies":[{"embeddable":true,"href":"https:\/\/karwork.eu\/pt\/wp-json\/wp\/v2\/comments?post=15040"}],"wp:featuredmedia":[{"embeddable":true,"href":"https:\/\/karwork.eu\/pt\/wp-json\/wp\/v2\/media\/15041"}],"wp:attachment":[{"href":"https:\/\/karwork.eu\/pt\/wp-json\/wp\/v2\/media?parent=15040"}],"wp:term":[{"taxonomy":"pwb-brand","embeddable":true,"href":"https:\/\/karwork.eu\/pt\/wp-json\/wp\/v2\/pwb-brand?post=15040"},{"taxonomy":"product_cat","embeddable":true,"href":"https:\/\/karwork.eu\/pt\/wp-json\/wp\/v2\/product_cat?post=15040"},{"taxonomy":"product_tag","embeddable":true,"href":"https:\/\/karwork.eu\/pt\/wp-json\/wp\/v2\/product_tag?post=15040"}],"curies":[{"name":"wp","href":"https:\/\/api.w.org\/{rel}","templated":true}]}}