{"id":15017,"date":"2022-07-07T18:27:08","date_gmt":"2022-07-07T18:27:08","guid":{"rendered":"https:\/\/karwork.eu\/?post_type=product&#038;p=15017"},"modified":"2024-03-01T17:56:39","modified_gmt":"2024-03-01T17:56:39","slug":"volante-plano-de-cuero-4","status":"publish","type":"product","link":"https:\/\/karwork.eu\/pt\/product\/volante-plano-de-cuero-4\/","title":{"rendered":"Volante plano de cuero &#8211; RST-024D-MB-RY"},"content":{"rendered":"","protected":false},"excerpt":{"rendered":"<p>Volante liviano y reforzado con fondo plano. La serie 024 ofrece la m\u00e1xima maniobrabilidad y espacio libre en comparaci\u00f3n con otros volantes de un di\u00e1metro similar. Cuando se combina con nuestro Quick Release, este volante se convierte en una de las configuraciones m\u00e1s \u00e1giles y funcionales disponibles. Radios con doble remache para una mayor resistencia.<\/p>\n<p>&nbsp;<\/p>\n<p><strong>Os produtos NRG Innovations destinam-se apenas ao uso fora da rua.<\/strong><\/p>","protected":false},"featured_media":15020,"comment_status":"open","ping_status":"closed","template":"","meta":{"_acf_changed":false,"rank_math_lock_modified_date":false},"pwb-brand":[611],"product_cat":[1578],"product_tag":[1038,623,3165,622],"class_list":{"0":"post-15017","1":"product","2":"type-product","3":"status-publish","4":"has-post-thumbnail","6":"pwb-brand-nrg-innovations","7":"product_cat-cuero","8":"product_tag-cuero","9":"product_tag-nrg-innovations","10":"product_tag-rst-024d-mb-ry","11":"product_tag-volante","13":"first","14":"instock","15":"taxable","16":"shipping-taxable","17":"purchasable","18":"product-type-simple"},"acf":[],"brands":[{"id":611,"name":"NRG Innovations","slug":"nrg-innovations"}],"_links":{"self":[{"href":"https:\/\/karwork.eu\/pt\/wp-json\/wp\/v2\/product\/15017","targetHints":{"allow":["GET"]}}],"collection":[{"href":"https:\/\/karwork.eu\/pt\/wp-json\/wp\/v2\/product"}],"about":[{"href":"https:\/\/karwork.eu\/pt\/wp-json\/wp\/v2\/types\/product"}],"replies":[{"embeddable":true,"href":"https:\/\/karwork.eu\/pt\/wp-json\/wp\/v2\/comments?post=15017"}],"wp:featuredmedia":[{"embeddable":true,"href":"https:\/\/karwork.eu\/pt\/wp-json\/wp\/v2\/media\/15020"}],"wp:attachment":[{"href":"https:\/\/karwork.eu\/pt\/wp-json\/wp\/v2\/media?parent=15017"}],"wp:term":[{"taxonomy":"pwb-brand","embeddable":true,"href":"https:\/\/karwork.eu\/pt\/wp-json\/wp\/v2\/pwb-brand?post=15017"},{"taxonomy":"product_cat","embeddable":true,"href":"https:\/\/karwork.eu\/pt\/wp-json\/wp\/v2\/product_cat?post=15017"},{"taxonomy":"product_tag","embeddable":true,"href":"https:\/\/karwork.eu\/pt\/wp-json\/wp\/v2\/product_tag?post=15017"}],"curies":[{"name":"wp","href":"https:\/\/api.w.org\/{rel}","templated":true}]}}