{"id":14987,"date":"2022-07-03T17:34:43","date_gmt":"2022-07-03T17:34:43","guid":{"rendered":"https:\/\/karwork.eu\/?post_type=product&#038;p=14987"},"modified":"2024-03-01T17:58:49","modified_gmt":"2024-03-01T17:58:49","slug":"volante-35cm-de-cuero-30","status":"publish","type":"product","link":"https:\/\/karwork.eu\/pt\/product\/volante-35cm-de-cuero-30\/","title":{"rendered":"Volante 35cm de cuero &#8211; RST-037MB-PR"},"content":{"rendered":"","protected":false},"excerpt":{"rendered":"<p><span>Volante de 35cm liviano y robusto con fondo plano. Con un dise\u00f1o de radios s\u00f3lidos sobre acabados circulares t\u00edpicos para una mayor resistencia del material, envuelto en cuero. Radios con doble remache para una mayor resistencia.<\/span><\/p>\n<p>&nbsp;<\/p>\n<p><strong>Os produtos NRG Innovations destinam-se apenas ao uso fora da rua.<\/strong><\/p>","protected":false},"featured_media":14991,"comment_status":"open","ping_status":"closed","template":"","meta":{"_acf_changed":false,"rank_math_lock_modified_date":false},"pwb-brand":[611],"product_cat":[1578],"product_tag":[1038,623,3171,622],"class_list":{"0":"post-14987","1":"product","2":"type-product","3":"status-publish","4":"has-post-thumbnail","6":"pwb-brand-nrg-innovations","7":"product_cat-cuero","8":"product_tag-cuero","9":"product_tag-nrg-innovations","10":"product_tag-rst-037mb-pr","11":"product_tag-volante","13":"first","14":"instock","15":"taxable","16":"shipping-taxable","17":"purchasable","18":"product-type-simple"},"acf":[],"brands":[{"id":611,"name":"NRG Innovations","slug":"nrg-innovations"}],"_links":{"self":[{"href":"https:\/\/karwork.eu\/pt\/wp-json\/wp\/v2\/product\/14987","targetHints":{"allow":["GET"]}}],"collection":[{"href":"https:\/\/karwork.eu\/pt\/wp-json\/wp\/v2\/product"}],"about":[{"href":"https:\/\/karwork.eu\/pt\/wp-json\/wp\/v2\/types\/product"}],"replies":[{"embeddable":true,"href":"https:\/\/karwork.eu\/pt\/wp-json\/wp\/v2\/comments?post=14987"}],"wp:featuredmedia":[{"embeddable":true,"href":"https:\/\/karwork.eu\/pt\/wp-json\/wp\/v2\/media\/14991"}],"wp:attachment":[{"href":"https:\/\/karwork.eu\/pt\/wp-json\/wp\/v2\/media?parent=14987"}],"wp:term":[{"taxonomy":"pwb-brand","embeddable":true,"href":"https:\/\/karwork.eu\/pt\/wp-json\/wp\/v2\/pwb-brand?post=14987"},{"taxonomy":"product_cat","embeddable":true,"href":"https:\/\/karwork.eu\/pt\/wp-json\/wp\/v2\/product_cat?post=14987"},{"taxonomy":"product_tag","embeddable":true,"href":"https:\/\/karwork.eu\/pt\/wp-json\/wp\/v2\/product_tag?post=14987"}],"curies":[{"name":"wp","href":"https:\/\/api.w.org\/{rel}","templated":true}]}}