{"id":14967,"date":"2022-07-03T16:59:00","date_gmt":"2022-07-03T16:59:00","guid":{"rendered":"https:\/\/karwork.eu\/?post_type=product&#038;p=14967"},"modified":"2024-03-01T18:00:06","modified_gmt":"2024-03-01T18:00:06","slug":"volante-fondo-plano-de-cuero","status":"publish","type":"product","link":"https:\/\/karwork.eu\/pt\/product\/volante-fondo-plano-de-cuero\/","title":{"rendered":"Volante fondo plano de cuero &#8211; RST-009R"},"content":{"rendered":"","protected":false},"excerpt":{"rendered":"<p><span>Volante reforzado y ligero de fondo plano, la serie 009 ofrece la m\u00e1xima maniobrabilidad y espacio libre en comparaci\u00f3n con los volantes de un di\u00e1metro similar. Cuando se combina con el Quick Release, este volante se convierte en una de las configuraciones m\u00e1s \u00e1giles y funcionales disponibles. <\/span>Radios con doble remache para una mayor resistencia.<\/p>\n<p>&nbsp;<\/p>\n<p><strong>Os produtos NRG Innovations destinam-se apenas ao uso fora da rua.<\/strong><\/p>","protected":false},"featured_media":14969,"comment_status":"open","ping_status":"closed","template":"","meta":{"_acf_changed":false,"rank_math_lock_modified_date":false},"pwb-brand":[611],"product_cat":[1578],"product_tag":[1038,623,3175,622],"class_list":{"0":"post-14967","1":"product","2":"type-product","3":"status-publish","4":"has-post-thumbnail","6":"pwb-brand-nrg-innovations","7":"product_cat-cuero","8":"product_tag-cuero","9":"product_tag-nrg-innovations","10":"product_tag-rst-009r","11":"product_tag-volante","13":"first","14":"instock","15":"taxable","16":"shipping-taxable","17":"purchasable","18":"product-type-simple"},"acf":[],"brands":[{"id":611,"name":"NRG Innovations","slug":"nrg-innovations"}],"_links":{"self":[{"href":"https:\/\/karwork.eu\/pt\/wp-json\/wp\/v2\/product\/14967","targetHints":{"allow":["GET"]}}],"collection":[{"href":"https:\/\/karwork.eu\/pt\/wp-json\/wp\/v2\/product"}],"about":[{"href":"https:\/\/karwork.eu\/pt\/wp-json\/wp\/v2\/types\/product"}],"replies":[{"embeddable":true,"href":"https:\/\/karwork.eu\/pt\/wp-json\/wp\/v2\/comments?post=14967"}],"wp:featuredmedia":[{"embeddable":true,"href":"https:\/\/karwork.eu\/pt\/wp-json\/wp\/v2\/media\/14969"}],"wp:attachment":[{"href":"https:\/\/karwork.eu\/pt\/wp-json\/wp\/v2\/media?parent=14967"}],"wp:term":[{"taxonomy":"pwb-brand","embeddable":true,"href":"https:\/\/karwork.eu\/pt\/wp-json\/wp\/v2\/pwb-brand?post=14967"},{"taxonomy":"product_cat","embeddable":true,"href":"https:\/\/karwork.eu\/pt\/wp-json\/wp\/v2\/product_cat?post=14967"},{"taxonomy":"product_tag","embeddable":true,"href":"https:\/\/karwork.eu\/pt\/wp-json\/wp\/v2\/product_tag?post=14967"}],"curies":[{"name":"wp","href":"https:\/\/api.w.org\/{rel}","templated":true}]}}