{"id":14774,"date":"2022-06-28T12:04:03","date_gmt":"2022-06-28T12:04:03","guid":{"rendered":"https:\/\/karwork.eu\/?post_type=product&#038;p=14774"},"modified":"2024-03-01T17:49:38","modified_gmt":"2024-03-01T17:49:38","slug":"volante-35cm-inspirado-savage-2","status":"publish","type":"product","link":"https:\/\/karwork.eu\/pt\/product\/volante-35cm-inspirado-savage-2\/","title":{"rendered":"Volante 35cm inspiraci\u00f3n Savage &#8211; RST-036MB-SV-WT"},"content":{"rendered":"","protected":false},"excerpt":{"rendered":"<p>El volante de 35cm inspirado en Savage con una profundidad de 3&#8243; con radios negro mate s\u00f3lido. Costuras de color y tela estampada vegana de leopardo que combina con nuestros asientos Prisma Savage. \u00a1El salvaje tambi\u00e9n viene equipado con nuestro nuevo bot\u00f3n de bocina que muestra los tornillos c\u00f3nicos! \u00a1No te pierdas esta edici\u00f3n limitada de 100 uds!<\/p>\n<p>&nbsp;<\/p>\n<p><strong>Os produtos NRG Innovations destinam-se apenas ao uso fora da rua.<\/strong><\/p>","protected":false},"featured_media":14769,"comment_status":"open","ping_status":"closed","template":"","meta":{"_acf_changed":false,"rank_math_lock_modified_date":false},"pwb-brand":[611],"product_cat":[1580],"product_tag":[1034,623,622],"class_list":{"0":"post-14774","1":"product","2":"type-product","3":"status-publish","4":"has-post-thumbnail","6":"pwb-brand-nrg-innovations","7":"product_cat-alcantara","8":"product_tag-alcantara","9":"product_tag-nrg-innovations","10":"product_tag-volante","12":"first","13":"instock","14":"taxable","15":"shipping-taxable","16":"purchasable","17":"product-type-simple"},"acf":[],"brands":[{"id":611,"name":"NRG Innovations","slug":"nrg-innovations"}],"_links":{"self":[{"href":"https:\/\/karwork.eu\/pt\/wp-json\/wp\/v2\/product\/14774","targetHints":{"allow":["GET"]}}],"collection":[{"href":"https:\/\/karwork.eu\/pt\/wp-json\/wp\/v2\/product"}],"about":[{"href":"https:\/\/karwork.eu\/pt\/wp-json\/wp\/v2\/types\/product"}],"replies":[{"embeddable":true,"href":"https:\/\/karwork.eu\/pt\/wp-json\/wp\/v2\/comments?post=14774"}],"wp:featuredmedia":[{"embeddable":true,"href":"https:\/\/karwork.eu\/pt\/wp-json\/wp\/v2\/media\/14769"}],"wp:attachment":[{"href":"https:\/\/karwork.eu\/pt\/wp-json\/wp\/v2\/media?parent=14774"}],"wp:term":[{"taxonomy":"pwb-brand","embeddable":true,"href":"https:\/\/karwork.eu\/pt\/wp-json\/wp\/v2\/pwb-brand?post=14774"},{"taxonomy":"product_cat","embeddable":true,"href":"https:\/\/karwork.eu\/pt\/wp-json\/wp\/v2\/product_cat?post=14774"},{"taxonomy":"product_tag","embeddable":true,"href":"https:\/\/karwork.eu\/pt\/wp-json\/wp\/v2\/product_tag?post=14774"}],"curies":[{"name":"wp","href":"https:\/\/api.w.org\/{rel}","templated":true}]}}