{"id":14518,"date":"2022-06-19T16:05:12","date_gmt":"2022-06-19T16:05:12","guid":{"rendered":"https:\/\/karwork.eu\/?post_type=product&#038;p=14518"},"modified":"2024-03-01T18:25:00","modified_gmt":"2024-03-01T18:25:00","slug":"volante-de-315cm-fibra-de-carbono","status":"publish","type":"product","link":"https:\/\/karwork.eu\/pt\/product\/volante-de-315cm-fibra-de-carbono\/","title":{"rendered":"Volante de 31&#8217;5cm fibra de carbono &#8211; T-310CFRS"},"content":{"rendered":"","protected":false},"excerpt":{"rendered":"<p><span>Algunos de nuestros volantes m\u00e1s peque\u00f1os hasta el momento, de fibra de carbono y cuero perforado. Estos volantes de 31&#8217;5cm fueron hechos pensando en el espacio y dise\u00f1ados para los veh\u00edculos m\u00e1s peque\u00f1os. Tambi\u00e9n funcionan muy bien en plataformas de simulaci\u00f3n.\u00a0<\/span><\/p>\n<p>&nbsp;<\/p>\n<p><strong>Os produtos NRG Innovations destinam-se apenas ao uso fora da rua.<\/strong><\/p>","protected":false},"featured_media":14519,"comment_status":"open","ping_status":"closed","template":"","meta":{"_acf_changed":false,"rank_math_lock_modified_date":false},"pwb-brand":[611],"product_cat":[1570],"product_tag":[1585,1584,1583,623,3215,622],"class_list":{"0":"post-14518","1":"product","2":"type-product","3":"status-publish","4":"has-post-thumbnail","6":"pwb-brand-nrg-innovations","7":"product_cat-fibra-de-carbono","8":"product_tag-carbono","9":"product_tag-fibra-carbono","10":"product_tag-fibra-de-carbono","11":"product_tag-nrg-innovations","12":"product_tag-t-310cfrs","13":"product_tag-volante","15":"first","16":"instock","17":"taxable","18":"shipping-taxable","19":"purchasable","20":"product-type-simple"},"acf":[],"brands":[{"id":611,"name":"NRG Innovations","slug":"nrg-innovations"}],"_links":{"self":[{"href":"https:\/\/karwork.eu\/pt\/wp-json\/wp\/v2\/product\/14518","targetHints":{"allow":["GET"]}}],"collection":[{"href":"https:\/\/karwork.eu\/pt\/wp-json\/wp\/v2\/product"}],"about":[{"href":"https:\/\/karwork.eu\/pt\/wp-json\/wp\/v2\/types\/product"}],"replies":[{"embeddable":true,"href":"https:\/\/karwork.eu\/pt\/wp-json\/wp\/v2\/comments?post=14518"}],"wp:featuredmedia":[{"embeddable":true,"href":"https:\/\/karwork.eu\/pt\/wp-json\/wp\/v2\/media\/14519"}],"wp:attachment":[{"href":"https:\/\/karwork.eu\/pt\/wp-json\/wp\/v2\/media?parent=14518"}],"wp:term":[{"taxonomy":"pwb-brand","embeddable":true,"href":"https:\/\/karwork.eu\/pt\/wp-json\/wp\/v2\/pwb-brand?post=14518"},{"taxonomy":"product_cat","embeddable":true,"href":"https:\/\/karwork.eu\/pt\/wp-json\/wp\/v2\/product_cat?post=14518"},{"taxonomy":"product_tag","embeddable":true,"href":"https:\/\/karwork.eu\/pt\/wp-json\/wp\/v2\/product_tag?post=14518"}],"curies":[{"name":"wp","href":"https:\/\/api.w.org\/{rel}","templated":true}]}}