{"id":14428,"date":"2022-06-19T12:43:27","date_gmt":"2022-06-19T12:43:27","guid":{"rendered":"https:\/\/karwork.eu\/?post_type=product&#038;p=14428"},"modified":"2024-03-01T18:32:58","modified_gmt":"2024-03-01T18:32:58","slug":"volante-oval-de-fibra-de-carbono-2","status":"publish","type":"product","link":"https:\/\/karwork.eu\/pt\/product\/volante-oval-de-fibra-de-carbono-2\/","title":{"rendered":"Volante oval de fibra de carbono &#8211; ST-013CFBK"},"content":{"rendered":"","protected":false},"excerpt":{"rendered":"<p>Volante de fibra de carbono de fondo plano, la serie 013 ofrece la m\u00e1xima maniobrabilidad y espacio libre en comparaci\u00f3n con los volantes de un di\u00e1metro similar. Cuando se combina con el Quick Release, este volante se convierte en una de las configuraciones m\u00e1s \u00e1giles y funcionales disponibles.<\/p>\n<p>&nbsp;<\/p>\n<p><strong>Os produtos NRG Innovations destinam-se apenas ao uso fora da rua.<\/strong><\/p>","protected":false},"featured_media":14429,"comment_status":"open","ping_status":"closed","template":"","meta":{"_acf_changed":false,"rank_math_lock_modified_date":false},"pwb-brand":[611],"product_cat":[1570],"product_tag":[1585,1584,1583,623,3225,622],"class_list":{"0":"post-14428","1":"product","2":"type-product","3":"status-publish","4":"has-post-thumbnail","6":"pwb-brand-nrg-innovations","7":"product_cat-fibra-de-carbono","8":"product_tag-carbono","9":"product_tag-fibra-carbono","10":"product_tag-fibra-de-carbono","11":"product_tag-nrg-innovations","12":"product_tag-st-013cfbk","13":"product_tag-volante","15":"first","16":"instock","17":"taxable","18":"shipping-taxable","19":"purchasable","20":"product-type-simple"},"acf":[],"brands":[{"id":611,"name":"NRG Innovations","slug":"nrg-innovations"}],"_links":{"self":[{"href":"https:\/\/karwork.eu\/pt\/wp-json\/wp\/v2\/product\/14428","targetHints":{"allow":["GET"]}}],"collection":[{"href":"https:\/\/karwork.eu\/pt\/wp-json\/wp\/v2\/product"}],"about":[{"href":"https:\/\/karwork.eu\/pt\/wp-json\/wp\/v2\/types\/product"}],"replies":[{"embeddable":true,"href":"https:\/\/karwork.eu\/pt\/wp-json\/wp\/v2\/comments?post=14428"}],"wp:featuredmedia":[{"embeddable":true,"href":"https:\/\/karwork.eu\/pt\/wp-json\/wp\/v2\/media\/14429"}],"wp:attachment":[{"href":"https:\/\/karwork.eu\/pt\/wp-json\/wp\/v2\/media?parent=14428"}],"wp:term":[{"taxonomy":"pwb-brand","embeddable":true,"href":"https:\/\/karwork.eu\/pt\/wp-json\/wp\/v2\/pwb-brand?post=14428"},{"taxonomy":"product_cat","embeddable":true,"href":"https:\/\/karwork.eu\/pt\/wp-json\/wp\/v2\/product_cat?post=14428"},{"taxonomy":"product_tag","embeddable":true,"href":"https:\/\/karwork.eu\/pt\/wp-json\/wp\/v2\/product_tag?post=14428"}],"curies":[{"name":"wp","href":"https:\/\/api.w.org\/{rel}","templated":true}]}}