{"id":14395,"date":"2022-06-19T11:51:06","date_gmt":"2022-06-19T11:51:06","guid":{"rendered":"https:\/\/karwork.eu\/?post_type=product&#038;p=14395"},"modified":"2024-03-01T18:37:24","modified_gmt":"2024-03-01T18:37:24","slug":"volante-32cm-fibra-de-carbono-4","status":"publish","type":"product","link":"https:\/\/karwork.eu\/pt\/product\/volante-32cm-fibra-de-carbono-4\/","title":{"rendered":"Volante 32cm fibra de carbono &#8211; ST-024CF\/GN"},"content":{"rendered":"","protected":false},"excerpt":{"rendered":"<p>Volante com centro de fibra de carbono de fundo plano de 32 cm, a s\u00e9rie 024 oferece m\u00e1xima manobrabilidade e folga em compara\u00e7\u00e3o com volantes de di\u00e2metro semelhante. Quando combinado com o nosso Quick Release, este volante torna-se uma das configura\u00e7\u00f5es mais \u00e1geis e funcionais dispon\u00edveis. A buzina com o logotipo NRG pode ser removida (o bot\u00e3o da buzina ser\u00e1 inclu\u00eddo).\t\t\t\t\t\t\t\t\t\t\t\t\t\t\t\t<\/p>\n<p>&amp;nbsp\t\t\t\t\t\t\t\t\t\t\t\t\t\t\t\t<\/p>\n<p><strong>Os produtos NRG Innovations destinam-se apenas ao uso fora da rua.<\/strong><\/p>","protected":false},"featured_media":14397,"comment_status":"open","ping_status":"closed","template":"","meta":{"_acf_changed":false,"rank_math_lock_modified_date":false},"pwb-brand":[611],"product_cat":[1570],"product_tag":[1585,1584,1583,623,3234,622],"class_list":{"0":"post-14395","1":"product","2":"type-product","3":"status-publish","4":"has-post-thumbnail","6":"pwb-brand-nrg-innovations","7":"product_cat-fibra-de-carbono","8":"product_tag-carbono","9":"product_tag-fibra-carbono","10":"product_tag-fibra-de-carbono","11":"product_tag-nrg-innovations","12":"product_tag-st-024cf-gn","13":"product_tag-volante","15":"first","16":"instock","17":"taxable","18":"shipping-taxable","19":"purchasable","20":"product-type-simple"},"acf":[],"brands":[{"id":611,"name":"NRG Innovations","slug":"nrg-innovations"}],"_links":{"self":[{"href":"https:\/\/karwork.eu\/pt\/wp-json\/wp\/v2\/product\/14395","targetHints":{"allow":["GET"]}}],"collection":[{"href":"https:\/\/karwork.eu\/pt\/wp-json\/wp\/v2\/product"}],"about":[{"href":"https:\/\/karwork.eu\/pt\/wp-json\/wp\/v2\/types\/product"}],"replies":[{"embeddable":true,"href":"https:\/\/karwork.eu\/pt\/wp-json\/wp\/v2\/comments?post=14395"}],"wp:featuredmedia":[{"embeddable":true,"href":"https:\/\/karwork.eu\/pt\/wp-json\/wp\/v2\/media\/14397"}],"wp:attachment":[{"href":"https:\/\/karwork.eu\/pt\/wp-json\/wp\/v2\/media?parent=14395"}],"wp:term":[{"taxonomy":"pwb-brand","embeddable":true,"href":"https:\/\/karwork.eu\/pt\/wp-json\/wp\/v2\/pwb-brand?post=14395"},{"taxonomy":"product_cat","embeddable":true,"href":"https:\/\/karwork.eu\/pt\/wp-json\/wp\/v2\/product_cat?post=14395"},{"taxonomy":"product_tag","embeddable":true,"href":"https:\/\/karwork.eu\/pt\/wp-json\/wp\/v2\/product_tag?post=14395"}],"curies":[{"name":"wp","href":"https:\/\/api.w.org\/{rel}","templated":true}]}}