{"id":14251,"date":"2022-06-18T15:09:24","date_gmt":"2022-06-18T15:09:24","guid":{"rendered":"https:\/\/karwork.eu\/?post_type=product&#038;p=14251"},"modified":"2023-08-12T15:24:45","modified_gmt":"2023-08-12T15:24:45","slug":"volante-35cm-fibra-de-madera-9","status":"publish","type":"product","link":"https:\/\/karwork.eu\/pt\/product\/volante-35cm-fibra-de-madera-9\/","title":{"rendered":"Volante 35cm fibra de madeira"},"content":{"rendered":"","protected":false},"excerpt":{"rendered":"<p>Volante em fibra de madeira de 35cm e 7,5cm de profundidade. Revitalize o seu cl\u00e1ssico com alguns toques sutis e modernos, o volante da S\u00e9rie 16 adicionar\u00e1 um toque de classe ao seu projeto de restaura\u00e7\u00e3o.\t\t\t\t\t\t\t\t\t\t\t\t\t\t\t\t<\/p>\n<p>&amp;nbsp\t\t\t\t\t\t\t\t\t\t\t\t\t\t\t\t<\/p>\n<p><strong>Os produtos NRG Innovations destinam-se apenas ao uso fora da rua.<\/strong><\/p>","protected":false},"featured_media":14254,"comment_status":"open","ping_status":"closed","template":"","meta":{"_acf_changed":false,"rank_math_lock_modified_date":false},"pwb-brand":[611],"product_cat":[1574],"product_tag":[1587,623,622],"class_list":{"0":"post-14251","1":"product","2":"type-product","3":"status-publish","4":"has-post-thumbnail","6":"pwb-brand-nrg-innovations","7":"product_cat-fibras-de-madera","8":"product_tag-fibras-de-madera","9":"product_tag-nrg-innovations","10":"product_tag-volante","12":"first","13":"instock","14":"taxable","15":"shipping-taxable","16":"purchasable","17":"product-type-simple"},"acf":[],"brands":[{"id":611,"name":"NRG Innovations","slug":"nrg-innovations"}],"_links":{"self":[{"href":"https:\/\/karwork.eu\/pt\/wp-json\/wp\/v2\/product\/14251","targetHints":{"allow":["GET"]}}],"collection":[{"href":"https:\/\/karwork.eu\/pt\/wp-json\/wp\/v2\/product"}],"about":[{"href":"https:\/\/karwork.eu\/pt\/wp-json\/wp\/v2\/types\/product"}],"replies":[{"embeddable":true,"href":"https:\/\/karwork.eu\/pt\/wp-json\/wp\/v2\/comments?post=14251"}],"wp:featuredmedia":[{"embeddable":true,"href":"https:\/\/karwork.eu\/pt\/wp-json\/wp\/v2\/media\/14254"}],"wp:attachment":[{"href":"https:\/\/karwork.eu\/pt\/wp-json\/wp\/v2\/media?parent=14251"}],"wp:term":[{"taxonomy":"pwb-brand","embeddable":true,"href":"https:\/\/karwork.eu\/pt\/wp-json\/wp\/v2\/pwb-brand?post=14251"},{"taxonomy":"product_cat","embeddable":true,"href":"https:\/\/karwork.eu\/pt\/wp-json\/wp\/v2\/product_cat?post=14251"},{"taxonomy":"product_tag","embeddable":true,"href":"https:\/\/karwork.eu\/pt\/wp-json\/wp\/v2\/product_tag?post=14251"}],"curies":[{"name":"wp","href":"https:\/\/api.w.org\/{rel}","templated":true}]}}