{"id":14214,"date":"2022-06-18T14:22:54","date_gmt":"2022-06-18T14:22:54","guid":{"rendered":"https:\/\/karwork.eu\/?post_type=product&#038;p=14214"},"modified":"2023-08-12T15:29:55","modified_gmt":"2023-08-12T15:29:55","slug":"volante-clasico-33cm-madera-de-cerezo-2","status":"publish","type":"product","link":"https:\/\/karwork.eu\/pt\/product\/volante-clasico-33cm-madera-de-cerezo-2\/","title":{"rendered":"Volante cl\u00e1ssico 33cm em cerejeira"},"content":{"rendered":"","protected":false},"excerpt":{"rendered":"<p>Volante de madera de cerezo de 33cm, de profundidad de 2,5cm, con un dise\u00f1o de radios hendidos acabados de corte circular.\u00a0Revitalice su cl\u00e1sico con algunos sutiles toques modernos, el volante de la serie 15 seguramente agregar\u00e1 un gui\u00f1o de clase a su proyecto de restauraci\u00f3n.\t\t\t\t\t\t\t\t\t\t\t\t\t\t\t\t<\/p>\n<p>&amp;nbsp\t\t\t\t\t\t\t\t\t\t\t\t\t\t\t\t<\/p>\n<p><strong>Os produtos NRG Innovations destinam-se apenas ao uso fora da rua.<\/strong><\/p>","protected":false},"featured_media":14212,"comment_status":"open","ping_status":"closed","template":"","meta":{"_acf_changed":false,"rank_math_lock_modified_date":false},"pwb-brand":[611],"product_cat":[1572],"product_tag":[623,622],"class_list":{"0":"post-14214","1":"product","2":"type-product","3":"status-publish","4":"has-post-thumbnail","6":"pwb-brand-nrg-innovations","7":"product_cat-madera","8":"product_tag-nrg-innovations","9":"product_tag-volante","11":"first","12":"instock","13":"taxable","14":"shipping-taxable","15":"purchasable","16":"product-type-simple"},"acf":[],"brands":[{"id":611,"name":"NRG Innovations","slug":"nrg-innovations"}],"_links":{"self":[{"href":"https:\/\/karwork.eu\/pt\/wp-json\/wp\/v2\/product\/14214","targetHints":{"allow":["GET"]}}],"collection":[{"href":"https:\/\/karwork.eu\/pt\/wp-json\/wp\/v2\/product"}],"about":[{"href":"https:\/\/karwork.eu\/pt\/wp-json\/wp\/v2\/types\/product"}],"replies":[{"embeddable":true,"href":"https:\/\/karwork.eu\/pt\/wp-json\/wp\/v2\/comments?post=14214"}],"wp:featuredmedia":[{"embeddable":true,"href":"https:\/\/karwork.eu\/pt\/wp-json\/wp\/v2\/media\/14212"}],"wp:attachment":[{"href":"https:\/\/karwork.eu\/pt\/wp-json\/wp\/v2\/media?parent=14214"}],"wp:term":[{"taxonomy":"pwb-brand","embeddable":true,"href":"https:\/\/karwork.eu\/pt\/wp-json\/wp\/v2\/pwb-brand?post=14214"},{"taxonomy":"product_cat","embeddable":true,"href":"https:\/\/karwork.eu\/pt\/wp-json\/wp\/v2\/product_cat?post=14214"},{"taxonomy":"product_tag","embeddable":true,"href":"https:\/\/karwork.eu\/pt\/wp-json\/wp\/v2\/product_tag?post=14214"}],"curies":[{"name":"wp","href":"https:\/\/api.w.org\/{rel}","templated":true}]}}