{"id":14142,"date":"2022-06-14T18:53:33","date_gmt":"2022-06-14T18:53:33","guid":{"rendered":"https:\/\/karwork.eu\/?post_type=product&#038;p=14142"},"modified":"2024-03-01T18:39:42","modified_gmt":"2024-03-01T18:39:42","slug":"volante-piel-vuelta-de-32cm-con-radios-en-fibra-de-carbono","status":"publish","type":"product","link":"https:\/\/karwork.eu\/pt\/product\/volante-piel-vuelta-de-32cm-con-radios-en-fibra-de-carbono\/","title":{"rendered":"Volante piel vuelta de 32cm con radios en fibra de carbono &#8211; ST-019CF"},"content":{"rendered":"","protected":false},"excerpt":{"rendered":"<p>Volante reforzado de piel vuelta con fondo plano. La serie 019 ofrece la m\u00e1xima maniobrabilidad y espacio libre en comparaci\u00f3n con el resto de volantes de di\u00e1metro similar. Combina agilidad y funcionalidad. Peso ligero con radios remachados dobles para una mayor resistencia.\t\t\t\t\t\t\t\t\t\t\t\t\t\t\t\t<\/p>\n<p>&amp;nbsp\t\t\t\t\t\t\t\t\t\t\t\t\t\t\t\t<\/p>\n<p>&amp;nbsp\t\t\t\t\t\t\t\t\t\t\t\t\t\t\t\t<\/p>\n<p><strong>Os produtos NRG Innovations destinam-se apenas ao uso fora da rua.<\/strong><\/p>","protected":false},"featured_media":14143,"comment_status":"open","ping_status":"closed","template":"","meta":{"_acf_changed":false,"rank_math_lock_modified_date":false},"pwb-brand":[611],"product_cat":[1570,1568],"product_tag":[1585,1584,1583,623,3237,622],"class_list":{"0":"post-14142","1":"product","2":"type-product","3":"status-publish","4":"has-post-thumbnail","6":"pwb-brand-nrg-innovations","7":"product_cat-fibra-de-carbono","8":"product_cat-piel-vuelta","9":"product_tag-carbono","10":"product_tag-fibra-carbono","11":"product_tag-fibra-de-carbono","12":"product_tag-nrg-innovations","13":"product_tag-st-019cf","14":"product_tag-volante","16":"first","17":"instock","18":"taxable","19":"shipping-taxable","20":"purchasable","21":"product-type-simple"},"acf":[],"brands":[{"id":611,"name":"NRG Innovations","slug":"nrg-innovations"}],"_links":{"self":[{"href":"https:\/\/karwork.eu\/pt\/wp-json\/wp\/v2\/product\/14142","targetHints":{"allow":["GET"]}}],"collection":[{"href":"https:\/\/karwork.eu\/pt\/wp-json\/wp\/v2\/product"}],"about":[{"href":"https:\/\/karwork.eu\/pt\/wp-json\/wp\/v2\/types\/product"}],"replies":[{"embeddable":true,"href":"https:\/\/karwork.eu\/pt\/wp-json\/wp\/v2\/comments?post=14142"}],"wp:featuredmedia":[{"embeddable":true,"href":"https:\/\/karwork.eu\/pt\/wp-json\/wp\/v2\/media\/14143"}],"wp:attachment":[{"href":"https:\/\/karwork.eu\/pt\/wp-json\/wp\/v2\/media?parent=14142"}],"wp:term":[{"taxonomy":"pwb-brand","embeddable":true,"href":"https:\/\/karwork.eu\/pt\/wp-json\/wp\/v2\/pwb-brand?post=14142"},{"taxonomy":"product_cat","embeddable":true,"href":"https:\/\/karwork.eu\/pt\/wp-json\/wp\/v2\/product_cat?post=14142"},{"taxonomy":"product_tag","embeddable":true,"href":"https:\/\/karwork.eu\/pt\/wp-json\/wp\/v2\/product_tag?post=14142"}],"curies":[{"name":"wp","href":"https:\/\/api.w.org\/{rel}","templated":true}]}}