{"id":14098,"date":"2022-06-13T22:01:58","date_gmt":"2022-06-13T22:01:58","guid":{"rendered":"https:\/\/karwork.eu\/?post_type=product&#038;p=14098"},"modified":"2023-08-12T15:11:06","modified_gmt":"2023-08-12T15:11:06","slug":"volante-piel-vuelta-plano-2","status":"publish","type":"product","link":"https:\/\/karwork.eu\/pt\/product\/volante-piel-vuelta-plano-2\/","title":{"rendered":"Volante em couro liso"},"content":{"rendered":"","protected":false},"excerpt":{"rendered":"<p>Volante plano refor\u00e7ado com bot\u00f5es, revestido em couro camur\u00e7a. Quadro menor e mais leve, facilitando m\u00e1xima manobrabilidade e folga. Peso leve com raios duplos rebitados para maior resist\u00eancia. A combina\u00e7\u00e3o perfeita de agilidade e funcionalidade.\t\t\t\t\t\t\t\t\t\t\t\t\t\t\t\t<\/p>\n<p>&amp;nbsp\t\t\t\t\t\t\t\t\t\t\t\t\t\t\t\t<\/p>\n<p><strong>Os produtos NRG Innovations destinam-se apenas ao uso fora da rua.<\/strong><\/p>","protected":false},"featured_media":14101,"comment_status":"open","ping_status":"closed","template":"","meta":{"_acf_changed":false,"rank_math_lock_modified_date":false},"pwb-brand":[611],"product_cat":[1568],"product_tag":[623,1582,622],"class_list":{"0":"post-14098","1":"product","2":"type-product","3":"status-publish","4":"has-post-thumbnail","6":"pwb-brand-nrg-innovations","7":"product_cat-piel-vuelta","8":"product_tag-nrg-innovations","9":"product_tag-piel-vuelta","10":"product_tag-volante","12":"first","13":"instock","14":"taxable","15":"shipping-taxable","16":"purchasable","17":"product-type-simple"},"acf":[],"brands":[{"id":611,"name":"NRG Innovations","slug":"nrg-innovations"}],"_links":{"self":[{"href":"https:\/\/karwork.eu\/pt\/wp-json\/wp\/v2\/product\/14098","targetHints":{"allow":["GET"]}}],"collection":[{"href":"https:\/\/karwork.eu\/pt\/wp-json\/wp\/v2\/product"}],"about":[{"href":"https:\/\/karwork.eu\/pt\/wp-json\/wp\/v2\/types\/product"}],"replies":[{"embeddable":true,"href":"https:\/\/karwork.eu\/pt\/wp-json\/wp\/v2\/comments?post=14098"}],"wp:featuredmedia":[{"embeddable":true,"href":"https:\/\/karwork.eu\/pt\/wp-json\/wp\/v2\/media\/14101"}],"wp:attachment":[{"href":"https:\/\/karwork.eu\/pt\/wp-json\/wp\/v2\/media?parent=14098"}],"wp:term":[{"taxonomy":"pwb-brand","embeddable":true,"href":"https:\/\/karwork.eu\/pt\/wp-json\/wp\/v2\/pwb-brand?post=14098"},{"taxonomy":"product_cat","embeddable":true,"href":"https:\/\/karwork.eu\/pt\/wp-json\/wp\/v2\/product_cat?post=14098"},{"taxonomy":"product_tag","embeddable":true,"href":"https:\/\/karwork.eu\/pt\/wp-json\/wp\/v2\/product_tag?post=14098"}],"curies":[{"name":"wp","href":"https:\/\/api.w.org\/{rel}","templated":true}]}}