{"id":14040,"date":"2022-06-13T19:14:20","date_gmt":"2022-06-13T19:14:20","guid":{"rendered":"https:\/\/karwork.eu\/?post_type=product&#038;p=14040"},"modified":"2023-08-12T15:13:28","modified_gmt":"2023-08-12T15:13:28","slug":"volante-piel-vuelta-de-35cm-con-3-de-profundidad-9","status":"publish","type":"product","link":"https:\/\/karwork.eu\/pt\/product\/volante-piel-vuelta-de-35cm-con-3-de-profundidad-9\/","title":{"rendered":"Volante em couro de 35cm com profundidade de 3\u2033"},"content":{"rendered":"","protected":false},"excerpt":{"rendered":"<p>Volante refor\u00e7ado com 75 mm de profundidade, com desenho de raios com recortes circulares, revestido em couro camur\u00e7a. Leve com raios duplos rebitados de 5 mm de espessura para maior resist\u00eancia.\t\t\t\t\t\t\t\t\t\t\t\t\t\t\t\t<\/p>\n<p>&amp;nbsp\t\t\t\t\t\t\t\t\t\t\t\t\t\t\t\t<\/p>\n<p><strong>Os produtos NRG Innovations destinam-se apenas ao uso fora da rua.<\/strong><\/p>","protected":false},"featured_media":14043,"comment_status":"open","ping_status":"closed","template":"","meta":{"_acf_changed":false,"rank_math_lock_modified_date":false},"pwb-brand":[611],"product_cat":[1568],"product_tag":[623,1582,622],"class_list":{"0":"post-14040","1":"product","2":"type-product","3":"status-publish","4":"has-post-thumbnail","6":"pwb-brand-nrg-innovations","7":"product_cat-piel-vuelta","8":"product_tag-nrg-innovations","9":"product_tag-piel-vuelta","10":"product_tag-volante","12":"first","13":"instock","14":"taxable","15":"shipping-taxable","16":"purchasable","17":"product-type-simple"},"acf":[],"brands":[{"id":611,"name":"NRG Innovations","slug":"nrg-innovations"}],"_links":{"self":[{"href":"https:\/\/karwork.eu\/pt\/wp-json\/wp\/v2\/product\/14040","targetHints":{"allow":["GET"]}}],"collection":[{"href":"https:\/\/karwork.eu\/pt\/wp-json\/wp\/v2\/product"}],"about":[{"href":"https:\/\/karwork.eu\/pt\/wp-json\/wp\/v2\/types\/product"}],"replies":[{"embeddable":true,"href":"https:\/\/karwork.eu\/pt\/wp-json\/wp\/v2\/comments?post=14040"}],"wp:featuredmedia":[{"embeddable":true,"href":"https:\/\/karwork.eu\/pt\/wp-json\/wp\/v2\/media\/14043"}],"wp:attachment":[{"href":"https:\/\/karwork.eu\/pt\/wp-json\/wp\/v2\/media?parent=14040"}],"wp:term":[{"taxonomy":"pwb-brand","embeddable":true,"href":"https:\/\/karwork.eu\/pt\/wp-json\/wp\/v2\/pwb-brand?post=14040"},{"taxonomy":"product_cat","embeddable":true,"href":"https:\/\/karwork.eu\/pt\/wp-json\/wp\/v2\/product_cat?post=14040"},{"taxonomy":"product_tag","embeddable":true,"href":"https:\/\/karwork.eu\/pt\/wp-json\/wp\/v2\/product_tag?post=14040"}],"curies":[{"name":"wp","href":"https:\/\/api.w.org\/{rel}","templated":true}]}}