{"id":13871,"date":"2022-05-16T16:27:03","date_gmt":"2022-05-16T16:27:03","guid":{"rendered":"https:\/\/karwork.eu\/?post_type=product&#038;p=13871"},"modified":"2022-05-16T16:33:15","modified_gmt":"2022-05-16T16:33:15","slug":"placa-sandwich-con-3-puertos-para-sensores-npt-de-1-8","status":"publish","type":"product","link":"https:\/\/karwork.eu\/pt\/product\/placa-sandwich-con-3-puertos-para-sensores-npt-de-1-8\/","title":{"rendered":"Placa sandu\u00edche com 3 portas para sensores NPT de 1\/8\u2033"},"content":{"rendered":"<p>Vindo com portas de sensor NPT de 3 1\/8\u2033, esta placa sandu\u00edche \u00e9 o que h\u00e1 de mais moderno em conectividade de medidor. Fornecido com 4 adaptadores de bloco: 3\/4\u2033 -16UNF, M18, M20 e M22, garante compatibilidade com o 99% de motores do mercado como Nissan, Toyota, Honda, Mazda, etc.<\/p>\n<p>Os acess\u00f3rios do sensor NPT de 1\/8 \u2033 s\u00e3o compat\u00edveis com a maioria dos fabricantes de medidores do mercado, como Defi, Stack, VDO, Prosport, etc. Plugues cegos est\u00e3o inclu\u00eddos para quando uma porta n\u00e3o estiver em uso. A montagem \u00e9 f\u00e1cil, sem modifica\u00e7\u00f5es. No entanto, certifique-se de ter aproximadamente 27 mm de espa\u00e7o extra para o filtro de \u00f3leo, pois a placa mover\u00e1 o filtro para cima.<\/p>\n<p>Ao instalar a placa, lubrifique os an\u00e9is de veda\u00e7\u00e3o com um pouco de \u00f3leo de motor para evitar danos.<\/p>","protected":false},"excerpt":{"rendered":"<p><strong>Placa sandu\u00edche em alum\u00ednio anodizado. Fornecido com adaptadores em 3\/4\u2033-16 UNF, M18, M20 e M22 para a mais ampla compatibilidade com 3 portas para sensores 1\/8\u2033 NPT, permitindo a conex\u00e3o simult\u00e2nea de 3 man\u00f4metros.\u00a0<\/strong><\/p>\n<p>Com di\u00e2metro total de 79 mm e espessura de 27,5 mm. Montagem direta sem necessidade de modifica\u00e7\u00e3o. Adequado para filtros com di\u00e2metro m\u00e1ximo de 75 mm em azul<\/p>","protected":false},"featured_media":13873,"comment_status":"open","ping_status":"closed","template":"","meta":{"_acf_changed":false,"rank_math_lock_modified_date":false},"pwb-brand":[603],"product_cat":[116],"product_tag":[],"class_list":{"0":"post-13871","1":"product","2":"type-product","3":"status-publish","4":"has-post-thumbnail","6":"pwb-brand-cooling-solutions","7":"product_cat-medidores","9":"first","10":"instock","11":"taxable","12":"shipping-taxable","13":"purchasable","14":"product-type-simple"},"acf":[],"brands":[{"id":603,"name":"Cooling Solutions","slug":"cooling-solutions"}],"_links":{"self":[{"href":"https:\/\/karwork.eu\/pt\/wp-json\/wp\/v2\/product\/13871","targetHints":{"allow":["GET"]}}],"collection":[{"href":"https:\/\/karwork.eu\/pt\/wp-json\/wp\/v2\/product"}],"about":[{"href":"https:\/\/karwork.eu\/pt\/wp-json\/wp\/v2\/types\/product"}],"replies":[{"embeddable":true,"href":"https:\/\/karwork.eu\/pt\/wp-json\/wp\/v2\/comments?post=13871"}],"wp:featuredmedia":[{"embeddable":true,"href":"https:\/\/karwork.eu\/pt\/wp-json\/wp\/v2\/media\/13873"}],"wp:attachment":[{"href":"https:\/\/karwork.eu\/pt\/wp-json\/wp\/v2\/media?parent=13871"}],"wp:term":[{"taxonomy":"pwb-brand","embeddable":true,"href":"https:\/\/karwork.eu\/pt\/wp-json\/wp\/v2\/pwb-brand?post=13871"},{"taxonomy":"product_cat","embeddable":true,"href":"https:\/\/karwork.eu\/pt\/wp-json\/wp\/v2\/product_cat?post=13871"},{"taxonomy":"product_tag","embeddable":true,"href":"https:\/\/karwork.eu\/pt\/wp-json\/wp\/v2\/product_tag?post=13871"}],"curies":[{"name":"wp","href":"https:\/\/api.w.org\/{rel}","templated":true}]}}