{"id":13482,"date":"2022-04-21T12:37:21","date_gmt":"2022-04-21T12:37:21","guid":{"rendered":"https:\/\/karwork.eu\/?post_type=product&#038;p=13482"},"modified":"2024-12-06T18:58:58","modified_gmt":"2024-12-06T17:58:58","slug":"blq-r110","status":"publish","type":"product","link":"https:\/\/karwork.eu\/pt\/product\/blq-r110\/","title":{"rendered":"BLQ R110 \u2013 ROTIFORME"},"content":{"rendered":"","protected":false},"excerpt":{"rendered":"<p>Rodas Rotiform modelo BLQ R110 em prata brilhante c\/ usinadas, dispon\u00edveis em diferentes \u00e2ncoras, polegadas, ETs e CBs, definidos na se\u00e7\u00e3o de informa\u00e7\u00f5es adicionais.<\/p>","protected":false},"featured_media":13540,"comment_status":"open","ping_status":"closed","template":"","meta":{"_acf_changed":false,"rank_math_lock_modified_date":false},"pwb-brand":[240],"product_cat":[2258],"product_tag":[886,885,888,879,1126],"class_list":{"0":"post-13482","1":"product","2":"type-product","3":"status-publish","4":"has-post-thumbnail","6":"pwb-brand-rotiform","7":"product_cat-llantas-coche","8":"product_tag-blq","9":"product_tag-llantas","10":"product_tag-r110","11":"product_tag-rotiform","12":"product_tag-wheels","14":"first","15":"instock","16":"taxable","17":"shipping-taxable","18":"purchasable","19":"product-type-variable"},"acf":[],"brands":[{"id":240,"name":"Rotiform","slug":"rotiform"}],"_links":{"self":[{"href":"https:\/\/karwork.eu\/pt\/wp-json\/wp\/v2\/product\/13482","targetHints":{"allow":["GET"]}}],"collection":[{"href":"https:\/\/karwork.eu\/pt\/wp-json\/wp\/v2\/product"}],"about":[{"href":"https:\/\/karwork.eu\/pt\/wp-json\/wp\/v2\/types\/product"}],"replies":[{"embeddable":true,"href":"https:\/\/karwork.eu\/pt\/wp-json\/wp\/v2\/comments?post=13482"}],"wp:featuredmedia":[{"embeddable":true,"href":"https:\/\/karwork.eu\/pt\/wp-json\/wp\/v2\/media\/13540"}],"wp:attachment":[{"href":"https:\/\/karwork.eu\/pt\/wp-json\/wp\/v2\/media?parent=13482"}],"wp:term":[{"taxonomy":"pwb-brand","embeddable":true,"href":"https:\/\/karwork.eu\/pt\/wp-json\/wp\/v2\/pwb-brand?post=13482"},{"taxonomy":"product_cat","embeddable":true,"href":"https:\/\/karwork.eu\/pt\/wp-json\/wp\/v2\/product_cat?post=13482"},{"taxonomy":"product_tag","embeddable":true,"href":"https:\/\/karwork.eu\/pt\/wp-json\/wp\/v2\/product_tag?post=13482"}],"curies":[{"name":"wp","href":"https:\/\/api.w.org\/{rel}","templated":true}]}}