{"id":13264,"date":"2022-04-09T13:43:20","date_gmt":"2022-04-09T13:43:20","guid":{"rendered":"https:\/\/karwork.eu\/product\/gafas-sin-moldura-morado-verde\/"},"modified":"2023-11-08T20:23:51","modified_gmt":"2023-11-08T20:23:51","slug":"gafas-sin-moldura-morado-verde","status":"publish","type":"product","link":"https:\/\/karwork.eu\/pt\/product\/gafas-sin-moldura-morado-verde\/","title":{"rendered":"\u00d3culos sem moldura roxo\/verde \u2013 59\u00ba North Wheels"},"content":{"rendered":"","protected":false},"excerpt":{"rendered":"<p>\u00d3culos sem arma\u00e7\u00e3o com hastes de bambu e logotipo North Performance fresado de 59\u00ba na haste esquerda, com lentes roxas\/verdes. Polarizado e com prote\u00e7\u00e3o UV400.<\/p>","protected":false},"featured_media":13276,"comment_status":"open","ping_status":"closed","template":"","meta":{"_acf_changed":false,"rank_math_lock_modified_date":false},"pwb-brand":[222],"product_cat":[357],"product_tag":[],"class_list":{"0":"post-13264","1":"product","2":"type-product","3":"status-publish","4":"has-post-thumbnail","6":"pwb-brand-59-north-wheels","7":"product_cat-gafas-de-sol","9":"first","10":"instock","11":"taxable","12":"shipping-taxable","13":"purchasable","14":"product-type-simple"},"acf":[],"brands":[{"id":222,"name":"59\u00ba North Wheels","slug":"59-north-wheels"}],"_links":{"self":[{"href":"https:\/\/karwork.eu\/pt\/wp-json\/wp\/v2\/product\/13264","targetHints":{"allow":["GET"]}}],"collection":[{"href":"https:\/\/karwork.eu\/pt\/wp-json\/wp\/v2\/product"}],"about":[{"href":"https:\/\/karwork.eu\/pt\/wp-json\/wp\/v2\/types\/product"}],"replies":[{"embeddable":true,"href":"https:\/\/karwork.eu\/pt\/wp-json\/wp\/v2\/comments?post=13264"}],"wp:featuredmedia":[{"embeddable":true,"href":"https:\/\/karwork.eu\/pt\/wp-json\/wp\/v2\/media\/13276"}],"wp:attachment":[{"href":"https:\/\/karwork.eu\/pt\/wp-json\/wp\/v2\/media?parent=13264"}],"wp:term":[{"taxonomy":"pwb-brand","embeddable":true,"href":"https:\/\/karwork.eu\/pt\/wp-json\/wp\/v2\/pwb-brand?post=13264"},{"taxonomy":"product_cat","embeddable":true,"href":"https:\/\/karwork.eu\/pt\/wp-json\/wp\/v2\/product_cat?post=13264"},{"taxonomy":"product_tag","embeddable":true,"href":"https:\/\/karwork.eu\/pt\/wp-json\/wp\/v2\/product_tag?post=13264"}],"curies":[{"name":"wp","href":"https:\/\/api.w.org\/{rel}","templated":true}]}}