{"id":13262,"date":"2022-04-09T13:43:13","date_gmt":"2022-04-09T13:43:13","guid":{"rendered":"https:\/\/karwork.eu\/product\/gafas-sin-moldura-rosa-amarillo\/"},"modified":"2023-11-08T20:24:39","modified_gmt":"2023-11-08T20:24:39","slug":"gafas-sin-moldura-rosa-amarillo","status":"publish","type":"product","link":"https:\/\/karwork.eu\/pt\/product\/gafas-sin-moldura-rosa-amarillo\/","title":{"rendered":"\u00d3culos sem arma\u00e7\u00e3o rosa\/amarelo \u2013 59\u00ba North Wheels"},"content":{"rendered":"","protected":false},"excerpt":{"rendered":"<p>Gafas sin moldura con patillas de bamb\u00fa y logotipo fresado de 59\u00ba North Performance en la patilla izquierda, con cristales color rosa\/amarillo. Polarizadas y con protecci\u00f3n UV400.<\/p>","protected":false},"featured_media":13284,"comment_status":"open","ping_status":"closed","template":"","meta":{"_acf_changed":false,"rank_math_lock_modified_date":false},"pwb-brand":[222],"product_cat":[357],"product_tag":[],"class_list":{"0":"post-13262","1":"product","2":"type-product","3":"status-publish","4":"has-post-thumbnail","6":"pwb-brand-59-north-wheels","7":"product_cat-gafas-de-sol","9":"first","10":"instock","11":"taxable","12":"shipping-taxable","13":"purchasable","14":"product-type-simple"},"acf":[],"brands":[{"id":222,"name":"59\u00ba North Wheels","slug":"59-north-wheels"}],"_links":{"self":[{"href":"https:\/\/karwork.eu\/pt\/wp-json\/wp\/v2\/product\/13262","targetHints":{"allow":["GET"]}}],"collection":[{"href":"https:\/\/karwork.eu\/pt\/wp-json\/wp\/v2\/product"}],"about":[{"href":"https:\/\/karwork.eu\/pt\/wp-json\/wp\/v2\/types\/product"}],"replies":[{"embeddable":true,"href":"https:\/\/karwork.eu\/pt\/wp-json\/wp\/v2\/comments?post=13262"}],"wp:featuredmedia":[{"embeddable":true,"href":"https:\/\/karwork.eu\/pt\/wp-json\/wp\/v2\/media\/13284"}],"wp:attachment":[{"href":"https:\/\/karwork.eu\/pt\/wp-json\/wp\/v2\/media?parent=13262"}],"wp:term":[{"taxonomy":"pwb-brand","embeddable":true,"href":"https:\/\/karwork.eu\/pt\/wp-json\/wp\/v2\/pwb-brand?post=13262"},{"taxonomy":"product_cat","embeddable":true,"href":"https:\/\/karwork.eu\/pt\/wp-json\/wp\/v2\/product_cat?post=13262"},{"taxonomy":"product_tag","embeddable":true,"href":"https:\/\/karwork.eu\/pt\/wp-json\/wp\/v2\/product_tag?post=13262"}],"curies":[{"name":"wp","href":"https:\/\/api.w.org\/{rel}","templated":true}]}}