{"id":13259,"date":"2022-04-09T13:43:04","date_gmt":"2022-04-09T13:43:04","guid":{"rendered":"https:\/\/karwork.eu\/product\/gafas-sin-moldura-azul-verde\/"},"modified":"2023-11-08T20:26:33","modified_gmt":"2023-11-08T20:26:33","slug":"gafas-sin-moldura-azul-verde","status":"publish","type":"product","link":"https:\/\/karwork.eu\/pt\/product\/gafas-sin-moldura-azul-verde\/","title":{"rendered":"\u00d3culos sem arma\u00e7\u00e3o azul\/verde \u2013 Rodas Norte 59\u00ba"},"content":{"rendered":"","protected":false},"excerpt":{"rendered":"<p>Gafas sin moldura con patillas de bamb\u00fa y logotipo fresado de 59\u00ba North Performance en la patilla izquierda, con cristales color azul\/verde. Polarizadas y con protecci\u00f3n UV400.<\/p>","protected":false},"featured_media":13289,"comment_status":"open","ping_status":"closed","template":"","meta":{"_acf_changed":false,"rank_math_lock_modified_date":false},"pwb-brand":[222],"product_cat":[357],"product_tag":[],"class_list":{"0":"post-13259","1":"product","2":"type-product","3":"status-publish","4":"has-post-thumbnail","6":"pwb-brand-59-north-wheels","7":"product_cat-gafas-de-sol","9":"first","10":"instock","11":"taxable","12":"shipping-taxable","13":"purchasable","14":"product-type-simple"},"acf":[],"brands":[{"id":222,"name":"59\u00ba North Wheels","slug":"59-north-wheels"}],"_links":{"self":[{"href":"https:\/\/karwork.eu\/pt\/wp-json\/wp\/v2\/product\/13259","targetHints":{"allow":["GET"]}}],"collection":[{"href":"https:\/\/karwork.eu\/pt\/wp-json\/wp\/v2\/product"}],"about":[{"href":"https:\/\/karwork.eu\/pt\/wp-json\/wp\/v2\/types\/product"}],"replies":[{"embeddable":true,"href":"https:\/\/karwork.eu\/pt\/wp-json\/wp\/v2\/comments?post=13259"}],"wp:featuredmedia":[{"embeddable":true,"href":"https:\/\/karwork.eu\/pt\/wp-json\/wp\/v2\/media\/13289"}],"wp:attachment":[{"href":"https:\/\/karwork.eu\/pt\/wp-json\/wp\/v2\/media?parent=13259"}],"wp:term":[{"taxonomy":"pwb-brand","embeddable":true,"href":"https:\/\/karwork.eu\/pt\/wp-json\/wp\/v2\/pwb-brand?post=13259"},{"taxonomy":"product_cat","embeddable":true,"href":"https:\/\/karwork.eu\/pt\/wp-json\/wp\/v2\/product_cat?post=13259"},{"taxonomy":"product_tag","embeddable":true,"href":"https:\/\/karwork.eu\/pt\/wp-json\/wp\/v2\/product_tag?post=13259"}],"curies":[{"name":"wp","href":"https:\/\/api.w.org\/{rel}","templated":true}]}}