{"id":47,"date":"2020-11-30T02:00:16","date_gmt":"2020-11-30T02:00:16","guid":{"rendered":"https:\/\/demoapus2.com\/uomo-import\/?page_id=47"},"modified":"2022-03-26T15:23:06","modified_gmt":"2022-03-26T15:23:06","slug":"terminos-y-condiciones","status":"publish","type":"page","link":"https:\/\/karwork.eu\/pt\/terminos-y-condiciones\/","title":{"rendered":"Termos e Condi\u00e7\u00f5es"},"content":{"rendered":"<div data-elementor-type=\"wp-page\" data-elementor-id=\"47\" class=\"elementor elementor-47\">\n\t\t\t\t\t\t<section class=\"elementor-section elementor-top-section elementor-element elementor-element-00f4d5e elementor-section-stretched elementor-section-boxed elementor-section-height-default elementor-section-height-default exad-glass-effect-no wpr-particle-no wpr-jarallax-no wpr-parallax-no wpr-sticky-section-no exad-sticky-section-no\" data-id=\"00f4d5e\" data-element_type=\"section\" data-settings=\"{&quot;stretch_section&quot;:&quot;section-stretched&quot;}\">\n\t\t\t\t\t\t<div class=\"elementor-container elementor-column-gap-extended\">\n\t\t\t\t\t<div class=\"elementor-column elementor-col-100 elementor-top-column elementor-element elementor-element-e87471a exad-glass-effect-no exad-sticky-section-no\" data-id=\"e87471a\" data-element_type=\"column\">\n\t\t\t<div class=\"elementor-widget-wrap elementor-element-populated\">\n\t\t\t\t\t\t<div class=\"elementor-element elementor-element-e34d5f8 exad-sticky-section-no exad-glass-effect-no elementor-widget elementor-widget-heading\" data-id=\"e34d5f8\" data-element_type=\"widget\" data-widget_type=\"heading.default\">\n\t\t\t\t<div class=\"elementor-widget-container\">\n\t\t\t<h2 class=\"elementor-heading-title elementor-size-default\">TERMOS E CONDI\u00c7\u00d5ES<\/h2>\t\t<\/div>\n\t\t\t\t<\/div>\n\t\t\t\t\t<\/div>\n\t\t<\/div>\n\t\t\t\t\t<\/div>\n\t\t<\/section>\n\t\t\t\t<section class=\"elementor-section elementor-top-section elementor-element elementor-element-a863567 elementor-section-stretched elementor-section-boxed elementor-section-height-default elementor-section-height-default exad-glass-effect-no wpr-particle-no wpr-jarallax-no wpr-parallax-no wpr-sticky-section-no exad-sticky-section-no\" data-id=\"a863567\" data-element_type=\"section\" data-settings=\"{&quot;stretch_section&quot;:&quot;section-stretched&quot;}\">\n\t\t\t\t\t\t<div class=\"elementor-container elementor-column-gap-extended\">\n\t\t\t\t\t<div class=\"elementor-column elementor-col-100 elementor-top-column elementor-element elementor-element-bbbe1a9 exad-glass-effect-no exad-sticky-section-no\" data-id=\"bbbe1a9\" data-element_type=\"column\">\n\t\t\t<div class=\"elementor-widget-wrap elementor-element-populated\">\n\t\t\t\t\t\t<div class=\"elementor-element elementor-element-61e68b4 exad-sticky-section-no exad-glass-effect-no elementor-widget elementor-widget-heading\" data-id=\"61e68b4\" data-element_type=\"widget\" data-widget_type=\"heading.default\">\n\t\t\t\t<div class=\"elementor-widget-container\">\n\t\t\t<h2 class=\"elementor-heading-title elementor-size-default\">Regulamentos aplic\u00e1veis<\/h2>\t\t<\/div>\n\t\t\t\t<\/div>\n\t\t\t\t<div class=\"elementor-element elementor-element-1d3245e exad-sticky-section-no exad-glass-effect-no elementor-widget elementor-widget-text-editor\" data-id=\"1d3245e\" data-element_type=\"widget\" data-widget_type=\"text-editor.default\">\n\t\t\t\t<div class=\"elementor-widget-container\">\n\t\t\t\t\t\t\t<p style=\"margin-bottom: 0.8rem; color: #777777; font-family: Karla, sans-serif; font-size: 16px;\">Este contrato eletr\u00f3nico \u00e9 celebrado ao abrigo da regulamenta\u00e7\u00e3o espanhola e especificamente ao abrigo do regime jur\u00eddico imposto pelo Real Decreto Legislativo 1\/2007, de 16 de novembro, que aprova o texto consolidado da Lei Geral de Defesa dos Consumidores e Utilizadores e outras leis complementares.<\/p><p style=\"margin-bottom: 0.8rem; color: #777777; font-family: Karla, sans-serif; font-size: 16px;\">O contrato eletr\u00f3nico n\u00e3o ser\u00e1 arquivado por terceiros e o idioma para a sua celebra\u00e7\u00e3o \u00e9 o espanhol. Estas condi\u00e7\u00f5es gerais poder\u00e3o ser armazenadas e reproduzidas a qualquer momento pelo utilizador que efetue uma compra atrav\u00e9s das op\u00e7\u00f5es do seu navegador de internet, devendo ser aceites antes de proceder ao pagamento da encomenda.<\/p><p style=\"margin-bottom: 0.8rem; color: #777777; font-family: Karla, sans-serif; font-size: 16px;\">Para poder efetuar compras online nesta loja, poder\u00e1 registar-se criando uma \u2018Conta de Utilizador\u2019, ou efetuar uma compra r\u00e1pida sem registo (como utilizador convidado).<\/p><p style=\"margin-bottom: 0.8rem; color: #777777; font-family: Karla, sans-serif; font-size: 16px;\">Se efetuar a compra como utilizador convidado, os dados pessoais n\u00e3o ser\u00e3o armazenados no site, nem ser\u00e1 verificado o seu hist\u00f3rico de encomendas. Os dados pessoais ser\u00e3o conservados apenas para a gest\u00e3o e entrega dos produtos solicitados.<\/p><p style=\"margin-bottom: 0.8rem; color: #777777; font-family: Karla, sans-serif; font-size: 16px;\">Se decidir registar-se, receber\u00e1 um email a confirmar que o processo foi conclu\u00eddo com sucesso e um lembrete dos seus dados de acesso. A partir da sua conta voc\u00ea poder\u00e1 realizar compras, consultar seu hist\u00f3rico de pedidos, alterar sua senha, modificar dados pessoais, modificar endere\u00e7os de envio e cobran\u00e7a, fazer coment\u00e1rios e outros procedimentos relacionados \u00e0s suas compras.<\/p><p style=\"margin-bottom: 0.8rem; color: #777777; font-family: Karla, sans-serif; font-size: 16px;\">A qualquer momento, poder\u00e1 aceder \u00e0 sua conta privada para verificar informa\u00e7\u00f5es pessoais e moradas e, se necess\u00e1rio, corrigir eventuais erros que possam ter existido na introdu\u00e7\u00e3o dos dados ou atualiz\u00e1-los. Os endere\u00e7os de envio e cobran\u00e7a tamb\u00e9m poder\u00e3o ser corrigidos ou atualizados ao longo do processo de compra.<\/p><p style=\"margin-bottom: 0.8rem; color: #777777; font-family: Karla, sans-serif; font-size: 16px;\">Voc\u00ea pode cancelar a assinatura a qualquer momento enviando um e-mail, do endere\u00e7o que deseja cancelar, para o endere\u00e7o\u00a0<a style=\"color: #777777; transition: opacity 0.2s cubic-bezier(0.7, 0, 0.3, 1) 0s, color 0.2s cubic-bezier(0.7, 0, 0.3, 1) 0s;\" href=\"mailto:info@dpatry.es\">sim<\/a>tore@karwork.eu, o que implicar\u00e1 o cancelamento dos seus dados pessoais.<\/p><p style=\"margin-bottom: 0.8rem; color: #777777; font-family: Karla, sans-serif; font-size: 16px;\">Em qualquer caso, a cria\u00e7\u00e3o e cancelamento de uma conta de utilizador reger-se-\u00e1 pelas disposi\u00e7\u00f5es da Pol\u00edtica de Privacidade.<\/p>\t\t\t\t\t\t<\/div>\n\t\t\t\t<\/div>\n\t\t\t\t\t<\/div>\n\t\t<\/div>\n\t\t\t\t\t<\/div>\n\t\t<\/section>\n\t\t\t\t<section class=\"elementor-section elementor-top-section elementor-element elementor-element-8491629 elementor-section-stretched elementor-section-boxed elementor-section-height-default elementor-section-height-default exad-glass-effect-no wpr-particle-no wpr-jarallax-no wpr-parallax-no wpr-sticky-section-no exad-sticky-section-no\" data-id=\"8491629\" data-element_type=\"section\" data-settings=\"{&quot;stretch_section&quot;:&quot;section-stretched&quot;}\">\n\t\t\t\t\t\t<div class=\"elementor-container elementor-column-gap-extended\">\n\t\t\t\t\t<div class=\"elementor-column elementor-col-100 elementor-top-column elementor-element elementor-element-5ed9166 exad-glass-effect-no exad-sticky-section-no\" data-id=\"5ed9166\" data-element_type=\"column\">\n\t\t\t<div class=\"elementor-widget-wrap elementor-element-populated\">\n\t\t\t\t\t\t<div class=\"elementor-element elementor-element-4d81fa9 exad-sticky-section-no exad-glass-effect-no elementor-widget elementor-widget-heading\" data-id=\"4d81fa9\" data-element_type=\"widget\" data-widget_type=\"heading.default\">\n\t\t\t\t<div class=\"elementor-widget-container\">\n\t\t\t<h2 class=\"elementor-heading-title elementor-size-default\">Processo de compra<\/h2>\t\t<\/div>\n\t\t\t\t<\/div>\n\t\t\t\t<div class=\"elementor-element elementor-element-1c1b91e exad-sticky-section-no exad-glass-effect-no elementor-widget elementor-widget-text-editor\" data-id=\"1c1b91e\" data-element_type=\"widget\" data-widget_type=\"text-editor.default\">\n\t\t\t\t<div class=\"elementor-widget-container\">\n\t\t\t\t\t\t\t<p style=\"margin-bottom: 0.8rem; color: #777777; font-family: Karla, sans-serif; font-size: 16px;\">Comprar em Karwork.eu \u00e9<span style=\"font-weight: bolder;\">\u00a0muito f\u00e1cil e simples<\/span>, basta seguir os seguintes passos:<\/p><ol style=\"margin-bottom: 1rem; padding: 0.6rem 0.6rem 0.6rem 2rem; color: #777777; font-family: Karla, sans-serif; font-size: 16px;\"><li>Selecione os produtos que deseja adquirir entre os oferecidos pela Karwork. Com um clique em cada produto, voc\u00ea acessa seu arquivo, que inclui descri\u00e7\u00e3o e informa\u00e7\u00f5es detalhadas, principais caracter\u00edsticas e pre\u00e7o. Se precisar de mais informa\u00e7\u00f5es, n\u00e3o hesite em nos perguntar.\u00a0<em>OBSERVA\u00c7\u00c3O:<\/em>\u00a0No caso de fichas de produtos com fotografias, os produtos podem sofrer ligeiras varia\u00e7\u00f5es de cor ou textura em rela\u00e7\u00e3o \u00e0 fotografia que aparece no site, devido a diversos fatores, como a resolu\u00e7\u00e3o do monitor. No entanto, faremos o poss\u00edvel para garantir que as imagens sejam o mais pr\u00f3ximas poss\u00edvel da realidade.<\/li><li>Depois de selecionar o(s) produto(s) que deseja adquirir, dever\u00e1 clicar no bot\u00e3o \u2018Adicionar ao carrinho\u2019 e o produto ser\u00e1 adicionado ao seu carrinho de compras. Se desejar, pode continuar adicionando mais produtos ao carrinho, ou proceder diretamente ao pagamento.<\/li><li>Assim que a sele\u00e7\u00e3o do produto for conclu\u00edda, aparecer\u00e1 um resumo identificando o(s) item(s) selecionado(s). Por \u00faltimo, para prosseguir com a sua encomenda, dever\u00e1 premir o bot\u00e3o \u2018Processar encomenda\u2019.<\/li><li>Conforme indicamos nas se\u00e7\u00f5es anteriores, ao finalizar sua compra, voc\u00ea tem a op\u00e7\u00e3o de faz\u00ea-lo registrando-se ou realizar uma compra r\u00e1pida sem registro (como usu\u00e1rio convidado). Ao se cadastrar voc\u00ea dever\u00e1 indicar seus dados de contato e endere\u00e7o, e nas suas pr\u00f3ximas compras n\u00e3o ser\u00e1 necess\u00e1rio inserir seus dados novamente.<\/li><li>Por \u00faltimo, dever\u00e1 escolher a forma de pagamento da sua encomenda entre as oferecidas pela Karwork.<\/li><li>Uma vez conclu\u00eddo o processo de contrata\u00e7\u00e3o, enviar-lhe-emos um email detalhando os detalhes do contrato, bem como o comprovativo de compra ou fatura. Caso n\u00e3o receba este email no prazo de 24 horas, ou se detetar algum erro nos dados introduzidos, por favor contacte-nos por qualquer um dos seguintes meios:<p>Notificando-o na se\u00e7\u00e3o &#039;Contato&#039; deste site<br \/>Escrevendo para o endere\u00e7o de e-mail store@karwork.eu<\/p><\/li><\/ol>\t\t\t\t\t\t<\/div>\n\t\t\t\t<\/div>\n\t\t\t\t\t<\/div>\n\t\t<\/div>\n\t\t\t\t\t<\/div>\n\t\t<\/section>\n\t\t\t\t<\/div>","protected":false},"excerpt":{"rendered":"<p>T\u00c9RMINOS Y CONDICIONES Normativa aplicable El presente contrato electr\u00f3nico se celebra bajo la normativa espa\u00f1ola y en concreto bajo el r\u00e9gimen legal impuesto por el Real Decreto Legislativo 1\/2007, de 16 de noviembre, por el que se aprueba el texto refundido de la Ley General para la Defensa de los Consumidores y Usuarios y otras leyes complementarias. El contrato electr\u00f3nico no ser\u00e1 archivado por un tercero y el idioma para su conclusi\u00f3n es el espa\u00f1ol. Las presentes condiciones generales podr\u00e1n ser almacenadas y reproducidas en cualquier momento por el usuario que realice una compra mediante las opciones de su navegador de internet, y deben ser aceptadas antes de proceder al pago del pedido. Para poder realizar compras online en esta tienda, podr\u00e1s registrarte mediante la creaci\u00f3n de una &#8216;Cuenta de Usuario&#8217;, o bien hacer una compra r\u00e1pida sin registro (como usuario invitado). Si realizas la compra como usuario invitado, los datos personales no ser\u00e1n almacenados en la web, ni se podr\u00e1 comprobar el historial de pedidos. Los datos personales se conservar\u00e1n \u00fanicamente para la gesti\u00f3n y entrega de los productos solicitados. Si decides registrarte, recibir\u00e1s un correo confirmando que el proceso se ha realizado con \u00e9xito y un recordatorio de los datos de acceso. Desde la cuenta podr\u00e1s realizar compras, comprobar el historial de pedidos, cambiar la contrase\u00f1a, modificar los datos personales, modificar las direcciones de env\u00edo y facturaci\u00f3n, realizar comentarios, y otras gestiones relacionadas con tus compras. En cualquier momento, podr\u00e1s acceder a tu cuenta privada para comprobar la informaci\u00f3n personal y direcciones y, en caso de que fuera necesario, corregir los errores que puedan haber existido en la introducci\u00f3n de los datos o actualizar los mismos. Las direcciones de env\u00edo y facturaci\u00f3n tambi\u00e9n podr\u00e1n corregirse o actualizarse a lo largo del proceso de compra. Podr\u00e1s darte de baja en cualquier momento, enviando un correo electr\u00f3nico, desde la direcci\u00f3n que se quiere dar de baja, a la direcci\u00f3n&nbsp;store@karwork.eu, lo que conllevar\u00e1 la cancelaci\u00f3n de tus datos de car\u00e1cter personal. En cualquier caso, la creaci\u00f3n y cancelaci\u00f3n de una cuenta de usuario se regir\u00e1 por lo establecido en la Pol\u00edtica de Privacidad. Proceso de Compra Comprar en Karwork.eu es&nbsp;muy f\u00e1cil y sencillo, solo tienes que seguir los siguientes pasos: Seleccionar los productos que desees adquirir de entre los ofrecidos por Karwork. Con un clic en cada producto, se accede&nbsp; su ficha, que incluye descripci\u00f3n detallada e&nbsp; informaci\u00f3n, caracter\u00edsticas principales y precio. Si necesitas m\u00e1s informaci\u00f3n, no dudes en preguntarnos.&nbsp;NOTA:&nbsp;En el caso de fichas de producto con fotograf\u00eda, los productos pueden sufrir ligeras variaciones de color o textura con respecto a la fotograf\u00eda que aparece en la web, debido a diferentes factores, como por ejemplo, la resoluci\u00f3n del monitor. No obstante, haremos lo posible para que las im\u00e1genes se ajusten lo mas posible a la realidad. Una vez seleccionado el\/los producto\/s que desees comprar, deber\u00e1s pulsar el bot\u00f3n &#8216;A\u00f1adir al carrito&#8217;, quedando incorporado el producto a tu carrito de la compra. Si lo deseas, podr\u00e1 seguir a\u00f1adiendo m\u00e1s productos al carrito, o proceder directamente al pago. Concluida la selecci\u00f3n de productos, aparecer\u00e1 un resumen identificando el\/los art\u00edculo\/s seleccionado\/s. Finalmente, para continuar con tu pedido, deber\u00e1s pulsar el bot\u00f3n &#8216;Tramitar pedido&#8217;. Como hemos indicado en apartados anteriores, al finalizar tu compra, tienes la opci\u00f3n de hacerlo registr\u00e1ndote, o hacer una compra r\u00e1pida sin registro (como usuario invitado). Al registrarte, deber\u00e1s indicar tus datos de contacto y direcci\u00f3n, y en tus pr\u00f3ximas compras no tendr\u00e1s que introducir de nuevo tus datos. Por \u00faltimo, deber\u00e1s elegir el medio de pago de tu pedido de entre los ofrecidos por Karwork. Una vez finalizado el proceso de contrataci\u00f3n, te enviaremos un correo electr\u00f3nico en el que se detallar\u00e1n los datos de la misma, as\u00ed como justificante de compra o factura. Si no recibes este correo en 24 horas, o si aprecias cualquier error en los datos introducidos, ponte en contacto con nosotros por cualquiera de los siguientes medios:Notific\u00e1ndolo en la secci\u00f3n &#8216;Contacto&#8217; de esta web Escribiendo a la direcci\u00f3n de correo store@karwork.eu<\/p>","protected":false},"author":1,"featured_media":0,"parent":0,"menu_order":0,"comment_status":"closed","ping_status":"closed","template":"","meta":{"_acf_changed":false,"rank_math_lock_modified_date":false,"footnotes":""},"class_list":["post-47","page","type-page","status-publish","hentry"],"acf":[],"_links":{"self":[{"href":"https:\/\/karwork.eu\/pt\/wp-json\/wp\/v2\/pages\/47","targetHints":{"allow":["GET"]}}],"collection":[{"href":"https:\/\/karwork.eu\/pt\/wp-json\/wp\/v2\/pages"}],"about":[{"href":"https:\/\/karwork.eu\/pt\/wp-json\/wp\/v2\/types\/page"}],"author":[{"embeddable":true,"href":"https:\/\/karwork.eu\/pt\/wp-json\/wp\/v2\/users\/1"}],"replies":[{"embeddable":true,"href":"https:\/\/karwork.eu\/pt\/wp-json\/wp\/v2\/comments?post=47"}],"version-history":[{"count":12,"href":"https:\/\/karwork.eu\/pt\/wp-json\/wp\/v2\/pages\/47\/revisions"}],"predecessor-version":[{"id":11496,"href":"https:\/\/karwork.eu\/pt\/wp-json\/wp\/v2\/pages\/47\/revisions\/11496"}],"wp:attachment":[{"href":"https:\/\/karwork.eu\/pt\/wp-json\/wp\/v2\/media?parent=47"}],"curies":[{"name":"wp","href":"https:\/\/api.w.org\/{rel}","templated":true}]}}