{"id":13837,"date":"2022-05-10T14:58:46","date_gmt":"2022-05-10T14:58:46","guid":{"rendered":"https:\/\/karwork.eu\/?page_id=13837"},"modified":"2023-07-31T21:06:20","modified_gmt":"2023-07-31T21:06:20","slug":"distribuidores-oficiales-59-north-wheels-espana","status":"publish","type":"page","link":"https:\/\/karwork.eu\/pt\/distribuidores-oficiales-59-north-wheels-espana\/","title":{"rendered":"Distribuidores oficiais 59\u00ba North Wheels Espanha e Portugal"},"content":{"rendered":"<div data-elementor-type=\"wp-page\" data-elementor-id=\"13837\" class=\"elementor elementor-13837\">\n\t\t\t\t\t\t<section class=\"elementor-section elementor-top-section elementor-element elementor-element-3579726 elementor-section-boxed elementor-section-height-default elementor-section-height-default exad-glass-effect-no wpr-particle-no wpr-jarallax-no wpr-parallax-no wpr-sticky-section-no exad-sticky-section-no\" data-id=\"3579726\" data-element_type=\"section\">\n\t\t\t\t\t\t<div class=\"elementor-container elementor-column-gap-default\">\n\t\t\t\t\t<div class=\"elementor-column elementor-col-33 elementor-top-column elementor-element elementor-element-1edd9d8 exad-glass-effect-no exad-sticky-section-no\" data-id=\"1edd9d8\" data-element_type=\"column\">\n\t\t\t<div class=\"elementor-widget-wrap elementor-element-populated\">\n\t\t\t\t\t\t<div class=\"elementor-element elementor-element-00d5c0b exad-sticky-section-no exad-glass-effect-no elementor-widget elementor-widget-image\" data-id=\"00d5c0b\" data-element_type=\"widget\" data-widget_type=\"image.default\">\n\t\t\t\t<div class=\"elementor-widget-container\">\n\t\t\t\t\t\t\t\t\t\t\t\t\t<img decoding=\"async\" width=\"150\" height=\"150\" src=\"https:\/\/karwork.eu\/wp-content\/uploads\/2022\/02\/59-performance.png\" class=\"attachment-large size-large wp-image-8631\" alt=\"\" title=\"\">\t\t\t\t\t\t\t\t\t\t\t\t\t<\/div>\n\t\t\t\t<\/div>\n\t\t\t\t\t<\/div>\n\t\t<\/div>\n\t\t\t\t<div class=\"elementor-column elementor-col-33 elementor-top-column elementor-element elementor-element-6773749 exad-glass-effect-no exad-sticky-section-no\" data-id=\"6773749\" data-element_type=\"column\">\n\t\t\t<div class=\"elementor-widget-wrap elementor-element-populated\">\n\t\t\t\t\t\t<div class=\"elementor-element elementor-element-4f8b147 exad-sticky-section-no exad-glass-effect-no elementor-widget elementor-widget-text-editor\" data-id=\"4f8b147\" data-element_type=\"widget\" data-widget_type=\"text-editor.default\">\n\t\t\t\t<div class=\"elementor-widget-container\">\n\t\t\t\t\t\t\t<p>S\u00e3o <b>distribuidores oficiais de <a href=\"https:\/\/karwork.eu\/brand\/59-north-wheels\/\">59\u00aa Rodas Norte<\/a> em Espanha e Portugal<\/b>. Temos toda a gama de <b>pneus de <a href=\"https:\/\/karwork.eu\/brand\/59-north-wheels\/\">59\u00aa Rodas Norte<\/a><\/b> bem como todo o merchandising da marca sueca.<\/p>\t\t\t\t\t\t<\/div>\n\t\t\t\t<\/div>\n\t\t\t\t<div class=\"elementor-element elementor-element-d03d3a7 exad-sticky-section-no exad-glass-effect-no elementor-widget elementor-widget-text-editor\" data-id=\"d03d3a7\" data-element_type=\"widget\" data-widget_type=\"text-editor.default\">\n\t\t\t\t<div class=\"elementor-widget-container\">\n\t\t\t\t\t\t\t<p style=\"text-align: center\"><a href=\"https:\/\/www.59northwheels.se\/\" target=\"_blank\" rel=\"noopener\"><strong>Visite o site oficial da 59 North Wheels<\/strong><\/a><\/p>\t\t\t\t\t\t<\/div>\n\t\t\t\t<\/div>\n\t\t\t\t\t<\/div>\n\t\t<\/div>\n\t\t\t\t<div class=\"elementor-column elementor-col-33 elementor-top-column elementor-element elementor-element-3d84da8 exad-glass-effect-no exad-sticky-section-no\" data-id=\"3d84da8\" data-element_type=\"column\">\n\t\t\t<div class=\"elementor-widget-wrap elementor-element-populated\">\n\t\t\t\t\t\t<div class=\"elementor-element elementor-element-43a063f exad-sticky-section-no exad-glass-effect-no elementor-widget elementor-widget-image\" data-id=\"43a063f\" data-element_type=\"widget\" data-widget_type=\"image.default\">\n\t\t\t\t<div class=\"elementor-widget-container\">\n\t\t\t\t\t\t\t\t\t\t\t\t\t<img fetchpriority=\"high\" decoding=\"async\" width=\"660\" height=\"205\" src=\"https:\/\/karwork.eu\/wp-content\/uploads\/2023\/07\/59-north-logo-rektangel-1024x318.png\" class=\"attachment-large size-large wp-image-21552\" alt=\"\" srcset=\"https:\/\/karwork.eu\/wp-content\/uploads\/2023\/07\/59-north-logo-rektangel-1024x318.png 1024w, https:\/\/karwork.eu\/wp-content\/uploads\/2023\/07\/59-north-logo-rektangel-300x93.png 300w, https:\/\/karwork.eu\/wp-content\/uploads\/2023\/07\/59-north-logo-rektangel-768x238.png 768w, https:\/\/karwork.eu\/wp-content\/uploads\/2023\/07\/59-north-logo-rektangel-1536x477.png 1536w, https:\/\/karwork.eu\/wp-content\/uploads\/2023\/07\/59-north-logo-rektangel-2048x636.png 2048w, https:\/\/karwork.eu\/wp-content\/uploads\/2023\/07\/59-north-logo-rektangel-18x6.png 18w, https:\/\/karwork.eu\/wp-content\/uploads\/2023\/07\/59-north-logo-rektangel-600x186.png 600w\" sizes=\"(max-width: 660px) 100vw, 660px\" title=\"\">\t\t\t\t\t\t\t\t\t\t\t\t\t<\/div>\n\t\t\t\t<\/div>\n\t\t\t\t\t<\/div>\n\t\t<\/div>\n\t\t\t\t\t<\/div>\n\t\t<\/section>\n\t\t\t\t<section class=\"elementor-section elementor-top-section elementor-element elementor-element-13fdb27 elementor-section-boxed elementor-section-height-default elementor-section-height-default exad-glass-effect-no wpr-particle-no wpr-jarallax-no wpr-parallax-no wpr-sticky-section-no exad-sticky-section-no\" data-id=\"13fdb27\" data-element_type=\"section\">\n\t\t\t\t\t\t<div class=\"elementor-container elementor-column-gap-default\">\n\t\t\t\t\t<div class=\"elementor-column elementor-col-50 elementor-top-column elementor-element elementor-element-29e238e exad-glass-effect-no exad-sticky-section-no\" data-id=\"29e238e\" data-element_type=\"column\">\n\t\t\t<div class=\"elementor-widget-wrap elementor-element-populated\">\n\t\t\t\t\t\t<div class=\"elementor-element elementor-element-6230639 exad-sticky-section-no exad-glass-effect-no elementor-widget elementor-widget-image\" data-id=\"6230639\" data-element_type=\"widget\" data-widget_type=\"image.default\">\n\t\t\t\t<div class=\"elementor-widget-container\">\n\t\t\t\t\t\t\t\t\t\t\t\t\t<img decoding=\"async\" width=\"660\" height=\"440\" src=\"https:\/\/karwork.eu\/wp-content\/uploads\/2022\/03\/D-004B2-1024x683.jpg\" class=\"attachment-large size-large wp-image-12592\" alt=\"Llanta D-004S D-004B2 59\u00ba North Wheels Espa\u00f1a\" srcset=\"https:\/\/karwork.eu\/wp-content\/uploads\/2022\/03\/D-004B2-1024x683.jpg 1024w, https:\/\/karwork.eu\/wp-content\/uploads\/2022\/03\/D-004B2-300x200.jpg 300w, https:\/\/karwork.eu\/wp-content\/uploads\/2022\/03\/D-004B2-768x512.jpg 768w, https:\/\/karwork.eu\/wp-content\/uploads\/2022\/03\/D-004B2-1536x1024.jpg 1536w, https:\/\/karwork.eu\/wp-content\/uploads\/2022\/03\/D-004B2-2048x1366.jpg 2048w, https:\/\/karwork.eu\/wp-content\/uploads\/2022\/03\/D-004B2-600x400.jpg 600w\" sizes=\"(max-width: 660px) 100vw, 660px\" title=\"\">\t\t\t\t\t\t\t\t\t\t\t\t\t<\/div>\n\t\t\t\t<\/div>\n\t\t\t\t\t<\/div>\n\t\t<\/div>\n\t\t\t\t<div class=\"elementor-column elementor-col-50 elementor-top-column elementor-element elementor-element-801a8b7 exad-glass-effect-no exad-sticky-section-no\" data-id=\"801a8b7\" data-element_type=\"column\">\n\t\t\t<div class=\"elementor-widget-wrap elementor-element-populated\">\n\t\t\t\t\t\t<div class=\"elementor-element elementor-element-df69b93 exad-sticky-section-no exad-glass-effect-no elementor-widget elementor-widget-heading\" data-id=\"df69b93\" data-element_type=\"widget\" data-widget_type=\"heading.default\">\n\t\t\t\t<div class=\"elementor-widget-container\">\n\t\t\t<h2 class=\"elementor-heading-title elementor-size-default\">Pneus 59\u00ba Rodas Norte Espanha e Portugal<\/h2>\t\t<\/div>\n\t\t\t\t<\/div>\n\t\t\t\t<div class=\"elementor-element elementor-element-650aa64 exad-sticky-section-no exad-glass-effect-no elementor-widget elementor-widget-text-editor\" data-id=\"650aa64\" data-element_type=\"widget\" data-widget_type=\"text-editor.default\">\n\t\t\t\t<div class=\"elementor-widget-container\">\n\t\t\t\t\t\t\t<p>Oferecemos-lhe toda a gama de <strong>pneus <a href=\"https:\/\/karwork.eu\/brand\/59-north-wheels\/\">59\u00aa Rodas Norte<\/a> em Espanha e Portugal<\/strong>, a marca que lhe oferece pneus de alta qualidade a um pre\u00e7o muito competitivo. Rodas perfeitas para drifting, TimeAttack ou simplesmente para dar ao seu ve\u00edculo um estilo pr\u00f3prio.<\/p><p>Se voc\u00ea quiser comprar seus pneus <a href=\"https:\/\/karwork.eu\/brand\/59-north-wheels\/\"><strong>59\u00aa Rodas Norte<\/strong><\/a>, karwork.eu \u00e9 a sua loja. <strong>Os \u00fanicos distribuidores oficiais em Espanha e Portugal<\/strong>.<\/p>\t\t\t\t\t\t<\/div>\n\t\t\t\t<\/div>\n\t\t\t\t\t<\/div>\n\t\t<\/div>\n\t\t\t\t\t<\/div>\n\t\t<\/section>\n\t\t\t\t<section class=\"elementor-section elementor-top-section elementor-element elementor-element-49f1ecb elementor-section-boxed elementor-section-height-default elementor-section-height-default exad-glass-effect-no wpr-particle-no wpr-jarallax-no wpr-parallax-no wpr-sticky-section-no exad-sticky-section-no\" data-id=\"49f1ecb\" data-element_type=\"section\">\n\t\t\t\t\t\t<div class=\"elementor-container elementor-column-gap-default\">\n\t\t\t\t\t<div class=\"elementor-column elementor-col-50 elementor-top-column elementor-element elementor-element-c27faea exad-glass-effect-no exad-sticky-section-no\" data-id=\"c27faea\" data-element_type=\"column\">\n\t\t\t<div class=\"elementor-widget-wrap elementor-element-populated\">\n\t\t\t\t\t\t<div class=\"elementor-element elementor-element-deac599 exad-sticky-section-no exad-glass-effect-no elementor-widget elementor-widget-heading\" data-id=\"deac599\" data-element_type=\"widget\" data-widget_type=\"heading.default\">\n\t\t\t\t<div class=\"elementor-widget-container\">\n\t\t\t<h2 class=\"elementor-heading-title elementor-size-default\">Merchandising 59\u00ba North Wheels Espanha e Portugal<\/h2>\t\t<\/div>\n\t\t\t\t<\/div>\n\t\t\t\t<div class=\"elementor-element elementor-element-c8833a7 exad-sticky-section-no exad-glass-effect-no elementor-widget elementor-widget-text-editor\" data-id=\"c8833a7\" data-element_type=\"widget\" data-widget_type=\"text-editor.default\">\n\t\t\t\t<div class=\"elementor-widget-container\">\n\t\t\t\t\t\t\t<p>Voc\u00ea quer um moletom oficial do 59th North Wheels? Lembre-se que Karwork n\u00f3s somos o <strong>\u00fanicos distribuidores oficiais de <a href=\"https:\/\/karwork.eu\/brand\/59-north-wheels\/\">59\u00aa Rodas Norte<\/a> em Espanha e Portugal<\/strong>. Temos todo o merchandising oficial da marca sueca, temos t-shirts, sweatshirts, at\u00e9 \u00f3culos de sol, todos os <strong>merchandising oficial <a href=\"https:\/\/karwork.eu\/brand\/59-north-wheels\/\">59\u00aa Rodas Norte<\/a> em Espanha e Portugal.<\/strong><\/p>\t\t\t\t\t\t<\/div>\n\t\t\t\t<\/div>\n\t\t\t\t\t<\/div>\n\t\t<\/div>\n\t\t\t\t<div class=\"elementor-column elementor-col-50 elementor-top-column elementor-element elementor-element-48578b8 exad-glass-effect-no exad-sticky-section-no\" data-id=\"48578b8\" data-element_type=\"column\">\n\t\t\t<div class=\"elementor-widget-wrap elementor-element-populated\">\n\t\t\t\t\t\t<div class=\"elementor-element elementor-element-3ef98eb exad-sticky-section-no exad-glass-effect-no elementor-widget elementor-widget-image\" data-id=\"3ef98eb\" data-element_type=\"widget\" data-widget_type=\"image.default\">\n\t\t\t\t<div class=\"elementor-widget-container\">\n\t\t\t\t\t\t\t\t\t\t\t\t\t<img loading=\"lazy\" decoding=\"async\" width=\"660\" height=\"495\" src=\"https:\/\/karwork.eu\/wp-content\/uploads\/2022\/04\/2-7.jpg\" class=\"attachment-large size-large wp-image-13290\" alt=\"Gafas sin moldura azul\/verde 59\u00ba North Wheels Espa\u00f1a y Portugal distribuidor oficial\" srcset=\"https:\/\/karwork.eu\/wp-content\/uploads\/2022\/04\/2-7.jpg 720w, https:\/\/karwork.eu\/wp-content\/uploads\/2022\/04\/2-7-300x225.jpg 300w, https:\/\/karwork.eu\/wp-content\/uploads\/2022\/04\/2-7-600x450.jpg 600w\" sizes=\"(max-width: 660px) 100vw, 660px\" title=\"\">\t\t\t\t\t\t\t\t\t\t\t\t\t<\/div>\n\t\t\t\t<\/div>\n\t\t\t\t\t<\/div>\n\t\t<\/div>\n\t\t\t\t\t<\/div>\n\t\t<\/section>\n\t\t\t\t<\/div>","protected":false},"excerpt":{"rendered":"<p>Somos distribuidores oficiales de 59\u00ba North Wheels en Espa\u00f1a y Portugal. Contamos con toda la gama de llantas de 59\u00ba North Wheels as\u00ed como todo el merchandising de la marca sueca. Visita la web oficial de 59 North Wheels Llantas 59\u00ba North Wheels Espa\u00f1a y Portugal Te ofrecemos toda la gama de llantas 59\u00ba North Wheels en Espa\u00f1a y Portugal, la marca que te ofrece llantas de gran calidad a un precio de lo m\u00e1s competitivo. Llantas perfectas para drifting, TimeAttack o simplemente para darle un estilo propio a tu veh\u00edculo. Si quieres comprar tus llantas de 59\u00ba North Wheels, karwork.eu es tu tienda. Los \u00fanicos distribuidores oficiales en Espa\u00f1a y Portugal. Merchandising 59\u00ba North Wheels Espa\u00f1a y Portugal \u00bfQuieres una sudadera oficial de 59\u00ba North Wheels? Recuerda que Karwork somos los \u00fanicos distribuidores oficiales de 59\u00ba North Wheels en Espa\u00f1a y Portugal. Contamos con todo el merchandising oficial de la marca sueca, tenemos camisetas, sudaderas, hasta gafas de sol, todo el merchandising oficial de 59\u00ba North Wheels en Espa\u00f1a y Portugal.<\/p>","protected":false},"author":1,"featured_media":0,"parent":0,"menu_order":0,"comment_status":"closed","ping_status":"closed","template":"","meta":{"_acf_changed":false,"rank_math_lock_modified_date":false,"footnotes":""},"class_list":["post-13837","page","type-page","status-publish","hentry"],"acf":[],"_links":{"self":[{"href":"https:\/\/karwork.eu\/pt\/wp-json\/wp\/v2\/pages\/13837","targetHints":{"allow":["GET"]}}],"collection":[{"href":"https:\/\/karwork.eu\/pt\/wp-json\/wp\/v2\/pages"}],"about":[{"href":"https:\/\/karwork.eu\/pt\/wp-json\/wp\/v2\/types\/page"}],"author":[{"embeddable":true,"href":"https:\/\/karwork.eu\/pt\/wp-json\/wp\/v2\/users\/1"}],"replies":[{"embeddable":true,"href":"https:\/\/karwork.eu\/pt\/wp-json\/wp\/v2\/comments?post=13837"}],"version-history":[{"count":15,"href":"https:\/\/karwork.eu\/pt\/wp-json\/wp\/v2\/pages\/13837\/revisions"}],"predecessor-version":[{"id":21555,"href":"https:\/\/karwork.eu\/pt\/wp-json\/wp\/v2\/pages\/13837\/revisions\/21555"}],"wp:attachment":[{"href":"https:\/\/karwork.eu\/pt\/wp-json\/wp\/v2\/media?parent=13837"}],"curies":[{"name":"wp","href":"https:\/\/api.w.org\/{rel}","templated":true}]}}