{"id":40240,"date":"2026-04-18T13:16:34","date_gmt":"2026-04-18T12:16:34","guid":{"rendered":"https:\/\/karwork.eu\/?post_type=product&#038;p=40240"},"modified":"2026-04-18T14:24:11","modified_gmt":"2026-04-18T13:24:11","slug":"volante-serie-cromatica-de-fibra-de-madera-nrg-innovations-copia","status":"publish","type":"product","link":"https:\/\/karwork.eu\/it\/product\/volante-serie-cromatica-de-fibra-de-madera-nrg-innovations-copia\/","title":{"rendered":"Volante Serie Crom\u00e1tica de fibra de madera &#8211; NRG Innovations"},"content":{"rendered":"","protected":false},"excerpt":{"rendered":"<p>Volante Serie Crom\u00e1tica de fibra de madera<\/p>\n<p>Conoce el volante de la serie crom\u00e1tica con vetas de madera. Tomamos el atractivo atemporal de la veta madera y a\u00f1adimos un redise\u00f1o met\u00e1lico brillante porque el cromo nunca pasa de moda. Desp\u00eddete de los colores tradicionales de la madera y da la bienvenida a un volante con brillo y vibraciones retrofuturistas.<\/p>\n<ul>\n<li><strong>Radios de 13,7&#8243; o 350 mm<\/strong><\/li>\n<li><strong>Profunidad de 2,5&#8243; o 60 mm<\/strong><\/li>\n<li><strong>Radios cromados con rendijas<\/strong><\/li>\n<li><strong>Acabado de pintura met\u00e1lica de color<\/strong><\/li>\n<\/ul>\n<p>&nbsp;<\/p>\n<p><strong>I prodotti NRG Innovations sono progettati esclusivamente per l&#039;uso fuoristrada.<\/strong><\/p>\n<p>&nbsp;<\/p>\n<p>&nbsp;<\/p>","protected":false},"featured_media":40252,"comment_status":"open","ping_status":"closed","template":"","meta":{"_acf_changed":false,"rank_math_lock_modified_date":false},"pwb-brand":[611],"product_cat":[3517,1574],"product_tag":[4129],"class_list":{"0":"post-40240","1":"product","2":"type-product","3":"status-publish","4":"has-post-thumbnail","6":"pwb-brand-nrg-innovations","7":"product_cat-novedades","8":"product_cat-fibras-de-madera","9":"product_tag-volante-serie-cromatica-de-fibra-de-madera","11":"first","12":"instock","13":"taxable","14":"shipping-taxable","15":"purchasable","16":"product-type-simple"},"acf":[],"brands":[{"id":611,"name":"NRG Innovations","slug":"nrg-innovations"}],"_links":{"self":[{"href":"https:\/\/karwork.eu\/it\/wp-json\/wp\/v2\/product\/40240","targetHints":{"allow":["GET"]}}],"collection":[{"href":"https:\/\/karwork.eu\/it\/wp-json\/wp\/v2\/product"}],"about":[{"href":"https:\/\/karwork.eu\/it\/wp-json\/wp\/v2\/types\/product"}],"replies":[{"embeddable":true,"href":"https:\/\/karwork.eu\/it\/wp-json\/wp\/v2\/comments?post=40240"}],"wp:featuredmedia":[{"embeddable":true,"href":"https:\/\/karwork.eu\/it\/wp-json\/wp\/v2\/media\/40252"}],"wp:attachment":[{"href":"https:\/\/karwork.eu\/it\/wp-json\/wp\/v2\/media?parent=40240"}],"wp:term":[{"taxonomy":"pwb-brand","embeddable":true,"href":"https:\/\/karwork.eu\/it\/wp-json\/wp\/v2\/pwb-brand?post=40240"},{"taxonomy":"product_cat","embeddable":true,"href":"https:\/\/karwork.eu\/it\/wp-json\/wp\/v2\/product_cat?post=40240"},{"taxonomy":"product_tag","embeddable":true,"href":"https:\/\/karwork.eu\/it\/wp-json\/wp\/v2\/product_tag?post=40240"}],"curies":[{"name":"wp","href":"https:\/\/api.w.org\/{rel}","templated":true}]}}