{"id":39692,"date":"2025-12-18T19:57:44","date_gmt":"2025-12-18T18:57:44","guid":{"rendered":"https:\/\/karwork.eu\/?post_type=product&#038;p=39692"},"modified":"2025-12-18T19:57:48","modified_gmt":"2025-12-18T18:57:48","slug":"volante-piel-vuelta-jeff-jones-nrg-innovations","status":"publish","type":"product","link":"https:\/\/karwork.eu\/it\/product\/volante-piel-vuelta-jeff-jones-nrg-innovations\/","title":{"rendered":"Volante piel vuelta Jeff Jones &#8211; NRG Innovations"},"content":{"rendered":"","protected":false},"excerpt":{"rendered":"<p>Volante piel vuelta Jeff Jones<\/p>\n<p>En colaboraci\u00f3n con Jeff Jones, tambi\u00e9n conocido como \u00abBIG DRIFT ENERGY\u00bb, su volante ya est\u00e1 aqu\u00ed. Este volante JJR Signature naci\u00f3 para superar tus obst\u00e1culos, miedos y desaf\u00edos. Cada trazo de bordado nos recuerda que debemos dar peque\u00f1os pasos para alcanzar nuestros objetivos. Limitado a 100 unidades \u00fanicamente, cada volante viene con aluminio anodizado rojo, bordados personalizados y un sentido bot\u00f3n clax\u00f3n.<\/p>\n<ul>\n<li><strong>Radios de 350 mm<\/strong><\/li>\n<li><strong>Profundida de 3&#8243;<\/strong><\/li>\n<li><strong>Bordado personalizado con el logotipo \u00abBIG DRIFT ENERGY\u00bb<\/strong><\/li>\n<li><strong>Costura roja<\/strong><\/li>\n<li><strong>Bot\u00f3n de clax\u00f3n personalizado y sentido del coraz\u00f3n<\/strong><\/li>\n<\/ul>\n<p><em><strong>Unidades limitadas fabricadas por 100<\/strong><\/em><\/p>\n<p>&nbsp;<\/p>\n<p><strong>I prodotti NRG Innovations sono progettati esclusivamente per l&#039;uso fuoristrada.<\/strong><\/p>\n<p>&nbsp;<\/p>\n<p>&nbsp;<\/p>","protected":false},"featured_media":39697,"comment_status":"open","ping_status":"closed","template":"","meta":{"_acf_changed":false,"rank_math_lock_modified_date":false},"pwb-brand":[611],"product_cat":[3517,3490],"product_tag":[4128,4127,4126,622],"class_list":{"0":"post-39692","1":"product","2":"type-product","3":"status-publish","4":"has-post-thumbnail","6":"pwb-brand-nrg-innovations","7":"product_cat-novedades","8":"product_cat-ediciones-limitadas","9":"product_tag-big-drift-energy","10":"product_tag-grst-036rd-s-jjr","11":"product_tag-jeff-jones","12":"product_tag-volante","14":"first","15":"instock","16":"taxable","17":"shipping-taxable","18":"purchasable","19":"product-type-simple"},"acf":[],"brands":[{"id":611,"name":"NRG Innovations","slug":"nrg-innovations"}],"_links":{"self":[{"href":"https:\/\/karwork.eu\/it\/wp-json\/wp\/v2\/product\/39692","targetHints":{"allow":["GET"]}}],"collection":[{"href":"https:\/\/karwork.eu\/it\/wp-json\/wp\/v2\/product"}],"about":[{"href":"https:\/\/karwork.eu\/it\/wp-json\/wp\/v2\/types\/product"}],"replies":[{"embeddable":true,"href":"https:\/\/karwork.eu\/it\/wp-json\/wp\/v2\/comments?post=39692"}],"wp:featuredmedia":[{"embeddable":true,"href":"https:\/\/karwork.eu\/it\/wp-json\/wp\/v2\/media\/39697"}],"wp:attachment":[{"href":"https:\/\/karwork.eu\/it\/wp-json\/wp\/v2\/media?parent=39692"}],"wp:term":[{"taxonomy":"pwb-brand","embeddable":true,"href":"https:\/\/karwork.eu\/it\/wp-json\/wp\/v2\/pwb-brand?post=39692"},{"taxonomy":"product_cat","embeddable":true,"href":"https:\/\/karwork.eu\/it\/wp-json\/wp\/v2\/product_cat?post=39692"},{"taxonomy":"product_tag","embeddable":true,"href":"https:\/\/karwork.eu\/it\/wp-json\/wp\/v2\/product_tag?post=39692"}],"curies":[{"name":"wp","href":"https:\/\/api.w.org\/{rel}","templated":true}]}}