{"id":39600,"date":"2025-12-14T17:01:59","date_gmt":"2025-12-14T16:01:59","guid":{"rendered":"https:\/\/karwork.eu\/?post_type=product&#038;p=39600"},"modified":"2025-12-14T17:09:38","modified_gmt":"2025-12-14T16:09:38","slug":"bucket-spectra-violet-nrg-innovations","status":"publish","type":"product","link":"https:\/\/karwork.eu\/it\/product\/bucket-spectra-violet-nrg-innovations\/","title":{"rendered":"Bucket Spectra Violet &#8211; NRG Innovations"},"content":{"rendered":"<p>&nbsp;<\/p>\n<p>&nbsp;<\/p>","protected":false},"excerpt":{"rendered":"<p>Bucket Spectra Violet &#8211; NRG Innovations<\/p>\n<p data-start=\"302\" data-end=\"572\">Conoce la l\u00ednea SPECTRA, la \u00faltima evoluci\u00f3n de asientos dise\u00f1ados para conductores que exigen estabilidad y aspecto, ya sea que est\u00e9s abriendo ca\u00f1ones o empujando de lado con el embrague. Tapizado con microfibra vegana premium, as\u00ed como zonas de alta abrasi\u00f3n, est\u00e1n envueltos en materiales de larga duraci\u00f3n dise\u00f1ados para soportar entradas y salidas constantes. Estos asientos est\u00e1n dise\u00f1ados espec\u00edficamente para mantenerte plantado<span data-start=\"515\" data-end=\"526\">\u00a0E\u00a0<\/span>conectado al coche y as\u00ed poder mantener la fiesta\u2014en la carretera, en los boxes o en el concierto.<\/p>\n<ul>\n<li><span><strong data-start=\"596\" data-end=\"623\">Refuerzo de alto perfil con\u00a0<\/strong><strong data-start=\"757\" data-end=\"794\">ancho de hombro compatible con compactos<\/strong><\/span><\/li>\n<li><strong data-start=\"912\" data-end=\"951\">Confort de microfibra vegano<\/strong><\/li>\n<li><strong data-start=\"1116\" data-end=\"1148\">Compatibilidad con arn\u00e9s de 5 puntos<\/strong><\/li>\n<li><strong data-start=\"1275\" data-end=\"1302\">Zonas de desgaste reforzadas<\/strong><\/li>\n<li><strong data-start=\"1588\" data-end=\"1618\">Fondo de confeti con brillo<\/strong><\/li>\n<\/ul>\n<p><strong>I prodotti NRG Innovations sono progettati esclusivamente per l&#039;uso fuoristrada.<\/strong><\/p>","protected":false},"featured_media":39611,"comment_status":"open","ping_status":"closed","template":"","meta":{"_acf_changed":false,"rank_math_lock_modified_date":false},"pwb-brand":[611],"product_cat":[2230,3517],"product_tag":[4122,3248,623],"class_list":{"0":"post-39600","1":"product","2":"type-product","3":"status-publish","4":"has-post-thumbnail","6":"pwb-brand-nrg-innovations","7":"product_cat-alcantara-asientos","8":"product_cat-novedades","9":"product_tag-bucket-spectra-violet","10":"product_tag-buckets-prisma-ultra","11":"product_tag-nrg-innovations","12":"product_shipping_class-pesados","14":"first","15":"instock","16":"taxable","17":"shipping-taxable","18":"purchasable","19":"product-type-simple"},"acf":[],"brands":[{"id":611,"name":"NRG Innovations","slug":"nrg-innovations"}],"_links":{"self":[{"href":"https:\/\/karwork.eu\/it\/wp-json\/wp\/v2\/product\/39600","targetHints":{"allow":["GET"]}}],"collection":[{"href":"https:\/\/karwork.eu\/it\/wp-json\/wp\/v2\/product"}],"about":[{"href":"https:\/\/karwork.eu\/it\/wp-json\/wp\/v2\/types\/product"}],"replies":[{"embeddable":true,"href":"https:\/\/karwork.eu\/it\/wp-json\/wp\/v2\/comments?post=39600"}],"wp:featuredmedia":[{"embeddable":true,"href":"https:\/\/karwork.eu\/it\/wp-json\/wp\/v2\/media\/39611"}],"wp:attachment":[{"href":"https:\/\/karwork.eu\/it\/wp-json\/wp\/v2\/media?parent=39600"}],"wp:term":[{"taxonomy":"pwb-brand","embeddable":true,"href":"https:\/\/karwork.eu\/it\/wp-json\/wp\/v2\/pwb-brand?post=39600"},{"taxonomy":"product_cat","embeddable":true,"href":"https:\/\/karwork.eu\/it\/wp-json\/wp\/v2\/product_cat?post=39600"},{"taxonomy":"product_tag","embeddable":true,"href":"https:\/\/karwork.eu\/it\/wp-json\/wp\/v2\/product_tag?post=39600"}],"curies":[{"name":"wp","href":"https:\/\/api.w.org\/{rel}","templated":true}]}}