{"id":33374,"date":"2025-06-07T12:02:02","date_gmt":"2025-06-07T11:02:02","guid":{"rendered":"https:\/\/karwork.eu\/?post_type=product&#038;p=33374"},"modified":"2025-06-07T12:03:27","modified_gmt":"2025-06-07T11:03:27","slug":"knp-k12h-kansei-wheels","status":"publish","type":"product","link":"https:\/\/karwork.eu\/it\/product\/knp-k12h-kansei-wheels\/","title":{"rendered":"KNP K12H &#8211; KANSEI WHEELS"},"content":{"rendered":"","protected":false},"excerpt":{"rendered":"<p>KNP K12H &#8211; KANSEI WHEELS<\/p>\n<p>KNP es la de 5 radios perfectamente equilibrada envuelta en un labio escalonado cl\u00e1sico. Cada tama\u00f1o de KNP cuenta con una cara c\u00f3ncava y est\u00e1 calibrado para frenos grandes, al tiempo que mantiene una construcci\u00f3n fuerte y liviana. Esta es realmente la llanta construida para hacerlo todo, desde la pista hasta la calle, su autom\u00f3vil complementar\u00e1 definitivamente el KNP.<\/p>","protected":false},"featured_media":32599,"comment_status":"closed","ping_status":"closed","template":"","meta":{"_acf_changed":false,"rank_math_lock_modified_date":false},"pwb-brand":[3741],"product_cat":[2258],"product_tag":[3742,3743],"class_list":{"0":"post-33374","1":"product","2":"type-product","3":"status-publish","4":"has-post-thumbnail","6":"pwb-brand-kansei","7":"product_cat-llantas-coche","8":"product_tag-kansei-wheels","9":"product_tag-llantas-kansei","11":"first","12":"instock","13":"taxable","14":"shipping-taxable","15":"purchasable","16":"product-type-variable"},"acf":[],"brands":[{"id":3741,"name":"Kansei","slug":"kansei"}],"_links":{"self":[{"href":"https:\/\/karwork.eu\/it\/wp-json\/wp\/v2\/product\/33374","targetHints":{"allow":["GET"]}}],"collection":[{"href":"https:\/\/karwork.eu\/it\/wp-json\/wp\/v2\/product"}],"about":[{"href":"https:\/\/karwork.eu\/it\/wp-json\/wp\/v2\/types\/product"}],"replies":[{"embeddable":true,"href":"https:\/\/karwork.eu\/it\/wp-json\/wp\/v2\/comments?post=33374"}],"wp:featuredmedia":[{"embeddable":true,"href":"https:\/\/karwork.eu\/it\/wp-json\/wp\/v2\/media\/32599"}],"wp:attachment":[{"href":"https:\/\/karwork.eu\/it\/wp-json\/wp\/v2\/media?parent=33374"}],"wp:term":[{"taxonomy":"pwb-brand","embeddable":true,"href":"https:\/\/karwork.eu\/it\/wp-json\/wp\/v2\/pwb-brand?post=33374"},{"taxonomy":"product_cat","embeddable":true,"href":"https:\/\/karwork.eu\/it\/wp-json\/wp\/v2\/product_cat?post=33374"},{"taxonomy":"product_tag","embeddable":true,"href":"https:\/\/karwork.eu\/it\/wp-json\/wp\/v2\/product_tag?post=33374"}],"curies":[{"name":"wp","href":"https:\/\/api.w.org\/{rel}","templated":true}]}}