{"id":32493,"date":"2024-11-24T12:59:01","date_gmt":"2024-11-24T12:59:01","guid":{"rendered":"https:\/\/karwork.eu\/?post_type=product&#038;p=32493"},"modified":"2024-11-24T13:12:20","modified_gmt":"2024-11-24T13:12:20","slug":"buckets-prisma-wave-nrg-innovations","status":"publish","type":"product","link":"https:\/\/karwork.eu\/it\/product\/buckets-prisma-wave-nrg-innovations\/","title":{"rendered":"Buckets Prisma Wave &#8211; NRG Innovations"},"content":{"rendered":"","protected":false},"excerpt":{"rendered":"<p>Bucket Prisma Wave &#8211; Buckets que ofrecen comodidad e innovaci\u00f3n inigualables con doble capa de FRP, compatibilidad con arneses de 5 puntos y respaldo de color naranja. Envuelto en material satinado vegano y aislado con espuma de densidad mixta seleccionada a mano. Dos bolsillos de almacenamiento ubicados en los cojines de los asientos delanteros, a un precio asequible. Soporte de montaje inferior universal incluido. Estampado colorido\u00a0que rinde homenaje a\u00a0<em>la Gran Ola de Kanagawa<\/em>, que sigue siendo una obra maestra atemporal, que captura el poder y la belleza de la naturaleza a trav\u00e9s de l\u00edneas audaces y una composici\u00f3n din\u00e1mica. Acabado satinado vegano con bordado ULTRA y back naranja brillante, en talla M y L. Disponible bajo pedido.<\/p>\n<p>&nbsp;<\/p>\n<p><strong>I prodotti NRG Innovations sono progettati esclusivamente per l&#039;uso fuoristrada.<\/strong><\/p>","protected":false},"featured_media":32463,"comment_status":"open","ping_status":"closed","template":"","meta":{"_acf_changed":false,"rank_math_lock_modified_date":false},"pwb-brand":[611],"product_cat":[3242,3517],"product_tag":[683,3732,623],"class_list":{"0":"post-32493","1":"product","2":"type-product","3":"status-publish","4":"has-post-thumbnail","6":"pwb-brand-nrg-innovations","7":"product_cat-estampado","8":"product_cat-novedades","9":"product_tag-buckets","10":"product_tag-buckets-prisma-wave-nrg-innovations","11":"product_tag-nrg-innovations","12":"product_shipping_class-pesados","14":"first","15":"instock","16":"taxable","17":"shipping-taxable","18":"purchasable","19":"product-type-variable"},"acf":[],"brands":[{"id":611,"name":"NRG Innovations","slug":"nrg-innovations"}],"_links":{"self":[{"href":"https:\/\/karwork.eu\/it\/wp-json\/wp\/v2\/product\/32493","targetHints":{"allow":["GET"]}}],"collection":[{"href":"https:\/\/karwork.eu\/it\/wp-json\/wp\/v2\/product"}],"about":[{"href":"https:\/\/karwork.eu\/it\/wp-json\/wp\/v2\/types\/product"}],"replies":[{"embeddable":true,"href":"https:\/\/karwork.eu\/it\/wp-json\/wp\/v2\/comments?post=32493"}],"wp:featuredmedia":[{"embeddable":true,"href":"https:\/\/karwork.eu\/it\/wp-json\/wp\/v2\/media\/32463"}],"wp:attachment":[{"href":"https:\/\/karwork.eu\/it\/wp-json\/wp\/v2\/media?parent=32493"}],"wp:term":[{"taxonomy":"pwb-brand","embeddable":true,"href":"https:\/\/karwork.eu\/it\/wp-json\/wp\/v2\/pwb-brand?post=32493"},{"taxonomy":"product_cat","embeddable":true,"href":"https:\/\/karwork.eu\/it\/wp-json\/wp\/v2\/product_cat?post=32493"},{"taxonomy":"product_tag","embeddable":true,"href":"https:\/\/karwork.eu\/it\/wp-json\/wp\/v2\/product_tag?post=32493"}],"curies":[{"name":"wp","href":"https:\/\/api.w.org\/{rel}","templated":true}]}}