{"id":32480,"date":"2024-11-19T11:25:28","date_gmt":"2024-11-19T11:25:28","guid":{"rendered":"https:\/\/karwork.eu\/?post_type=product&#038;p=32480"},"modified":"2024-11-19T11:27:23","modified_gmt":"2024-11-19T11:27:23","slug":"buckets-racing-reclinable-blue-nrg-innovations","status":"publish","type":"product","link":"https:\/\/karwork.eu\/it\/product\/buckets-racing-reclinable-blue-nrg-innovations\/","title":{"rendered":"Buckets Racing Reclinable Blue &#8211; NRG Innovations"},"content":{"rendered":"","protected":false},"excerpt":{"rendered":"<p>Buckets Racing Reclinable Blue &#8211; El asiento Blue es el complemento perfecto para cualquier veh\u00edculo, ya sea un coche de carreras, o incluso un auto de exhibici\u00f3n\/ stance. Los nuevos buckets reclinables le brindan apoyo adicional para los hombros y los costados. La seguridad, el rendimiento y el estilo est\u00e1n en una correlaci\u00f3n \u00f3ptima. El asiento cuenta estampado pi\u00f1a y con soporte reforzados.<strong> Precio por par, ya que se venden en pares.<\/strong> Disponible bajo pedido.<\/p>\n<p>&nbsp;<\/p>\n<p><strong>I prodotti NRG Innovations sono progettati esclusivamente per l&#039;uso fuoristrada.<\/strong><\/p>","protected":false},"featured_media":32473,"comment_status":"open","ping_status":"closed","template":"","meta":{"_acf_changed":false,"rank_math_lock_modified_date":false},"pwb-brand":[611],"product_cat":[2231],"product_tag":[683,2811,623,3728],"class_list":{"0":"post-32480","1":"product","2":"type-product","3":"status-publish","4":"has-post-thumbnail","6":"pwb-brand-nrg-innovations","7":"product_cat-reclinable","8":"product_tag-buckets","9":"product_tag-buckets-racing-reclinable-pina-nrg-innovations","10":"product_tag-nrg-innovations","11":"product_tag-rsc-710l_r-blue","12":"product_shipping_class-pesados","14":"first","15":"instock","16":"taxable","17":"shipping-taxable","18":"purchasable","19":"product-type-simple"},"acf":[],"brands":[{"id":611,"name":"NRG Innovations","slug":"nrg-innovations"}],"_links":{"self":[{"href":"https:\/\/karwork.eu\/it\/wp-json\/wp\/v2\/product\/32480","targetHints":{"allow":["GET"]}}],"collection":[{"href":"https:\/\/karwork.eu\/it\/wp-json\/wp\/v2\/product"}],"about":[{"href":"https:\/\/karwork.eu\/it\/wp-json\/wp\/v2\/types\/product"}],"replies":[{"embeddable":true,"href":"https:\/\/karwork.eu\/it\/wp-json\/wp\/v2\/comments?post=32480"}],"wp:featuredmedia":[{"embeddable":true,"href":"https:\/\/karwork.eu\/it\/wp-json\/wp\/v2\/media\/32473"}],"wp:attachment":[{"href":"https:\/\/karwork.eu\/it\/wp-json\/wp\/v2\/media?parent=32480"}],"wp:term":[{"taxonomy":"pwb-brand","embeddable":true,"href":"https:\/\/karwork.eu\/it\/wp-json\/wp\/v2\/pwb-brand?post=32480"},{"taxonomy":"product_cat","embeddable":true,"href":"https:\/\/karwork.eu\/it\/wp-json\/wp\/v2\/product_cat?post=32480"},{"taxonomy":"product_tag","embeddable":true,"href":"https:\/\/karwork.eu\/it\/wp-json\/wp\/v2\/product_tag?post=32480"}],"curies":[{"name":"wp","href":"https:\/\/api.w.org\/{rel}","templated":true}]}}