{"id":32373,"date":"2024-10-20T14:40:37","date_gmt":"2024-10-20T14:40:37","guid":{"rendered":"https:\/\/karwork.eu\/?post_type=product&#038;p=32373"},"modified":"2024-10-20T14:54:41","modified_gmt":"2024-10-20T14:54:41","slug":"volante-piel-vuelta-dish-spooky-signature-nrg-innovations","status":"publish","type":"product","link":"https:\/\/karwork.eu\/it\/product\/volante-piel-vuelta-dish-spooky-signature-nrg-innovations\/","title":{"rendered":"Volante piel vuelta Dish Spooky &#8211; NRG Innovations"},"content":{"rendered":"","protected":false},"excerpt":{"rendered":"<p>Volante piel vuelta Dish Spooky &#8211; Volante reforzado de 350mm con 75 mm de profundidad, envuelto en piel vuelta premium que cubre espuma de inyecci\u00f3n de alta densidad para un agarre perfecto. Peso ligero con radios remachados dobles para una mayor resistencia. Dise\u00f1o inspirado Halloween, sutiles bordados de fantamas, calabazas, murci\u00e9lagos,&#8230; todo lo necesario para un Halloween terror\u00edfico.<\/p>\n<p>&nbsp;<\/p>\n<p><strong>I prodotti NRG Innovations sono progettati esclusivamente per l&#039;uso fuoristrada.<\/strong><\/p>","protected":false},"featured_media":32357,"comment_status":"open","ping_status":"closed","template":"","meta":{"_acf_changed":false,"rank_math_lock_modified_date":false},"pwb-brand":[611],"product_cat":[3517,1568],"product_tag":[623,1582,2282,622,3725],"class_list":{"0":"post-32373","1":"product","2":"type-product","3":"status-publish","4":"has-post-thumbnail","6":"pwb-brand-nrg-innovations","7":"product_cat-novedades","8":"product_cat-piel-vuelta","9":"product_tag-nrg-innovations","10":"product_tag-piel-vuelta","11":"product_tag-steering-wheels","12":"product_tag-volante","13":"product_tag-volante-piel-vuelta-forrest-wang-signature","15":"first","16":"instock","17":"taxable","18":"shipping-taxable","19":"purchasable","20":"product-type-simple"},"acf":[],"brands":[{"id":611,"name":"NRG Innovations","slug":"nrg-innovations"}],"_links":{"self":[{"href":"https:\/\/karwork.eu\/it\/wp-json\/wp\/v2\/product\/32373","targetHints":{"allow":["GET"]}}],"collection":[{"href":"https:\/\/karwork.eu\/it\/wp-json\/wp\/v2\/product"}],"about":[{"href":"https:\/\/karwork.eu\/it\/wp-json\/wp\/v2\/types\/product"}],"replies":[{"embeddable":true,"href":"https:\/\/karwork.eu\/it\/wp-json\/wp\/v2\/comments?post=32373"}],"wp:featuredmedia":[{"embeddable":true,"href":"https:\/\/karwork.eu\/it\/wp-json\/wp\/v2\/media\/32357"}],"wp:attachment":[{"href":"https:\/\/karwork.eu\/it\/wp-json\/wp\/v2\/media?parent=32373"}],"wp:term":[{"taxonomy":"pwb-brand","embeddable":true,"href":"https:\/\/karwork.eu\/it\/wp-json\/wp\/v2\/pwb-brand?post=32373"},{"taxonomy":"product_cat","embeddable":true,"href":"https:\/\/karwork.eu\/it\/wp-json\/wp\/v2\/product_cat?post=32373"},{"taxonomy":"product_tag","embeddable":true,"href":"https:\/\/karwork.eu\/it\/wp-json\/wp\/v2\/product_tag?post=32373"}],"curies":[{"name":"wp","href":"https:\/\/api.w.org\/{rel}","templated":true}]}}