{"id":32329,"date":"2024-10-19T16:14:44","date_gmt":"2024-10-19T16:14:44","guid":{"rendered":"https:\/\/karwork.eu\/?post_type=product&#038;p=32329"},"modified":"2025-12-02T22:01:48","modified_gmt":"2025-12-02T21:01:48","slug":"buckets-dragon-nrg-innovations-copia","status":"publish","type":"product","link":"https:\/\/karwork.eu\/it\/product\/buckets-dragon-nrg-innovations-copia\/","title":{"rendered":"Buckets Dragon &#8211; NRG Innovations"},"content":{"rendered":"","protected":false},"excerpt":{"rendered":"<p>Buckets Dragon &#8211; Para celebrar el A\u00f1o del Drag\u00f3n 2024, The prisma lab ha lanzado un bucket inspirado en el drag\u00f3n, el primero de su tipo. Envuelto en lujoso Alcantara y aislado con espuma de densidad mixta seleccionada a mano. Con su logotipo de drag\u00f3n bordado a medida, representa metaf\u00f3ricamente un \u00abdrag\u00f3n entre la gente\u00bb, que simboliza a un individuo extraordinario. En la cultura china, el drag\u00f3n representa el poder, la fuerza y la buena fortuna, y este asiento encarna estos rasgos a la perfecci\u00f3n. Adem\u00e1s, canaliza el Esp\u00edritu del Drag\u00f3n y el Caballo, enfatizando la fuerza, la energ\u00eda y la vitalidad, ideal para los pilotos que buscan capturar la esencia del rendimiento.<\/p>\n<p>Dise\u00f1ado para arneses de hasta 6 puntos y bolsillos para smarthphone. Disponible bajo pedido.<\/p>\n<p><strong>I prodotti NRG Innovations sono progettati esclusivamente per l&#039;uso fuoristrada.<\/strong><\/p>\n<h6>*Productos originales NRG Innovations.<\/h6>","protected":false},"featured_media":32345,"comment_status":"open","ping_status":"closed","template":"","meta":{"_acf_changed":false,"rank_math_lock_modified_date":false},"pwb-brand":[611],"product_cat":[2230,3517],"product_tag":[683,3717,3718,623,3719],"class_list":{"0":"post-32329","1":"product","2":"type-product","3":"status-publish","4":"has-post-thumbnail","6":"pwb-brand-nrg-innovations","7":"product_cat-alcantara-asientos","8":"product_cat-novedades","9":"product_tag-buckets","10":"product_tag-bukets-dragon","11":"product_tag-frp-302bk-drgn-n","12":"product_tag-nrg-innovations","13":"product_tag-the-prisma-lab","14":"product_shipping_class-pesados","16":"first","17":"instock","18":"taxable","19":"shipping-taxable","20":"purchasable","21":"product-type-variable"},"acf":[],"brands":[{"id":611,"name":"NRG Innovations","slug":"nrg-innovations"}],"_links":{"self":[{"href":"https:\/\/karwork.eu\/it\/wp-json\/wp\/v2\/product\/32329","targetHints":{"allow":["GET"]}}],"collection":[{"href":"https:\/\/karwork.eu\/it\/wp-json\/wp\/v2\/product"}],"about":[{"href":"https:\/\/karwork.eu\/it\/wp-json\/wp\/v2\/types\/product"}],"replies":[{"embeddable":true,"href":"https:\/\/karwork.eu\/it\/wp-json\/wp\/v2\/comments?post=32329"}],"wp:featuredmedia":[{"embeddable":true,"href":"https:\/\/karwork.eu\/it\/wp-json\/wp\/v2\/media\/32345"}],"wp:attachment":[{"href":"https:\/\/karwork.eu\/it\/wp-json\/wp\/v2\/media?parent=32329"}],"wp:term":[{"taxonomy":"pwb-brand","embeddable":true,"href":"https:\/\/karwork.eu\/it\/wp-json\/wp\/v2\/pwb-brand?post=32329"},{"taxonomy":"product_cat","embeddable":true,"href":"https:\/\/karwork.eu\/it\/wp-json\/wp\/v2\/product_cat?post=32329"},{"taxonomy":"product_tag","embeddable":true,"href":"https:\/\/karwork.eu\/it\/wp-json\/wp\/v2\/product_tag?post=32329"}],"curies":[{"name":"wp","href":"https:\/\/api.w.org\/{rel}","templated":true}]}}