{"id":28677,"date":"2024-06-11T20:11:10","date_gmt":"2024-06-11T20:11:10","guid":{"rendered":"https:\/\/karwork.eu\/?post_type=product&#038;p=28677"},"modified":"2024-07-09T16:37:48","modified_gmt":"2024-07-09T16:37:48","slug":"2-0-quick-release-extraible-rapido-20-anniversary-nrg-innovations","status":"publish","type":"product","link":"https:\/\/karwork.eu\/it\/product\/2-0-quick-release-extraible-rapido-20-anniversary-nrg-innovations\/","title":{"rendered":"2.0 Quick Release Extraible R\u00e1pido 20 anniversary &#8211; NRG Innovations"},"content":{"rendered":"","protected":false},"excerpt":{"rendered":"<p>2.0 Quick Release Extraible R\u00e1pido 20 anniversary \u2013\u00a0 La Generaci\u00f3n 2.0. el Quick Release m\u00e1s vendidade 2.5\u2033 que presenta muchas opciones que el sistema convencional de liberaci\u00f3n r\u00e1pida con bloqueo de bola no ofrece. Est\u00e1 especialmente dise\u00f1ada con secciones elevadas para evitar que se raye y se estire, mientras que una funci\u00f3n de bloqueo autom\u00e1tico agrega mayor seguridad y funcionalidad. Cada unidad est\u00e1 hecha de aluminio de grado aeron\u00e1utico de la m\u00e1s alta calidad y est\u00e1 anodizada para una m\u00e1xima durabilidad y acabado. Cables de bocina incluidos, patr\u00f3n de pernos de 6\u00d770 mm y 6\u00d774 mm del lado del volante. Acabado verde esmeralda, 2.5 pulgadas de profundidad.<\/p>\n<p><strong>Edici\u00f3n limitada 20 anniversary NRG Innovations<\/strong><\/p>\n<p>&nbsp;<\/p>\n<p><strong>I prodotti NRG Innovations sono progettati esclusivamente per l&#039;uso fuoristrada.<\/strong><\/p>","protected":false},"featured_media":28682,"comment_status":"open","ping_status":"closed","template":"","meta":{"_acf_changed":false,"rank_math_lock_modified_date":false},"pwb-brand":[611],"product_cat":[3517,3536,2235],"product_tag":[3626,3625,2290,623,648],"class_list":{"0":"post-28677","1":"product","2":"type-product","3":"status-publish","4":"has-post-thumbnail","6":"pwb-brand-nrg-innovations","7":"product_cat-novedades","8":"product_cat-colaboraciones","9":"product_cat-ding","10":"product_tag-20-aniversary","11":"product_tag-20-anniversary","12":"product_tag-extraible","13":"product_tag-nrg-innovations","14":"product_tag-quick-release","16":"first","17":"instock","18":"taxable","19":"shipping-taxable","20":"purchasable","21":"product-type-simple"},"acf":[],"brands":[{"id":611,"name":"NRG Innovations","slug":"nrg-innovations"}],"_links":{"self":[{"href":"https:\/\/karwork.eu\/it\/wp-json\/wp\/v2\/product\/28677","targetHints":{"allow":["GET"]}}],"collection":[{"href":"https:\/\/karwork.eu\/it\/wp-json\/wp\/v2\/product"}],"about":[{"href":"https:\/\/karwork.eu\/it\/wp-json\/wp\/v2\/types\/product"}],"replies":[{"embeddable":true,"href":"https:\/\/karwork.eu\/it\/wp-json\/wp\/v2\/comments?post=28677"}],"wp:featuredmedia":[{"embeddable":true,"href":"https:\/\/karwork.eu\/it\/wp-json\/wp\/v2\/media\/28682"}],"wp:attachment":[{"href":"https:\/\/karwork.eu\/it\/wp-json\/wp\/v2\/media?parent=28677"}],"wp:term":[{"taxonomy":"pwb-brand","embeddable":true,"href":"https:\/\/karwork.eu\/it\/wp-json\/wp\/v2\/pwb-brand?post=28677"},{"taxonomy":"product_cat","embeddable":true,"href":"https:\/\/karwork.eu\/it\/wp-json\/wp\/v2\/product_cat?post=28677"},{"taxonomy":"product_tag","embeddable":true,"href":"https:\/\/karwork.eu\/it\/wp-json\/wp\/v2\/product_tag?post=28677"}],"curies":[{"name":"wp","href":"https:\/\/api.w.org\/{rel}","templated":true}]}}