{"id":27160,"date":"2024-01-11T22:42:01","date_gmt":"2024-01-11T22:42:01","guid":{"rendered":"https:\/\/karwork.eu\/product\/v1-strut-bar-con-red\/"},"modified":"2024-05-11T13:21:21","modified_gmt":"2024-05-11T13:21:21","slug":"v1-strut-bar-con-red","status":"publish","type":"product","link":"https:\/\/karwork.eu\/it\/product\/v1-strut-bar-con-red\/","title":{"rendered":"V1: Strut Bar con Red VW UP!"},"content":{"rendered":"","protected":false},"excerpt":{"rendered":"<p>Il kit di sostituzione del sedile posteriore V1 Stern Performance Parts sostituisce la panca del sedile posteriore con una barra duomi e l&#039;aggiunta di una rete.<\/p>\n<p>Questo kit \u00e8 particolarmente adatto per gli appassionati di sport motoristici che rimuovono i sedili posteriori per la pista.<br \/>\nIl conseguente risparmio di peso migliora le prestazioni e conferisce al veicolo un aspetto OEM sportivo.<\/p>\n<p>La barra duomi \u00e8 saldamente imbullonata al supporto del sedile, la rete \u00e8 collegata ai punti Isofix tramite anelli di rete.<\/p>\n<p>Tutti i prodotti sono realizzati a mano in Germania da produttori esperti secondo i pi\u00f9 alti standard di qualit\u00e0.<br \/>\nStern Performance Parts ha elevati standard di qualit\u00e0 e attribuisce grande importanza alla qualit\u00e0 del prodotto e alle cuciture pulite.<\/p>\n<p>Il tempo di produzione \u00e8 di circa 5-6 settimane. La data di consegna specificata \u00e8 approssimativamente stimata, concediamo altre 2 settimane se il numero di ordini \u00e8 elevato.<\/p>\n<p>*Caracter\u00edsticas especiales de los productos hechos a medida (barra de puntal y red)<br \/>\nSi prega di notare che i nostri prodotti sono realizzati su richiesta del cliente e sono realizzati su misura.<br \/>\nPertanto, i nostri prodotti sostitutivi del sedile posteriore NON POSSONO ESSERE CAMBIATI E NON SONO ACCETTATI ANNULLAMENTI, CAMBI O RESI. Purtroppo non possiamo fare eccezioni.<\/p>","protected":false},"featured_media":28092,"comment_status":"closed","ping_status":"closed","template":"","meta":{"_acf_changed":false,"rank_math_lock_modified_date":false},"pwb-brand":[1331],"product_cat":[3083],"product_tag":[1337,1336,50,1335,1334,1338,1204,1469,1205,1468],"class_list":{"0":"post-27160","1":"product","2":"type-product","3":"status-publish","4":"has-post-thumbnail","6":"pwb-brand-stern-performance-parts","7":"product_cat-vw","8":"product_tag-barra","9":"product_tag-moqueta","10":"product_tag-red","11":"product_tag-stern-performance","12":"product_tag-strut-bar","13":"product_tag-v1","14":"product_tag-volkswagen","15":"product_tag-volkswagen-up","16":"product_tag-vw","17":"product_tag-vw-up","19":"first","20":"instock","21":"taxable","22":"shipping-taxable","23":"purchasable","24":"product-type-variable","25":"has-default-attributes"},"acf":[],"brands":[{"id":1331,"name":"Stern Performance Parts","slug":"stern-performance-parts"}],"_links":{"self":[{"href":"https:\/\/karwork.eu\/it\/wp-json\/wp\/v2\/product\/27160","targetHints":{"allow":["GET"]}}],"collection":[{"href":"https:\/\/karwork.eu\/it\/wp-json\/wp\/v2\/product"}],"about":[{"href":"https:\/\/karwork.eu\/it\/wp-json\/wp\/v2\/types\/product"}],"replies":[{"embeddable":true,"href":"https:\/\/karwork.eu\/it\/wp-json\/wp\/v2\/comments?post=27160"}],"wp:featuredmedia":[{"embeddable":true,"href":"https:\/\/karwork.eu\/it\/wp-json\/wp\/v2\/media\/28092"}],"wp:attachment":[{"href":"https:\/\/karwork.eu\/it\/wp-json\/wp\/v2\/media?parent=27160"}],"wp:term":[{"taxonomy":"pwb-brand","embeddable":true,"href":"https:\/\/karwork.eu\/it\/wp-json\/wp\/v2\/pwb-brand?post=27160"},{"taxonomy":"product_cat","embeddable":true,"href":"https:\/\/karwork.eu\/it\/wp-json\/wp\/v2\/product_cat?post=27160"},{"taxonomy":"product_tag","embeddable":true,"href":"https:\/\/karwork.eu\/it\/wp-json\/wp\/v2\/product_tag?post=27160"}],"curies":[{"name":"wp","href":"https:\/\/api.w.org\/{rel}","templated":true}]}}