{"id":25952,"date":"2023-12-08T12:54:06","date_gmt":"2023-12-08T12:54:06","guid":{"rendered":"https:\/\/karwork.eu\/?post_type=product&#038;p=25952"},"modified":"2024-05-14T14:08:44","modified_gmt":"2024-05-14T14:08:44","slug":"buckets-racing-reclinable-sakura-nrg-innovations","status":"publish","type":"product","link":"https:\/\/karwork.eu\/it\/product\/buckets-racing-reclinable-sakura-nrg-innovations\/","title":{"rendered":"Buckets Racing Reclinable Sakura &#8211; NRG Innovations"},"content":{"rendered":"","protected":false},"excerpt":{"rendered":"<p>Buckets Racing Reclinable Sakura &#8211; El asiento Sakura es el complemento perfecto para cualquier veh\u00edculo, ya sea un coche de carreras, o incluso un auto de exhibici\u00f3n\/ stance. Los nuevos buckets reclinables le brindan apoyo adicional para los hombros y los costados. La seguridad, el rendimiento y el estilo est\u00e1n en una correlaci\u00f3n \u00f3ptima. El asiento cuenta estampado sakura y con soporte reforzados.<strong> Precio por par ya que se venden en pares.<\/strong> Disponible bajo pedido.<\/p>\n<p>&nbsp;<\/p>\n<p><strong>I prodotti NRG Innovations sono progettati esclusivamente per l&#039;uso fuoristrada.<\/strong><\/p>","protected":false},"featured_media":25960,"comment_status":"open","ping_status":"closed","template":"","meta":{"_acf_changed":false,"rank_math_lock_modified_date":false},"pwb-brand":[611],"product_cat":[2231],"product_tag":[683,2806,623,3448,2226],"class_list":{"0":"post-25952","1":"product","2":"type-product","3":"status-publish","4":"has-post-thumbnail","6":"pwb-brand-nrg-innovations","7":"product_cat-reclinable","8":"product_tag-buckets","9":"product_tag-buckets-racing-reclinable-sakura-nrg-innovations","10":"product_tag-nrg-innovations","11":"product_tag-rsc-710-l-r-sakura","12":"product_tag-sakura","13":"product_shipping_class-pesados","15":"first","16":"instock","17":"taxable","18":"shipping-taxable","19":"purchasable","20":"product-type-simple"},"acf":[],"brands":[{"id":611,"name":"NRG Innovations","slug":"nrg-innovations"}],"_links":{"self":[{"href":"https:\/\/karwork.eu\/it\/wp-json\/wp\/v2\/product\/25952","targetHints":{"allow":["GET"]}}],"collection":[{"href":"https:\/\/karwork.eu\/it\/wp-json\/wp\/v2\/product"}],"about":[{"href":"https:\/\/karwork.eu\/it\/wp-json\/wp\/v2\/types\/product"}],"replies":[{"embeddable":true,"href":"https:\/\/karwork.eu\/it\/wp-json\/wp\/v2\/comments?post=25952"}],"wp:featuredmedia":[{"embeddable":true,"href":"https:\/\/karwork.eu\/it\/wp-json\/wp\/v2\/media\/25960"}],"wp:attachment":[{"href":"https:\/\/karwork.eu\/it\/wp-json\/wp\/v2\/media?parent=25952"}],"wp:term":[{"taxonomy":"pwb-brand","embeddable":true,"href":"https:\/\/karwork.eu\/it\/wp-json\/wp\/v2\/pwb-brand?post=25952"},{"taxonomy":"product_cat","embeddable":true,"href":"https:\/\/karwork.eu\/it\/wp-json\/wp\/v2\/product_cat?post=25952"},{"taxonomy":"product_tag","embeddable":true,"href":"https:\/\/karwork.eu\/it\/wp-json\/wp\/v2\/product_tag?post=25952"}],"curies":[{"name":"wp","href":"https:\/\/api.w.org\/{rel}","templated":true}]}}