{"id":25066,"date":"2023-10-13T09:42:45","date_gmt":"2023-10-13T09:42:45","guid":{"rendered":"https:\/\/karwork.eu\/product\/race-short-hub-srk-rl160h-bk\/"},"modified":"2024-05-15T17:28:28","modified_gmt":"2024-05-15T17:28:28","slug":"race-short-hub-srk-rl160h-bk","status":"publish","type":"product","link":"https:\/\/karwork.eu\/it\/product\/race-short-hub-srk-rl160h-bk\/","title":{"rendered":"Mozzo corto da gara \u2013 SRK-RL160H-BK"},"content":{"rendered":"","protected":false},"excerpt":{"rendered":"<p>Race Short Hub &#8211; SRK-RL160H-BK &#8211; Gracias a los race hub, ahorramos m\u00e1s de una pulgada en la altura del volante. La pi\u00f1a de circuito race hub, contecta directamente a tu extra\u00edble r\u00e1pido \u2013 quick release, sin la necesidad de la instalaci\u00f3n de una pi\u00f1a tradicional. De esta manera reducimos peso, altura con una opci\u00f3n m\u00e1s asequible con un dise\u00f1o de lo m\u00e1s discreto. Para la instalaci\u00f3n de las pi\u00f1as de circuito es necesario tener un extra\u00edble r\u00e1pido \u2013 quick release NRG.<\/p>\n<p>Modelli compatibili; Hyundai Accent (tutte), Hyundai Genesis (tutte), Hyundai Tiburon (tutte), Kia Forte (tutte), Kia Optima (tutte), Kia Rio (tutte), Kia Rondo (tutte), Kia Spectra (tutte), Mazda 626 (tutte), Mazda Miata (NA, NB) (tutte), Mazda Protege (tutte), Mazda RX-7 (tutte), Mazda RX-8 (tutte), Mazda MX-3 (tutte), Mazda MX-6 (tutte tutti), tutti).<\/p>\n<p><strong>I prodotti NRG Innovations sono progettati esclusivamente per l&#039;uso fuoristrada.<\/strong><\/p>","protected":false},"featured_media":25105,"comment_status":"closed","ping_status":"closed","template":"","meta":{"_acf_changed":false,"rank_math_lock_modified_date":false},"pwb-brand":[611],"product_cat":[2729],"product_tag":[623,2708,681,2707,2719],"class_list":{"0":"post-25066","1":"product","2":"type-product","3":"status-publish","4":"has-post-thumbnail","6":"pwb-brand-nrg-innovations","7":"product_cat-pina-circuito-race-hub","8":"product_tag-nrg-innovations","9":"product_tag-pina-race","10":"product_tag-pina-volante","11":"product_tag-race-hub","12":"product_tag-srk-rl160h-bk","14":"first","15":"instock","16":"taxable","17":"shipping-taxable","18":"purchasable","19":"product-type-simple"},"acf":[],"brands":[{"id":611,"name":"NRG Innovations","slug":"nrg-innovations"}],"_links":{"self":[{"href":"https:\/\/karwork.eu\/it\/wp-json\/wp\/v2\/product\/25066","targetHints":{"allow":["GET"]}}],"collection":[{"href":"https:\/\/karwork.eu\/it\/wp-json\/wp\/v2\/product"}],"about":[{"href":"https:\/\/karwork.eu\/it\/wp-json\/wp\/v2\/types\/product"}],"replies":[{"embeddable":true,"href":"https:\/\/karwork.eu\/it\/wp-json\/wp\/v2\/comments?post=25066"}],"wp:featuredmedia":[{"embeddable":true,"href":"https:\/\/karwork.eu\/it\/wp-json\/wp\/v2\/media\/25105"}],"wp:attachment":[{"href":"https:\/\/karwork.eu\/it\/wp-json\/wp\/v2\/media?parent=25066"}],"wp:term":[{"taxonomy":"pwb-brand","embeddable":true,"href":"https:\/\/karwork.eu\/it\/wp-json\/wp\/v2\/pwb-brand?post=25066"},{"taxonomy":"product_cat","embeddable":true,"href":"https:\/\/karwork.eu\/it\/wp-json\/wp\/v2\/product_cat?post=25066"},{"taxonomy":"product_tag","embeddable":true,"href":"https:\/\/karwork.eu\/it\/wp-json\/wp\/v2\/product_tag?post=25066"}],"curies":[{"name":"wp","href":"https:\/\/api.w.org\/{rel}","templated":true}]}}