{"id":25063,"date":"2023-10-13T09:42:35","date_gmt":"2023-10-13T09:42:35","guid":{"rendered":"https:\/\/karwork.eu\/product\/race-short-hub-srk-rl140h\/"},"modified":"2024-05-15T17:46:12","modified_gmt":"2024-05-15T17:46:12","slug":"race-short-hub-srk-rl140h","status":"publish","type":"product","link":"https:\/\/karwork.eu\/it\/product\/race-short-hub-srk-rl140h\/","title":{"rendered":"Mozzo corto da gara \u2013 SRK-RL140H"},"content":{"rendered":"","protected":false},"excerpt":{"rendered":"<p>Race Short Hub &#8211; SRK-RL140H &#8211; Gracias a los race hub, ahorramos m\u00e1s de una pulgada en la altura del volante. La pi\u00f1a de circuito race hub, contecta directamente a tu extra\u00edble r\u00e1pido \u2013 quick release, sin la necesidad de la instalaci\u00f3n de una pi\u00f1a tradicional. De esta manera reducimos peso, altura con una opci\u00f3n m\u00e1s asequible con un dise\u00f1o de lo m\u00e1s discreto. Para la instalaci\u00f3n de las pi\u00f1as de circuito es necesario tener un extra\u00edble r\u00e1pido \u2013 quick release NRG.<\/p>\n<p>Modelos compatibles; Nissan 200SX (1990 en adelante), Nissan 240SX (will not work with Hicas) | S13 | S14 (89-98), Nissan 300ZX (1990 en adelante, excepto Hicas) SRK-142H puede valer tambi\u00e9n (por favor, contactar antes de hacer el pedido), Nissan Skyline (excepto Hicas) (89-04), Nissan Pickup (88-97), Nissan Altima (93-06), Nissan Maxima (89-98), Nissan Pulsar (87-90), Nissan Sentra (91-96), Infiniti G20 (todos), Nissan Sentra SE-R (2006 en adelante), Nissan 350Z, 370Z (todos), Infiniti G35, G37 (todos), Nissan Versa | Cuba (todos), Nissan Armada (todos)<\/p>\n<p><strong>I prodotti NRG Innovations sono progettati esclusivamente per l&#039;uso fuoristrada.<\/strong><\/p>\n<p>&nbsp;<\/p>","protected":false},"featured_media":25117,"comment_status":"closed","ping_status":"closed","template":"","meta":{"_acf_changed":false,"rank_math_lock_modified_date":false},"pwb-brand":[611],"product_cat":[2729],"product_tag":[623,2730,2708,681,2707,2716],"class_list":{"0":"post-25063","1":"product","2":"type-product","3":"status-publish","4":"has-post-thumbnail","6":"pwb-brand-nrg-innovations","7":"product_cat-pina-circuito-race-hub","8":"product_tag-nrg-innovations","9":"product_tag-pina-circuito","10":"product_tag-pina-race","11":"product_tag-pina-volante","12":"product_tag-race-hub","13":"product_tag-srk-rl140h","15":"first","16":"instock","17":"taxable","18":"shipping-taxable","19":"purchasable","20":"product-type-simple"},"acf":[],"brands":[{"id":611,"name":"NRG Innovations","slug":"nrg-innovations"}],"_links":{"self":[{"href":"https:\/\/karwork.eu\/it\/wp-json\/wp\/v2\/product\/25063","targetHints":{"allow":["GET"]}}],"collection":[{"href":"https:\/\/karwork.eu\/it\/wp-json\/wp\/v2\/product"}],"about":[{"href":"https:\/\/karwork.eu\/it\/wp-json\/wp\/v2\/types\/product"}],"replies":[{"embeddable":true,"href":"https:\/\/karwork.eu\/it\/wp-json\/wp\/v2\/comments?post=25063"}],"wp:featuredmedia":[{"embeddable":true,"href":"https:\/\/karwork.eu\/it\/wp-json\/wp\/v2\/media\/25117"}],"wp:attachment":[{"href":"https:\/\/karwork.eu\/it\/wp-json\/wp\/v2\/media?parent=25063"}],"wp:term":[{"taxonomy":"pwb-brand","embeddable":true,"href":"https:\/\/karwork.eu\/it\/wp-json\/wp\/v2\/pwb-brand?post=25063"},{"taxonomy":"product_cat","embeddable":true,"href":"https:\/\/karwork.eu\/it\/wp-json\/wp\/v2\/product_cat?post=25063"},{"taxonomy":"product_tag","embeddable":true,"href":"https:\/\/karwork.eu\/it\/wp-json\/wp\/v2\/product_tag?post=25063"}],"curies":[{"name":"wp","href":"https:\/\/api.w.org\/{rel}","templated":true}]}}