{"id":25059,"date":"2023-10-13T09:42:16","date_gmt":"2023-10-13T09:42:16","guid":{"rendered":"https:\/\/karwork.eu\/product\/race-short-hub-srk-rl120h-bk\/"},"modified":"2024-05-15T18:01:55","modified_gmt":"2024-05-15T18:01:55","slug":"race-short-hub-srk-rl120h-bk","status":"publish","type":"product","link":"https:\/\/karwork.eu\/it\/product\/race-short-hub-srk-rl120h-bk\/","title":{"rendered":"Mozzo corto da gara \u2013 SRK-RL120H-BK"},"content":{"rendered":"","protected":false},"excerpt":{"rendered":"<p>Race Short Hub &#8211; SRK-RL120H-BK &#8211; Gracias a los race hub, ahorramos m\u00e1s de una pulgada en la altura del volante. La pi\u00f1a de circuito race hub, contecta directamente a tu extra\u00edble r\u00e1pido \u2013 quick release, sin la necesidad de la instalaci\u00f3n de una pi\u00f1a tradicional. De esta manera reducimos peso, altura con una opci\u00f3n m\u00e1s asequible con un dise\u00f1o de lo m\u00e1s discreto. Para la instalaci\u00f3n de las pi\u00f1as de circuito es necesario tener un extra\u00edble r\u00e1pido \u2013 quick release NRG.<\/p>\n<p>Modelos compatibles; Toyota Camry (87-90), Toyota Celica (82-93), Toyota Corolla (84-00), Toyota Cressida (83-92), Toyota 4-Runner (89-96), Toyota Paseo (92-97), Toyota Pickup (87-96), Toyota Land Cruiser (91-96), Toyota MR-2 (90-93), Toyota MR-S (todos), Toyota Supra (94-98), Toyota Tacoma (95-04), Toyota Tercel (90-98), Toyota Yaris (todos), Scion XA | XB | XD | Tc (todos), Scion FR-S (2012 en adelante), Subaru BR-Z (2012 en adelante), Toyota Camry | Corolla (2001 en adelante), Toyota Tacoma (2005 en adelante), Toyota FJ Cruiser (2006 en adelante), Toyota Matrix (todos), Toyota FJ Cruiser (2006 en adelante), Toyota Tundra (2000 en adelante), Lexus GS (2005 en adelante), Lexus IS (todos), Lexus LS (2001 en adelante). Subaru WRX STI (2015 en adelante).<\/p>\n<p><strong>I prodotti NRG Innovations sono progettati esclusivamente per l&#039;uso fuoristrada.<\/strong><\/p>","protected":false},"featured_media":25125,"comment_status":"closed","ping_status":"closed","template":"","meta":{"_acf_changed":false,"rank_math_lock_modified_date":false},"pwb-brand":[611],"product_cat":[2729],"product_tag":[623,2730,2708,681,2707,2712],"class_list":{"0":"post-25059","1":"product","2":"type-product","3":"status-publish","4":"has-post-thumbnail","6":"pwb-brand-nrg-innovations","7":"product_cat-pina-circuito-race-hub","8":"product_tag-nrg-innovations","9":"product_tag-pina-circuito","10":"product_tag-pina-race","11":"product_tag-pina-volante","12":"product_tag-race-hub","13":"product_tag-srk-rl120h-bk","15":"first","16":"instock","17":"taxable","18":"shipping-taxable","19":"purchasable","20":"product-type-simple"},"acf":[],"brands":[{"id":611,"name":"NRG Innovations","slug":"nrg-innovations"}],"_links":{"self":[{"href":"https:\/\/karwork.eu\/it\/wp-json\/wp\/v2\/product\/25059","targetHints":{"allow":["GET"]}}],"collection":[{"href":"https:\/\/karwork.eu\/it\/wp-json\/wp\/v2\/product"}],"about":[{"href":"https:\/\/karwork.eu\/it\/wp-json\/wp\/v2\/types\/product"}],"replies":[{"embeddable":true,"href":"https:\/\/karwork.eu\/it\/wp-json\/wp\/v2\/comments?post=25059"}],"wp:featuredmedia":[{"embeddable":true,"href":"https:\/\/karwork.eu\/it\/wp-json\/wp\/v2\/media\/25125"}],"wp:attachment":[{"href":"https:\/\/karwork.eu\/it\/wp-json\/wp\/v2\/media?parent=25059"}],"wp:term":[{"taxonomy":"pwb-brand","embeddable":true,"href":"https:\/\/karwork.eu\/it\/wp-json\/wp\/v2\/pwb-brand?post=25059"},{"taxonomy":"product_cat","embeddable":true,"href":"https:\/\/karwork.eu\/it\/wp-json\/wp\/v2\/product_cat?post=25059"},{"taxonomy":"product_tag","embeddable":true,"href":"https:\/\/karwork.eu\/it\/wp-json\/wp\/v2\/product_tag?post=25059"}],"curies":[{"name":"wp","href":"https:\/\/api.w.org\/{rel}","templated":true}]}}