{"id":18617,"date":"2023-01-26T19:44:27","date_gmt":"2023-01-26T19:44:27","guid":{"rendered":"https:\/\/karwork.eu\/?post_type=product&#038;p=18617"},"modified":"2023-02-07T19:12:09","modified_gmt":"2023-02-07T19:12:09","slug":"ceramic-wet-wax-sellador-ceramico-250ml","status":"publish","type":"product","link":"https:\/\/karwork.eu\/it\/product\/ceramic-wet-wax-sellador-ceramico-250ml\/","title":{"rendered":"Ceramic Wet WAX- Sellador cer\u00e1mico 250ml"},"content":{"rendered":"<p><u>Propriet\u00e0:<\/u><\/p>\n<ul>\n<li>Sellado cer\u00e1mico de cera l\u00edquida<\/li>\n<li>Larga vida \u00fatil de hasta 9 meses (dependiendo del cuidado)<\/li>\n<li>Protege el veh\u00edculo de contaminaciones e agresiones ambientales<\/li>\n<li>F\u00e1cil aplicaci\u00f3n. Adecuado tanto para principiantes como para profesionales.<\/li>\n<li>Alta resistencia qu\u00edmica<\/li>\n<li>Crea una superficie lisa como un espejo<\/li>\n<li>Tecnolog\u00eda cer\u00e1mica de vanguardia<\/li>\n<li>Sin ingredientes peligrosos<\/li>\n<\/ul>\n<p><u>Applicazione:<\/u><\/p>\n<ol>\n<li>Agite la botella correctamente para que todos los ingredientes se mezclen<\/li>\n<li>Aplicar cera a un aplicador y aplicar finamente sobre la superficie previamente limpiada.<\/li>\n<li>Deje que el producto se airee durante unos 15-30 minutos y luego pula completamente con nuestro pa\u00f1o de pulido Unir.<\/li>\n<li>Despu\u00e9s del pulido, la cera h\u00fameda cer\u00e1mica debe curarse durante aproximadamente 6 horas para que pueda alcanzar su m\u00e1ximo rendimiento.<\/li>\n<\/ol>\n<p><u>Suggerimenti:<\/u><\/p>\n<ul>\n<li>Mantener fuera del alcance de los ni\u00f1os<\/li>\n<li>No procese en superficies calientes o bajo la luz solar intensa.<\/li>\n<li>No dejar secar<\/li>\n<li>Agitar antes de usar<\/li>\n<li>No apto para barnices mate o pel\u00edculas mate<\/li>\n<\/ul>\n<p><u>Accessori consigliati:<\/u><\/p>\n<ul>\n<li><a href=\"https:\/\/karwork.eu\/product\/foxedcare-glaze-aplicador-microfibra\/\">FoxedCare Glaze\/ Aplicador microfibra<\/a><\/li>\n<li><a href=\"https:\/\/karwork.eu\/product\/foxedcare-join-toalla-multiuso-550gsm-40x40cm\/\">FoxedCare Join &#8211; toalla multiuso 500GSM 40x40cm<\/a><\/li>\n<\/ul>","protected":false},"excerpt":{"rendered":"<p>FoxedCare Wet Wax es un sellador de cera l\u00edquida cer\u00e1mica de \u00faltima generaci\u00f3n.<br \/>\nEste innovador sellador de pintura ofrece una larga vida \u00fatil, repelencia ideal al agua y la suciedad, as\u00ed como una superficie visible y notablemente lisa.<br \/>\nLa cera h\u00fameda es muy f\u00e1cil de aplicar y se puede usar tanto en barniz como en vinilo.<\/p>","protected":false},"featured_media":18620,"comment_status":"open","ping_status":"closed","template":"","meta":{"_acf_changed":false,"rank_math_lock_modified_date":false},"pwb-brand":[986],"product_cat":[163],"product_tag":[1248,989,1247,987,995,1050,1051,1250,1249],"class_list":{"0":"post-18617","1":"product","2":"type-product","3":"status-publish","4":"has-post-thumbnail","6":"pwb-brand-foxed-care","7":"product_cat-sellantes","8":"product_tag-ceramic","9":"product_tag-detailing","10":"product_tag-fcf39","11":"product_tag-foxed-care","12":"product_tag-limpieza","13":"product_tag-quick-detailer","14":"product_tag-sellado","15":"product_tag-wax","16":"product_tag-wet","18":"first","19":"instock","20":"taxable","21":"shipping-taxable","22":"purchasable","23":"product-type-simple"},"acf":[],"brands":[{"id":986,"name":"Foxed Care","slug":"foxed-care"}],"_links":{"self":[{"href":"https:\/\/karwork.eu\/it\/wp-json\/wp\/v2\/product\/18617","targetHints":{"allow":["GET"]}}],"collection":[{"href":"https:\/\/karwork.eu\/it\/wp-json\/wp\/v2\/product"}],"about":[{"href":"https:\/\/karwork.eu\/it\/wp-json\/wp\/v2\/types\/product"}],"replies":[{"embeddable":true,"href":"https:\/\/karwork.eu\/it\/wp-json\/wp\/v2\/comments?post=18617"}],"wp:featuredmedia":[{"embeddable":true,"href":"https:\/\/karwork.eu\/it\/wp-json\/wp\/v2\/media\/18620"}],"wp:attachment":[{"href":"https:\/\/karwork.eu\/it\/wp-json\/wp\/v2\/media?parent=18617"}],"wp:term":[{"taxonomy":"pwb-brand","embeddable":true,"href":"https:\/\/karwork.eu\/it\/wp-json\/wp\/v2\/pwb-brand?post=18617"},{"taxonomy":"product_cat","embeddable":true,"href":"https:\/\/karwork.eu\/it\/wp-json\/wp\/v2\/product_cat?post=18617"},{"taxonomy":"product_tag","embeddable":true,"href":"https:\/\/karwork.eu\/it\/wp-json\/wp\/v2\/product_tag?post=18617"}],"curies":[{"name":"wp","href":"https:\/\/api.w.org\/{rel}","templated":true}]}}