{"id":18455,"date":"2023-01-10T15:33:15","date_gmt":"2023-01-10T15:33:15","guid":{"rendered":"https:\/\/karwork.eu\/?post_type=product&#038;p=18455"},"modified":"2023-08-13T11:23:06","modified_gmt":"2023-08-13T11:23:06","slug":"bmw-e46-coupe-99-05","status":"publish","type":"product","link":"https:\/\/karwork.eu\/it\/product\/bmw-e46-coupe-99-05\/","title":{"rendered":"BMW E46 Coup\u00e9 (99-05)"},"content":{"rendered":"","protected":false},"excerpt":{"rendered":"<p>Soportes de asiento de acero inoxidable para el BMW E46 Coup\u00e9 (99-05). Soldado profesionalmente, corte CNC por chorro de agua para una precisi\u00f3n y ajuste id\u00f3neos.<\/p>\n<p>Venduto in coppia.<\/p>\n<p><strong>I prodotti NRG Innovations sono progettati esclusivamente per l&#039;uso fuoristrada.<\/strong><\/p>","protected":false},"featured_media":18458,"comment_status":"open","ping_status":"closed","template":"","meta":{"_acf_changed":false,"rank_math_lock_modified_date":false},"pwb-brand":[611],"product_cat":[2233],"product_tag":[534,1164,1165,1166,623,1167,1159],"class_list":{"0":"post-18455","1":"product","2":"type-product","3":"status-publish","4":"has-post-thumbnail","6":"pwb-brand-nrg-innovations","7":"product_cat-bases","8":"product_tag-bmw","9":"product_tag-bmw-e46-coupe","10":"product_tag-e46","11":"product_tag-e46-coupe","12":"product_tag-nrg-innovations","13":"product_tag-sbk-bm02","14":"product_tag-soportes-de-asientos","16":"first","17":"instock","18":"taxable","19":"shipping-taxable","20":"purchasable","21":"product-type-simple"},"acf":[],"brands":[{"id":611,"name":"NRG Innovations","slug":"nrg-innovations"}],"_links":{"self":[{"href":"https:\/\/karwork.eu\/it\/wp-json\/wp\/v2\/product\/18455","targetHints":{"allow":["GET"]}}],"collection":[{"href":"https:\/\/karwork.eu\/it\/wp-json\/wp\/v2\/product"}],"about":[{"href":"https:\/\/karwork.eu\/it\/wp-json\/wp\/v2\/types\/product"}],"replies":[{"embeddable":true,"href":"https:\/\/karwork.eu\/it\/wp-json\/wp\/v2\/comments?post=18455"}],"wp:featuredmedia":[{"embeddable":true,"href":"https:\/\/karwork.eu\/it\/wp-json\/wp\/v2\/media\/18458"}],"wp:attachment":[{"href":"https:\/\/karwork.eu\/it\/wp-json\/wp\/v2\/media?parent=18455"}],"wp:term":[{"taxonomy":"pwb-brand","embeddable":true,"href":"https:\/\/karwork.eu\/it\/wp-json\/wp\/v2\/pwb-brand?post=18455"},{"taxonomy":"product_cat","embeddable":true,"href":"https:\/\/karwork.eu\/it\/wp-json\/wp\/v2\/product_cat?post=18455"},{"taxonomy":"product_tag","embeddable":true,"href":"https:\/\/karwork.eu\/it\/wp-json\/wp\/v2\/product_tag?post=18455"}],"curies":[{"name":"wp","href":"https:\/\/api.w.org\/{rel}","templated":true}]}}