{"id":18349,"date":"2022-12-29T12:24:07","date_gmt":"2022-12-29T12:24:07","guid":{"rendered":"https:\/\/karwork.eu\/?post_type=product&#038;p=18349"},"modified":"2023-02-07T19:16:16","modified_gmt":"2023-02-07T19:16:16","slug":"wheel-cleaner-limpia-llantas-1l","status":"publish","type":"product","link":"https:\/\/karwork.eu\/it\/product\/wheel-cleaner-limpia-llantas-1l\/","title":{"rendered":"Detergente per ruote \u2013 Pulisci i cerchi 1L"},"content":{"rendered":"<h4>Propriet\u00e0:<\/h4>\n<ul>\n<li>Rendimiento de limpieza extremadamente fuerte<\/li>\n<li>Consistencia gelatinosa para que el limpiador no se seque r\u00e1pidamente<\/li>\n<li>Se puede utilizar con todos los tipos de llantas<\/li>\n<li>Assolutamente delicato sul materiale<\/li>\n<li>Detergente speciale senza acidi<\/li>\n<li>Indicador de efecto de alta calidad con cambio de color<\/li>\n<li>Nessun odore sgradevole durante l&#039;uso<\/li>\n<li>Formulazione a pH neutro<\/li>\n<li>Nessun pericolo per l&#039;utente (con una corretta manipolazione)<\/li>\n<\/ul>\n<h4>Applicazione:<\/h4>\n<ol>\n<li>Agitare bene la bottiglia in modo che tutti gli ingredienti siano distribuiti<\/li>\n<li>Mojar completamente la llanta a tratar (superficie fresca \/ tibia)<\/li>\n<li>Dejar actuar durante 3-5 minutos<\/li>\n<li>Utilizzando un&#039;idropulitrice, sciacquare accuratamente sporco e detriti<\/li>\n<\/ol>\n<h4>Suggerimenti:<\/h4>\n<ul>\n<li>No utilice el producto en superficies calientes \/ llantas<\/li>\n<li>Non lasciare asciugare il prodotto<\/li>\n<\/ul>\n<h4>Accessori consigliati:<\/h4>\n<ul>\n<li><a href=\"https:\/\/karwork.eu\/product\/wheel-brush-flexible-limpiador-de-llantas-flexible-foxedcare\/\">Spazzola per ruote flessibile \u2013 Detergente per cerchi flessibile FoxedCare<\/a><\/li>\n<\/ul>","protected":false},"excerpt":{"rendered":"<p>Debido a la gran cantidad de limpiadores de llantas de PH neutro que hay en el mercado, nos hemos fijado el objetivo de desarrollar el limpiador de llantas perfecto y reunir lo mejor de todos los limpiadores de llantas de PH neutro.<br \/>\nEl limpiador de llantas contiene ingredientes biol\u00f3gicamente activos y no huele desagradable cuando se usa.<br \/>\n\u00a1A\u00fan m\u00e1s interesante es el rendimiento de limpieza extremadamente eficaz! Debido a la consistencia gelatinosa, el limpiador de llantas FoxedCare se adhiere a la superficie de la llanta durante mucho tiempo y no se seca r\u00e1pidamente. El polvo de los frenos, el alquitr\u00e1n, el \u00f3xido repentino, la suciedad de la carretera y similares en la llanta son cosa del pasado y eso con la aplicaci\u00f3n m\u00e1s simple, Adem\u00e1s, el limpiador de llantas FoxedCare ofrece el popular cambio de color a trav\u00e9s de un indicador de efecto de alta calidad y es absolutamente suave en todos los tipos de llantas.<\/p>","protected":false},"featured_media":18350,"comment_status":"open","ping_status":"closed","template":"","meta":{"_acf_changed":false,"rank_math_lock_modified_date":false},"pwb-brand":[986],"product_cat":[1009],"product_tag":[989,1105,987,1104,995,885,1246],"class_list":{"0":"post-18349","1":"product","2":"type-product","3":"status-publish","4":"has-post-thumbnail","6":"pwb-brand-foxed-care","7":"product_cat-llantas-neumaticos","8":"product_tag-detailing","9":"product_tag-fcf02","10":"product_tag-foxed-care","11":"product_tag-limpiallantas","12":"product_tag-limpieza","13":"product_tag-llantas","14":"product_tag-wheel","16":"first","17":"instock","18":"taxable","19":"shipping-taxable","20":"purchasable","21":"product-type-simple"},"acf":[],"brands":[{"id":986,"name":"Foxed Care","slug":"foxed-care"}],"_links":{"self":[{"href":"https:\/\/karwork.eu\/it\/wp-json\/wp\/v2\/product\/18349","targetHints":{"allow":["GET"]}}],"collection":[{"href":"https:\/\/karwork.eu\/it\/wp-json\/wp\/v2\/product"}],"about":[{"href":"https:\/\/karwork.eu\/it\/wp-json\/wp\/v2\/types\/product"}],"replies":[{"embeddable":true,"href":"https:\/\/karwork.eu\/it\/wp-json\/wp\/v2\/comments?post=18349"}],"wp:featuredmedia":[{"embeddable":true,"href":"https:\/\/karwork.eu\/it\/wp-json\/wp\/v2\/media\/18350"}],"wp:attachment":[{"href":"https:\/\/karwork.eu\/it\/wp-json\/wp\/v2\/media?parent=18349"}],"wp:term":[{"taxonomy":"pwb-brand","embeddable":true,"href":"https:\/\/karwork.eu\/it\/wp-json\/wp\/v2\/pwb-brand?post=18349"},{"taxonomy":"product_cat","embeddable":true,"href":"https:\/\/karwork.eu\/it\/wp-json\/wp\/v2\/product_cat?post=18349"},{"taxonomy":"product_tag","embeddable":true,"href":"https:\/\/karwork.eu\/it\/wp-json\/wp\/v2\/product_tag?post=18349"}],"curies":[{"name":"wp","href":"https:\/\/api.w.org\/{rel}","templated":true}]}}