{"id":18117,"date":"2022-12-24T15:39:35","date_gmt":"2022-12-24T15:39:35","guid":{"rendered":"https:\/\/karwork.eu\/?post_type=product&#038;p=18117"},"modified":"2023-02-07T19:59:31","modified_gmt":"2023-02-07T19:59:31","slug":"foxedcare-hoover-xxl-toalla-de-microfibra-1400gsm-80x50cm-4","status":"publish","type":"product","link":"https:\/\/karwork.eu\/it\/product\/foxedcare-hoover-xxl-toalla-de-microfibra-1400gsm-80x50cm-4\/","title":{"rendered":"FoxedCare Hoover XXL \u2013 asciugamano in microfibra 1400GSM 80x50 cm"},"content":{"rendered":"<div class=\"col col-md-7 col-12\">\n<div class=\"desc\">\n<h4><u>Propriet\u00e0:<\/u><\/h4>\n<ul>\n<li>Color: rojo<\/li>\n<li>Pa\u00f1o de secado premium hecho de microfibras<\/li>\n<li>80x50cm<\/li>\n<li>1400GSM<\/li>\n<li>80% poli\u00e9ster \/ 20% poliamida<\/li>\n<li>Trenzado &#8211; Fibras de pelo (fibras de bucle)<\/li>\n<li>Absorci\u00f3n activa de agua, el agua es literalmente absorbida por la tela<\/li>\n<li>Rendimiento suave y efectivo, absolutamente suave en superficies<\/li>\n<li>Aplicaci\u00f3n sin ara\u00f1azos<\/li>\n<li>Alta durabilidad gracias a los materiales de alta calidad<\/li>\n<li>Lavable hasta 60\u00b0C (se recomienda detergente de microfibra)<\/li>\n<li>Seca f\u00e1cilmente varios coches<\/li>\n<\/ul>\n<h4><u>Applicazione:<\/u><\/h4>\n<ol>\n<li>Antes de usar, agitar brevemente para extender las fibras<\/li>\n<li>Coloque el pa\u00f1o seco de microfibra Hoover sobre la superficie h\u00fameda del veh\u00edculo y d\u00e9jelo deslizarse sobre la superficie sin gran presi\u00f3n. Para hacer esto, simplemente sost\u00e9ngase en las esquinas y arr\u00e1strelas sobre la superficie.<\/li>\n<\/ol>\n<h4>Consejos de uso:<\/h4>\n<ul>\n<li>Lavar antes del primer uso. (sin suavizante, \u00f3ptimo con detergente de microfibra, hasta 60\u00b0C en la lavadora)<\/li>\n<li>Vuelva a lavar despu\u00e9s de todos los 3-5 procesos de secado o en caso de suciedad significativa.<\/li>\n<li>Despu\u00e9s del lavado a m\u00e1quina, bata el pa\u00f1o seco Hoover con fuerza para aflojar las fibras.<\/li>\n<li>Para secar el pa\u00f1o de microfibra despu\u00e9s del lavado o uso, debe secarse lo m\u00e1s extendido posible en el aire.<\/li>\n<\/ul>\n<\/div>\n<\/div>\n<div class=\"col col-md-5 col-12\"><\/div>","protected":false},"excerpt":{"rendered":"<p>FoxedCare Hoover La microfibra del FoxedCare Hoover ha sido desarrollada y probada para un rendimiento muy suave y efectivo en todas las superficies de pintura y veh\u00edculos. Por lo tanto, se puede garantizar un veh\u00edculo absolutamente libre de ara\u00f1azos y secado.<\/p>\n<p>Color; rojo<\/p>","protected":false},"featured_media":18118,"comment_status":"open","ping_status":"closed","template":"","meta":{"_acf_changed":false,"rank_math_lock_modified_date":false},"pwb-brand":[986],"product_cat":[156,144],"product_tag":[989,1251,987,995,885,1019,1021,1060,1020],"class_list":{"0":"post-18117","1":"product","2":"type-product","3":"status-publish","4":"has-post-thumbnail","6":"pwb-brand-foxed-care","7":"product_cat-secado","8":"product_cat-toallas-de-microfibra","9":"product_tag-detailing","10":"product_tag-fcm01r","11":"product_tag-foxed-care","12":"product_tag-limpieza","13":"product_tag-llantas","14":"product_tag-microfibra","15":"product_tag-pano","16":"product_tag-secado","17":"product_tag-toalla","19":"first","20":"instock","21":"taxable","22":"shipping-taxable","23":"purchasable","24":"product-type-simple"},"acf":[],"brands":[{"id":986,"name":"Foxed Care","slug":"foxed-care"}],"_links":{"self":[{"href":"https:\/\/karwork.eu\/it\/wp-json\/wp\/v2\/product\/18117","targetHints":{"allow":["GET"]}}],"collection":[{"href":"https:\/\/karwork.eu\/it\/wp-json\/wp\/v2\/product"}],"about":[{"href":"https:\/\/karwork.eu\/it\/wp-json\/wp\/v2\/types\/product"}],"replies":[{"embeddable":true,"href":"https:\/\/karwork.eu\/it\/wp-json\/wp\/v2\/comments?post=18117"}],"wp:featuredmedia":[{"embeddable":true,"href":"https:\/\/karwork.eu\/it\/wp-json\/wp\/v2\/media\/18118"}],"wp:attachment":[{"href":"https:\/\/karwork.eu\/it\/wp-json\/wp\/v2\/media?parent=18117"}],"wp:term":[{"taxonomy":"pwb-brand","embeddable":true,"href":"https:\/\/karwork.eu\/it\/wp-json\/wp\/v2\/pwb-brand?post=18117"},{"taxonomy":"product_cat","embeddable":true,"href":"https:\/\/karwork.eu\/it\/wp-json\/wp\/v2\/product_cat?post=18117"},{"taxonomy":"product_tag","embeddable":true,"href":"https:\/\/karwork.eu\/it\/wp-json\/wp\/v2\/product_tag?post=18117"}],"curies":[{"name":"wp","href":"https:\/\/api.w.org\/{rel}","templated":true}]}}