{"id":18080,"date":"2022-12-22T14:59:08","date_gmt":"2022-12-22T14:59:08","guid":{"rendered":"https:\/\/karwork.eu\/?post_type=product&#038;p=18080"},"modified":"2023-02-07T20:26:51","modified_gmt":"2023-02-07T20:26:51","slug":"plastic-care-exterior-cuidado-de-plasticos-500ml","status":"publish","type":"product","link":"https:\/\/karwork.eu\/it\/product\/plastic-care-exterior-cuidado-de-plasticos-500ml\/","title":{"rendered":"Cura della plastica Esterno \u2013 Cura della plastica 500 ml"},"content":{"rendered":"<h4><u>Propriet\u00e0:<\/u><\/h4>\n<ul>\n<li>Mantiene y protege todas las piezas de pl\u00e1stico en el exterior del veh\u00edculo<\/li>\n<li>Protege contra la contaminaci\u00f3n, la radiaci\u00f3n UV, la nieve, la lluvia, el hielo y todas las dem\u00e1s influencias ambientales<\/li>\n<li>Crea una nueva apariencia mate de las superficies tratadas<\/li>\n<li>Se absorbe en el material y, por lo tanto, ofrece un cuidado profundo con efecto a largo plazo<\/li>\n<li>Sin brillo graso ni superficies grasosas \/ pegajosas<\/li>\n<li>F\u00e1cil de usar por aplicaci\u00f3n o pulverizaci\u00f3n<\/li>\n<\/ul>\n<h4>\n<u>Applicazione:<\/u><\/h4>\n<ol>\n<li>Agitare bene la bottiglia in modo che tutti gli ingredienti siano distribuiti.<\/li>\n<li>Roc\u00ede las superficies e incorp\u00f3relas con la ayuda de un pa\u00f1o de microfibra.<\/li>\n<li>Alternativamente, roc\u00ede el pa\u00f1o de microfibra y limpie la superficie.<\/li>\n<li>Limpie cualquier residuo con el lado seco del pa\u00f1o de microfibra.<\/li>\n<\/ol>\n<h4>\n<u>Suggerimenti:<\/u><\/h4>\n<ul>\n<li>No procese el producto en superficies calientes o bajo luz solar intensa.<\/li>\n<li>No dejar secar<\/li>\n<li>Agitar antes de usar<\/li>\n<li>Prueba de idoneidad y tolerabilidad antes de la administraci\u00f3n<\/li>\n<\/ul>","protected":false},"excerpt":{"rendered":"<p>Plastic Care Exterior es un producto de cuidado especial para todas las piezas de pl\u00e1stico en exteriores de veh\u00edculos. Las superficies tratadas est\u00e1n protegidas contra cualquier agresi\u00f3n ambiental como la lluvia, la nieve o la radiaci\u00f3n UV y reciben una nueva apariencia mate despu\u00e9s del tratamiento. FoxedCare Plastic Care Exterior no deja superficies grasas o grasosas y evita la decoloraci\u00f3n o el agrietamiento de las piezas de pl\u00e1stico tratadas. En comparaci\u00f3n con muchos productos comparables, Plastic Care Exterior tambi\u00e9n se puede utilizar por pulverizaci\u00f3n.<\/p>","protected":false},"featured_media":18081,"comment_status":"open","ping_status":"closed","template":"","meta":{"_acf_changed":false,"rank_math_lock_modified_date":false},"pwb-brand":[986],"product_cat":[157,142],"product_tag":[1033,989,1262,987,997,995,1018,1057,1056],"class_list":{"0":"post-18080","1":"product","2":"type-product","3":"status-publish","4":"has-post-thumbnail","6":"pwb-brand-foxed-care","7":"product_cat-limpieza-en-seco","8":"product_cat-plasticos-y-gomas","9":"product_tag-detailer","10":"product_tag-detailing","11":"product_tag-fcf24","12":"product_tag-foxed-care","13":"product_tag-lavado","14":"product_tag-limpieza","15":"product_tag-mate","16":"product_tag-matte","17":"product_tag-plasticos","19":"first","20":"instock","21":"taxable","22":"shipping-taxable","23":"purchasable","24":"product-type-simple"},"acf":[],"brands":[{"id":986,"name":"Foxed Care","slug":"foxed-care"}],"_links":{"self":[{"href":"https:\/\/karwork.eu\/it\/wp-json\/wp\/v2\/product\/18080","targetHints":{"allow":["GET"]}}],"collection":[{"href":"https:\/\/karwork.eu\/it\/wp-json\/wp\/v2\/product"}],"about":[{"href":"https:\/\/karwork.eu\/it\/wp-json\/wp\/v2\/types\/product"}],"replies":[{"embeddable":true,"href":"https:\/\/karwork.eu\/it\/wp-json\/wp\/v2\/comments?post=18080"}],"wp:featuredmedia":[{"embeddable":true,"href":"https:\/\/karwork.eu\/it\/wp-json\/wp\/v2\/media\/18081"}],"wp:attachment":[{"href":"https:\/\/karwork.eu\/it\/wp-json\/wp\/v2\/media?parent=18080"}],"wp:term":[{"taxonomy":"pwb-brand","embeddable":true,"href":"https:\/\/karwork.eu\/it\/wp-json\/wp\/v2\/pwb-brand?post=18080"},{"taxonomy":"product_cat","embeddable":true,"href":"https:\/\/karwork.eu\/it\/wp-json\/wp\/v2\/product_cat?post=18080"},{"taxonomy":"product_tag","embeddable":true,"href":"https:\/\/karwork.eu\/it\/wp-json\/wp\/v2\/product_tag?post=18080"}],"curies":[{"name":"wp","href":"https:\/\/api.w.org\/{rel}","templated":true}]}}