{"id":18070,"date":"2022-12-22T13:44:56","date_gmt":"2022-12-22T13:44:56","guid":{"rendered":"https:\/\/karwork.eu\/?post_type=product&#038;p=18070"},"modified":"2023-02-07T20:44:39","modified_gmt":"2023-02-07T20:44:39","slug":"aqua-seal-sellador-humedo-500ml","status":"publish","type":"product","link":"https:\/\/karwork.eu\/it\/product\/aqua-seal-sellador-humedo-500ml\/","title":{"rendered":"Aqua Seal &#8211; Sellador h\u00famedo 500ml"},"content":{"rendered":"<h4><u>Propriet\u00e0:<\/u><\/h4>\n<ul>\n<li>La forma m\u00e1s f\u00e1cil y efectiva de sellar la pintura<\/li>\n<li>Deja una superficie brillante<\/li>\n<li>Conserva la superficie tratada<\/li>\n<li>Protege contra la contaminaci\u00f3n y las agresiones ambientales<\/li>\n<li>F\u00e1cil de usar<\/li>\n<li>Hace que sea mucho m\u00e1s f\u00e1cil secar el veh\u00edculo<\/li>\n<li>Apto para pinturas y pl\u00e1sticos<\/li>\n<\/ul>\n<h4>\n<u>Applicazione:<\/u><\/h4>\n<ol>\n<li>Lave bien el veh\u00edculo<\/li>\n<li>Agite la botella correctamente<\/li>\n<li>Roc\u00ede Aqua Seal sobre toda la superficie sobre la pintura h\u00fameda o el \u00e1rea al aire libre<\/li>\n<li>Dejar actuar por un corto tiempo<\/li>\n<li>Enjuague el veh\u00edculo con una lavadora a presi\u00f3n y elimine todos los residuos<\/li>\n<li>Veh\u00edculo seco con un pa\u00f1o seco Hoover<\/li>\n<\/ol>\n<p>&nbsp;<\/p>\n<h4><u>Suggerimenti:<\/u><\/h4>\n<ul>\n<li>Non utilizzare il prodotto su superfici calde<\/li>\n<li>Non lasciare asciugare il prodotto<\/li>\n<li>Prova di idoneit\u00e0 prima dell&#039;uso su materiali atipici<\/li>\n<\/ul>","protected":false},"excerpt":{"rendered":"<p>Con Aqua Seal de FoxedCare, el veh\u00edculo se sella de la manera m\u00e1s f\u00e1cil y r\u00e1pida posible, durante mucho tiempo. Una vez completado el lavado del veh\u00edculo, Aqua Seal simplemente se roc\u00eda sobre la pintura h\u00fameda. Despu\u00e9s de un corto tiempo de exposici\u00f3n, el exceso se enjuaga con una limpiadora de alta presi\u00f3n y el veh\u00edculo se sella durante mucho tiempo. Aqua Seal deja una superficie preservada y muy brillante y hace que sea mucho m\u00e1s f\u00e1cil de secar despu\u00e9s. Tambi\u00e9n protege la pintura de nuevas contaminaciones e agresiones ambientales.<\/p>","protected":false},"featured_media":18071,"comment_status":"open","ping_status":"closed","template":"","meta":{"_acf_changed":false,"rank_math_lock_modified_date":false},"pwb-brand":[986],"product_cat":[163],"product_tag":[989,1265,987,995,1050,1051],"class_list":{"0":"post-18070","1":"product","2":"type-product","3":"status-publish","4":"has-post-thumbnail","6":"pwb-brand-foxed-care","7":"product_cat-sellantes","8":"product_tag-detailing","9":"product_tag-fcf46","10":"product_tag-foxed-care","11":"product_tag-limpieza","12":"product_tag-quick-detailer","13":"product_tag-sellado","15":"first","16":"instock","17":"taxable","18":"shipping-taxable","19":"purchasable","20":"product-type-simple"},"acf":[],"brands":[{"id":986,"name":"Foxed Care","slug":"foxed-care"}],"_links":{"self":[{"href":"https:\/\/karwork.eu\/it\/wp-json\/wp\/v2\/product\/18070","targetHints":{"allow":["GET"]}}],"collection":[{"href":"https:\/\/karwork.eu\/it\/wp-json\/wp\/v2\/product"}],"about":[{"href":"https:\/\/karwork.eu\/it\/wp-json\/wp\/v2\/types\/product"}],"replies":[{"embeddable":true,"href":"https:\/\/karwork.eu\/it\/wp-json\/wp\/v2\/comments?post=18070"}],"wp:featuredmedia":[{"embeddable":true,"href":"https:\/\/karwork.eu\/it\/wp-json\/wp\/v2\/media\/18071"}],"wp:attachment":[{"href":"https:\/\/karwork.eu\/it\/wp-json\/wp\/v2\/media?parent=18070"}],"wp:term":[{"taxonomy":"pwb-brand","embeddable":true,"href":"https:\/\/karwork.eu\/it\/wp-json\/wp\/v2\/pwb-brand?post=18070"},{"taxonomy":"product_cat","embeddable":true,"href":"https:\/\/karwork.eu\/it\/wp-json\/wp\/v2\/product_cat?post=18070"},{"taxonomy":"product_tag","embeddable":true,"href":"https:\/\/karwork.eu\/it\/wp-json\/wp\/v2\/product_tag?post=18070"}],"curies":[{"name":"wp","href":"https:\/\/api.w.org\/{rel}","templated":true}]}}