{"id":18067,"date":"2022-12-21T23:52:53","date_gmt":"2022-12-21T23:52:53","guid":{"rendered":"https:\/\/karwork.eu\/?post_type=product&#038;p=18067"},"modified":"2023-02-07T20:48:10","modified_gmt":"2023-02-07T20:48:10","slug":"wheel-cleaner-limpia-llantas-edicion-foxedcare-city-500ml","status":"publish","type":"product","link":"https:\/\/karwork.eu\/it\/product\/wheel-cleaner-limpia-llantas-edicion-foxedcare-city-500ml\/","title":{"rendered":"Detergente per ruote \u2013 Detergente per pneumatici \u2013 FoxedCare City Edition 500ml"},"content":{"rendered":"<h4><u>Propriet\u00e0:<\/u><\/h4>\n<ul>\n<li>Rendimiento de limpieza extremadamente fuerte<\/li>\n<li>Consistencia gelatinosa para que el limpiador no se seque r\u00e1pidamente<\/li>\n<li>Se puede utilizar con todos los tipos de llantas<\/li>\n<li>Assolutamente delicato sul materiale<\/li>\n<li>Detergente speciale senza acidi<\/li>\n<li>Indicador de efecto de alta calidad con cambio de color<\/li>\n<li>Nessun odore sgradevole durante l&#039;uso<\/li>\n<li>Formulazione a pH neutro<\/li>\n<li>Nessun pericolo per l&#039;utente (con una corretta manipolazione)<\/li>\n<\/ul>\n<h4><u>Applicazione:<\/u><\/h4>\n<ol>\n<li>Agitare bene la bottiglia in modo che tutti gli ingredienti siano distribuiti<\/li>\n<li>Mojar completamente la llanta a tratar (superficie fresca \/ tibia)<\/li>\n<li>Dejar actuar durante 3-5 minutos<\/li>\n<li>Utilizzando un&#039;idropulitrice, sciacquare accuratamente sporco e detriti<\/li>\n<\/ol>\n<p>&nbsp;<\/p>\n<h4><u>Suggerimenti:<\/u><\/h4>\n<ul>\n<li>No utilice el producto en superficies calientes \/ llantas<\/li>\n<li>Non lasciare asciugare il prodotto<\/li>\n<\/ul>","protected":false},"excerpt":{"rendered":"<p>La nuova linea di prodotti per la cura della citt\u00e0 Foxed Care di Mareike Fox Prodotti speciali sviluppati e prodotti esclusivamente per questa serie speciale da FoxedCare.<\/p>\n<p>Debido a la gran cantidad de limpiadores de llantas de PH neutro en el mercado, nos hemos fijado el objetivo de desarrollar el limpiador de llantas perfecto y reunir lo mejor de todos los limpiadores de llantas de PH neutro.<\/p>\n<p>El limpiador de llantas contiene ingredientes biol\u00f3gicamente activos y no huele desagradable en su aplicaci\u00f3n.<\/p>\n<p>\u00a1A\u00fan m\u00e1s interesante es el rendimiento de limpieza extremadamente intenso! Debido a la consistencia gelatinosa, el limpiador de llantas FoxedCare se adhiere a la superficie de la llanta durante mucho tiempo y no se seca r\u00e1pidamente. El polvo de los frenos, el alquitr\u00e1n, el \u00f3xido repentino, la suciedad de la carretera y similares en la llanta son cosa del pasado y eso con la aplicaci\u00f3n m\u00e1s simple. Adem\u00e1s, el limpiador de llantas FoxedCare ofrece el popular <strong>cambio de color<\/strong> a trav\u00e9s de un indicador de efecto de alta calidad y es absolutamente suave en todos los tipos de llantas.<\/p>\n<p>Con boquilla de pulverizaci\u00f3n incluido para facilitar su aplicaci\u00f3n.<\/p>","protected":false},"featured_media":18068,"comment_status":"open","ping_status":"closed","template":"","meta":{"_acf_changed":false,"rank_math_lock_modified_date":false},"pwb-brand":[986],"product_cat":[1009],"product_tag":[1005,989,1266,987,995,885,1126],"class_list":{"0":"post-18067","1":"product","2":"type-product","3":"status-publish","4":"has-post-thumbnail","6":"pwb-brand-foxed-care","7":"product_cat-llantas-neumaticos","8":"product_tag-city","9":"product_tag-detailing","10":"product_tag-fcf50","11":"product_tag-foxed-care","12":"product_tag-limpieza","13":"product_tag-llantas","14":"product_tag-wheels","16":"first","17":"instock","18":"taxable","19":"shipping-taxable","20":"purchasable","21":"product-type-simple"},"acf":[],"brands":[{"id":986,"name":"Foxed Care","slug":"foxed-care"}],"_links":{"self":[{"href":"https:\/\/karwork.eu\/it\/wp-json\/wp\/v2\/product\/18067","targetHints":{"allow":["GET"]}}],"collection":[{"href":"https:\/\/karwork.eu\/it\/wp-json\/wp\/v2\/product"}],"about":[{"href":"https:\/\/karwork.eu\/it\/wp-json\/wp\/v2\/types\/product"}],"replies":[{"embeddable":true,"href":"https:\/\/karwork.eu\/it\/wp-json\/wp\/v2\/comments?post=18067"}],"wp:featuredmedia":[{"embeddable":true,"href":"https:\/\/karwork.eu\/it\/wp-json\/wp\/v2\/media\/18068"}],"wp:attachment":[{"href":"https:\/\/karwork.eu\/it\/wp-json\/wp\/v2\/media?parent=18067"}],"wp:term":[{"taxonomy":"pwb-brand","embeddable":true,"href":"https:\/\/karwork.eu\/it\/wp-json\/wp\/v2\/pwb-brand?post=18067"},{"taxonomy":"product_cat","embeddable":true,"href":"https:\/\/karwork.eu\/it\/wp-json\/wp\/v2\/product_cat?post=18067"},{"taxonomy":"product_tag","embeddable":true,"href":"https:\/\/karwork.eu\/it\/wp-json\/wp\/v2\/product_tag?post=18067"}],"curies":[{"name":"wp","href":"https:\/\/api.w.org\/{rel}","templated":true}]}}