{"id":18062,"date":"2022-12-21T23:24:49","date_gmt":"2022-12-21T23:24:49","guid":{"rendered":"https:\/\/karwork.eu\/?post_type=product&#038;p=18062"},"modified":"2024-01-12T20:26:48","modified_gmt":"2024-01-12T20:26:48","slug":"ice-breaker-descongelante-de-lunas-500ml","status":"publish","type":"product","link":"https:\/\/karwork.eu\/it\/product\/ice-breaker-descongelante-de-lunas-500ml\/","title":{"rendered":"Ice Breaker \u2013 Sbrinatore per finestre 500 ml"},"content":{"rendered":"<h4><u>Propriet\u00e0:<\/u><\/h4>\n<ul>\n<li>Libera las ventanas de las heladas en el menor tiempo posible y garantiza una visibilidad clara<\/li>\n<li>Suave con el material para todos los componentes en el exterior del veh\u00edculo<\/li>\n<li>La glicerina contenida protege las piezas de pl\u00e1stico y caucho de los efectos del invierno<\/li>\n<li>Muy f\u00e1cil de usar<\/li>\n<li>Tambi\u00e9n contiene sustancias limpiadoras<\/li>\n<li>Adecuado para vidrio, caucho y pl\u00e1stico<\/li>\n<\/ul>\n<h4><u>Applicazione:<\/u><\/h4>\n<ol>\n<li>Agitare bene la bottiglia in modo che tutti gli ingredienti siano distribuiti<\/li>\n<li>Roc\u00ede Ice Breaker sobre parabrisas helado, goma o pl\u00e1stico<\/li>\n<li>La superficie se limpia de hielo en cuesti\u00f3n de segundos<\/li>\n<\/ol>\n<h4><u>Suggerimenti:<\/u><\/h4>\n<ul>\n<li>Mantener alejado del calor, superficies calientes, chispas, llamas abiertas y otras fuentes de ignici\u00f3n.<\/li>\n<\/ul>","protected":false},"excerpt":{"rendered":"<p>En invierno nada es m\u00e1s molesto que encontrar su autom\u00f3vil con ventanas congeladas por la ma\u00f1ana. Es por eso que desarrollamos el FoxedCare IceBreaker. Este descongelante del parabrisas libera todas las ventanas del veh\u00edculo del hielo en el menor tiempo posible y, por lo tanto, permite una visi\u00f3n clara sin restricciones. Los ingredientes utilizados son absolutamente suaves con el material y no atacan ning\u00fan componente del veh\u00edculo. Una peque\u00f1a adici\u00f3n de glicerina mantiene las piezas de caucho y pl\u00e1stico flexibles en el \u00e1rea exterior y las protege de los efectos negativos de las heladas.<\/p>\n<p>&nbsp;<\/p>","protected":false},"featured_media":18063,"comment_status":"open","ping_status":"closed","template":"","meta":{"_acf_changed":false,"rank_math_lock_modified_date":false},"pwb-brand":[986],"product_cat":[157],"product_tag":[1046,1048,989,1269,987,1049,997,995,1045],"class_list":{"0":"post-18062","1":"product","2":"type-product","3":"status-publish","4":"has-post-thumbnail","6":"pwb-brand-foxed-care","7":"product_cat-limpieza-en-seco","8":"product_tag-cristales","9":"product_tag-descongelante","10":"product_tag-detailing","11":"product_tag-fcf35","12":"product_tag-foxed-care","13":"product_tag-ice-breaker","14":"product_tag-lavado","15":"product_tag-limpieza","16":"product_tag-lunas","18":"first","19":"instock","20":"taxable","21":"shipping-taxable","22":"purchasable","23":"product-type-simple"},"acf":[],"brands":[{"id":986,"name":"Foxed Care","slug":"foxed-care"}],"_links":{"self":[{"href":"https:\/\/karwork.eu\/it\/wp-json\/wp\/v2\/product\/18062","targetHints":{"allow":["GET"]}}],"collection":[{"href":"https:\/\/karwork.eu\/it\/wp-json\/wp\/v2\/product"}],"about":[{"href":"https:\/\/karwork.eu\/it\/wp-json\/wp\/v2\/types\/product"}],"replies":[{"embeddable":true,"href":"https:\/\/karwork.eu\/it\/wp-json\/wp\/v2\/comments?post=18062"}],"wp:featuredmedia":[{"embeddable":true,"href":"https:\/\/karwork.eu\/it\/wp-json\/wp\/v2\/media\/18063"}],"wp:attachment":[{"href":"https:\/\/karwork.eu\/it\/wp-json\/wp\/v2\/media?parent=18062"}],"wp:term":[{"taxonomy":"pwb-brand","embeddable":true,"href":"https:\/\/karwork.eu\/it\/wp-json\/wp\/v2\/pwb-brand?post=18062"},{"taxonomy":"product_cat","embeddable":true,"href":"https:\/\/karwork.eu\/it\/wp-json\/wp\/v2\/product_cat?post=18062"},{"taxonomy":"product_tag","embeddable":true,"href":"https:\/\/karwork.eu\/it\/wp-json\/wp\/v2\/product_tag?post=18062"}],"curies":[{"name":"wp","href":"https:\/\/api.w.org\/{rel}","templated":true}]}}