{"id":18056,"date":"2022-12-21T22:45:56","date_gmt":"2022-12-21T22:45:56","guid":{"rendered":"https:\/\/karwork.eu\/?post_type=product&#038;p=18056"},"modified":"2023-02-07T21:01:46","modified_gmt":"2023-02-07T21:01:46","slug":"reactive-rust-remover-removedor-de-oxido-1l","status":"publish","type":"product","link":"https:\/\/karwork.eu\/it\/product\/reactive-rust-remover-removedor-de-oxido-1l\/","title":{"rendered":"Rimuovi ruggine reattivo \u2013 Rimuovi ruggine 1L"},"content":{"rendered":"<h4><u>Propriet\u00e0:<\/u><\/h4>\n<ul>\n<li><span>Altamente efficace contro<\/span>\n<ul>\n<li>Ruggine improvvisa<\/li>\n<li>Particelle di metallo e ferro<\/li>\n<li>Polvere dei freni bruciata<\/li>\n<li>contaminazione inorganica<\/li>\n<\/ul>\n<\/li>\n<li>Consistenza gelatinosa, il detergente non si asciuga rapidamente e pu\u00f2 quindi rimuovere intensamente lo sporco<\/li>\n<li>Adatto per l&#039;intero esterno del veicolo<\/li>\n<li>Assolutamente delicato sul materiale<\/li>\n<li>Detergente speciale senza acidi<\/li>\n<li>Indicatore di effetti di alta qualit\u00e0 con cambio di colore per visualizzare il processo di pulizia.<\/li>\n<li>Nessun odore sgradevole durante l&#039;uso<\/li>\n<li>Formulazione a pH neutro<\/li>\n<li>Nessun pericolo per l&#039;utente (con una corretta manipolazione)<\/li>\n<\/ul>\n<h4>\n<u>Applicazione:<\/u><\/h4>\n<ol>\n<li>Agitare bene la bottiglia in modo che tutti gli ingredienti siano distribuiti<\/li>\n<li>Bagnare completamente la zona da trattare<\/li>\n<li>Lasciare agire per 3-4 minuti<\/li>\n<li>Utilizzando un&#039;idropulitrice, sciacquare accuratamente sporco e detriti<\/li>\n<li>Per particelle estremamente bruciate, assistere con uno strumento di lavaggio o ripetere il processo.<\/li>\n<\/ol>\n<h4>\n<u>Suggerimenti:<\/u><\/h4>\n<ul>\n<li>Non utilizzare il prodotto su superfici calde<\/li>\n<li>Rispettare il tempo di esposizione, non lasciarlo asciugare<\/li>\n<\/ul>","protected":false},"excerpt":{"rendered":"<p>Reactive Rust Remover \u00e8 un prodotto ideale per rimuovere la ruggine istantaneamente. La ruggine improvvisa \u00e8 inevitabile e di solito aderisce molto saldamente alle superfici. Con questo detergente speciale la ruggine pu\u00f2 essere rimossa facilmente e senza sforzo. La formula priva di acidi e a pH neutro \u00e8 assolutamente delicata su qualsiasi materiale utilizzato all&#039;esterno dei veicoli e reagisce esclusivamente con le particelle di ruggine superficiale.<\/p>","protected":false},"featured_media":18057,"comment_status":"open","ping_status":"closed","template":"","meta":{"_acf_changed":false,"rank_math_lock_modified_date":false},"pwb-brand":[986],"product_cat":[157,1009],"product_tag":[989,1271,987,997,995,1043],"class_list":{"0":"post-18056","1":"product","2":"type-product","3":"status-publish","4":"has-post-thumbnail","6":"pwb-brand-foxed-care","7":"product_cat-limpieza-en-seco","8":"product_cat-llantas-neumaticos","9":"product_tag-detailing","10":"product_tag-fcf22","11":"product_tag-foxed-care","12":"product_tag-lavado","13":"product_tag-limpieza","14":"product_tag-oxido","16":"first","17":"instock","18":"taxable","19":"shipping-taxable","20":"purchasable","21":"product-type-simple"},"acf":[],"brands":[{"id":986,"name":"Foxed Care","slug":"foxed-care"}],"_links":{"self":[{"href":"https:\/\/karwork.eu\/it\/wp-json\/wp\/v2\/product\/18056","targetHints":{"allow":["GET"]}}],"collection":[{"href":"https:\/\/karwork.eu\/it\/wp-json\/wp\/v2\/product"}],"about":[{"href":"https:\/\/karwork.eu\/it\/wp-json\/wp\/v2\/types\/product"}],"replies":[{"embeddable":true,"href":"https:\/\/karwork.eu\/it\/wp-json\/wp\/v2\/comments?post=18056"}],"wp:featuredmedia":[{"embeddable":true,"href":"https:\/\/karwork.eu\/it\/wp-json\/wp\/v2\/media\/18057"}],"wp:attachment":[{"href":"https:\/\/karwork.eu\/it\/wp-json\/wp\/v2\/media?parent=18056"}],"wp:term":[{"taxonomy":"pwb-brand","embeddable":true,"href":"https:\/\/karwork.eu\/it\/wp-json\/wp\/v2\/pwb-brand?post=18056"},{"taxonomy":"product_cat","embeddable":true,"href":"https:\/\/karwork.eu\/it\/wp-json\/wp\/v2\/product_cat?post=18056"},{"taxonomy":"product_tag","embeddable":true,"href":"https:\/\/karwork.eu\/it\/wp-json\/wp\/v2\/product_tag?post=18056"}],"curies":[{"name":"wp","href":"https:\/\/api.w.org\/{rel}","templated":true}]}}