{"id":18046,"date":"2022-12-21T20:46:26","date_gmt":"2022-12-21T20:46:26","guid":{"rendered":"https:\/\/karwork.eu\/?post_type=product&#038;p=18046"},"modified":"2023-02-07T21:22:25","modified_gmt":"2023-02-07T21:22:25","slug":"carwrap-detailer-500ml","status":"publish","type":"product","link":"https:\/\/karwork.eu\/it\/product\/carwrap-detailer-500ml\/","title":{"rendered":"Detergente per CarWrap 500ml"},"content":{"rendered":"<h4><u>Propriet\u00e0:<\/u><\/h4>\n<ul>\n<li>Detailer para vinilos brillantes y mate<\/li>\n<li>Propriet\u00e0 idrofobiche \u2013 Perline<\/li>\n<li>Deja una superficie muy lisa<\/li>\n<li>Sin potenciadores del brillo.<\/li>\n<li>Utilizzare senza strisce o residui<\/li>\n<li>Para todas los vinilos brillantes y mates, independientemente del fabricante<\/li>\n<li>Rimuove lo sporco leggero come polvere, impronte, ecc.<\/li>\n<li>Adecuado para vinilos selladas y no selladas<\/li>\n<li>Preserva la superficie e riduce al minimo la contaminazione<\/li>\n<li>Perfetto per la preparazione di veicoli fissi o in occasione di eventi\/fiere<\/li>\n<\/ul>\n<h4><u>Applicazione:<\/u><\/h4>\n<ol>\n<li>Lavare e asciugare bene il veicolo<\/li>\n<li>Agitare bene la bottiglia in modo che gli ingredienti siano distribuiti.<\/li>\n<li>Superficie bagnata (superficie 30x30 cm circa, 1 spruzzo)<\/li>\n<li>Eliminaci\u00f3n de residuos con un pa\u00f1o de microfibra<\/li>\n<\/ol>\n<h4><u>Suggerimenti:<\/u><\/h4>\n<ul>\n<li>Non utilizzare il prodotto su superfici calde<\/li>\n<li>Non lasciare asciugare il prodotto<\/li>\n<li>Prova di idoneit\u00e0 prima dell&#039;uso su materiali atipici<\/li>\n<\/ul>\n<h4><u>Accessori consigliati:<\/u><\/h4>\n<ul>\n<li><a href=\"https:\/\/karwork.eu\/product\/foxedcare-join-toalla-multiuso-550gsm-40x40cm\/\">FoxedCare &#8211; Unir tela multiuso 500GSM 40x40cm<\/a><\/li>\n<\/ul>","protected":false},"excerpt":{"rendered":"<p>CarWrap Detailer de FoxedCare es un Quick Detailer especialmente desarrollado para veh\u00edculos vinilados.<br \/>\nTanto los vinilos brillantes como los mate se pueden mantener y proteger eficazmente con el CarWrap Detailer.<br \/>\nSus f\u00f3rmula de alta calidad garantizan un f\u00e1cil uso y preservan la pel\u00edcula para protegerla de los cambios ambientales.<br \/>\nEl CarWrap Detailer le da al vinilado una superficie notablemente lisa, repelente al agua y a la suciedad.<br \/>\nTambi\u00e9n se comporta suavemente con la pintura y el pl\u00e1stico.<br \/>\nPor lo tanto, tambi\u00e9n es ideal para veh\u00edculos parcialmente vinilados.<\/p>\n<p>Para un vinilado limpio y bien mantenido, tambi\u00e9n recomendamos nuestros otros productos de la serie CarWrap.<\/p>","protected":false},"featured_media":18047,"comment_status":"open","ping_status":"closed","template":"","meta":{"_acf_changed":false,"rank_math_lock_modified_date":false},"pwb-brand":[986],"product_cat":[1032,157],"product_tag":[990,1033,989,1273,987,992,991],"class_list":{"0":"post-18046","1":"product","2":"type-product","3":"status-publish","4":"has-post-thumbnail","6":"pwb-brand-foxed-care","7":"product_cat-especial-coches-wrap","8":"product_cat-limpieza-en-seco","9":"product_tag-carwrap","10":"product_tag-detailer","11":"product_tag-detailing","12":"product_tag-fcf41","13":"product_tag-foxed-care","14":"product_tag-vinilo","15":"product_tag-wrap","17":"first","18":"instock","19":"taxable","20":"shipping-taxable","21":"purchasable","22":"product-type-simple"},"acf":[],"brands":[{"id":986,"name":"Foxed Care","slug":"foxed-care"}],"_links":{"self":[{"href":"https:\/\/karwork.eu\/it\/wp-json\/wp\/v2\/product\/18046","targetHints":{"allow":["GET"]}}],"collection":[{"href":"https:\/\/karwork.eu\/it\/wp-json\/wp\/v2\/product"}],"about":[{"href":"https:\/\/karwork.eu\/it\/wp-json\/wp\/v2\/types\/product"}],"replies":[{"embeddable":true,"href":"https:\/\/karwork.eu\/it\/wp-json\/wp\/v2\/comments?post=18046"}],"wp:featuredmedia":[{"embeddable":true,"href":"https:\/\/karwork.eu\/it\/wp-json\/wp\/v2\/media\/18047"}],"wp:attachment":[{"href":"https:\/\/karwork.eu\/it\/wp-json\/wp\/v2\/media?parent=18046"}],"wp:term":[{"taxonomy":"pwb-brand","embeddable":true,"href":"https:\/\/karwork.eu\/it\/wp-json\/wp\/v2\/pwb-brand?post=18046"},{"taxonomy":"product_cat","embeddable":true,"href":"https:\/\/karwork.eu\/it\/wp-json\/wp\/v2\/product_cat?post=18046"},{"taxonomy":"product_tag","embeddable":true,"href":"https:\/\/karwork.eu\/it\/wp-json\/wp\/v2\/product_tag?post=18046"}],"curies":[{"name":"wp","href":"https:\/\/api.w.org\/{rel}","templated":true}]}}