{"id":18028,"date":"2022-12-21T18:16:32","date_gmt":"2022-12-21T18:16:32","guid":{"rendered":"https:\/\/karwork.eu\/?post_type=product&#038;p=18028"},"modified":"2023-02-07T21:36:16","modified_gmt":"2023-02-07T21:36:16","slug":"leather-care-cuidado-del-cuero-250ml","status":"publish","type":"product","link":"https:\/\/karwork.eu\/it\/product\/leather-care-cuidado-del-cuero-250ml\/","title":{"rendered":"Cura della pelle \u2013 cura della pelle 250ml"},"content":{"rendered":"<h4><u>Propriet\u00e0:<\/u><\/h4>\n<ul>\n<li>Adecuado para cualquier cuero, ya sea artificial o aut\u00e9ntico<\/li>\n<li>Adecuado para cuero que ya se usa mucho, as\u00ed como para nuevas superficies de cuero<\/li>\n<li>Restaura superficies de cuero de alta resistencia a condiciones perfectas<\/li>\n<li>Protege contra la contaminaci\u00f3n<\/li>\n<li>Protege contra la abrasi\u00f3n severa y la fragilidad<\/li>\n<li>Proporciona al cuero todos los ingredientes necesarios para una vida \u00fatil larga y cualitativa<\/li>\n<li>F\u00e1cil de dosificar gracias al inserto de tapa suministrado<\/li>\n<li>Muy productivo<\/li>\n<\/ul>\n<h4><u>Applicazione:<\/u><\/h4>\n<ol>\n<li>Agite la botella correctamente<\/li>\n<li>Coloque Leather Care en un aplicador<\/li>\n<li>Extienda el producto uniformemente sobre el cuero limpio y d\u00e9jelo actuar durante 2-3 minutos.<\/li>\n<li>Eliminar los residuos con un pa\u00f1o de microfibra<\/li>\n<li>El producto debe ventilarse en la superficie durante otros 30 minutos y no debe forzar.<\/li>\n<\/ol>\n<p>&nbsp;<\/p>\n<h4><u>Suggerimenti:<\/u><\/h4>\n<ul>\n<li>Non utilizzare il prodotto su superfici calde<\/li>\n<li>Non lasciare asciugare il prodotto<\/li>\n<li>Prova di idoneit\u00e0 prima dell&#039;uso su materiali atipici<\/li>\n<\/ul>","protected":false},"excerpt":{"rendered":"<p>Leather Care de FoxedCare es un cuidado de cuero basado en ingredientes complejos y de alta calidad. El producto es adecuado para cuero algo de desgaste, as\u00ed como para superficies de cuero casi nuevas. Leather Care garantiza que el cuero aumente en gran medida su vida \u00fatil, resalte el nuevo aspecto nuevamente cuando el cuero se usa mucho y protege la superficie de la suciedad nueva, as\u00ed como del aumento de la abrasi\u00f3n y la fragilidad. Con dosificador para facilitar su aplicaci\u00f3n.<\/p>\n<p>Para un resultado \u00f3ptimo, el cuero debe limpiarse de antemano. Para ello recomendamos nuestro FoxedCare &#8211; Espuma de cuero.<\/p>","protected":false},"featured_media":18030,"comment_status":"open","ping_status":"closed","template":"","meta":{"_acf_changed":false,"rank_math_lock_modified_date":false},"pwb-brand":[986],"product_cat":[147,157],"product_tag":[1038,989,1277,987,1012,997,1039,995],"class_list":{"0":"post-18028","1":"product","2":"type-product","3":"status-publish","4":"has-post-thumbnail","6":"pwb-brand-foxed-care","7":"product_cat-interior","8":"product_cat-limpieza-en-seco","9":"product_tag-cuero","10":"product_tag-detailing","11":"product_tag-fcf48","12":"product_tag-foxed-care","13":"product_tag-interior","14":"product_tag-lavado","15":"product_tag-leather","16":"product_tag-limpieza","18":"first","19":"instock","20":"taxable","21":"shipping-taxable","22":"purchasable","23":"product-type-simple"},"acf":[],"brands":[{"id":986,"name":"Foxed Care","slug":"foxed-care"}],"_links":{"self":[{"href":"https:\/\/karwork.eu\/it\/wp-json\/wp\/v2\/product\/18028","targetHints":{"allow":["GET"]}}],"collection":[{"href":"https:\/\/karwork.eu\/it\/wp-json\/wp\/v2\/product"}],"about":[{"href":"https:\/\/karwork.eu\/it\/wp-json\/wp\/v2\/types\/product"}],"replies":[{"embeddable":true,"href":"https:\/\/karwork.eu\/it\/wp-json\/wp\/v2\/comments?post=18028"}],"wp:featuredmedia":[{"embeddable":true,"href":"https:\/\/karwork.eu\/it\/wp-json\/wp\/v2\/media\/18030"}],"wp:attachment":[{"href":"https:\/\/karwork.eu\/it\/wp-json\/wp\/v2\/media?parent=18028"}],"wp:term":[{"taxonomy":"pwb-brand","embeddable":true,"href":"https:\/\/karwork.eu\/it\/wp-json\/wp\/v2\/pwb-brand?post=18028"},{"taxonomy":"product_cat","embeddable":true,"href":"https:\/\/karwork.eu\/it\/wp-json\/wp\/v2\/product_cat?post=18028"},{"taxonomy":"product_tag","embeddable":true,"href":"https:\/\/karwork.eu\/it\/wp-json\/wp\/v2\/product_tag?post=18028"}],"curies":[{"name":"wp","href":"https:\/\/api.w.org\/{rel}","templated":true}]}}